{"id":83833,"date":"2022-09-15T13:29:02","date_gmt":"2022-09-15T11:29:02","guid":{"rendered":"https:\/\/www.camping-aubeterre-sur-dronne.fr\/camping-aubeterre\/"},"modified":"2022-09-15T13:29:26","modified_gmt":"2022-09-15T11:29:26","slug":"camping-aubeterre","status":"publish","type":"page","link":"https:\/\/www.camping-aubeterre-sur-dronne.fr\/de\/camping-aubeterre\/","title":{"rendered":"Camping Aubeterre"},"content":{"rendered":"<div class=\"wpb-content-wrapper\"><p>[vc_row][vc_column width=&#8220;1\/1&#8243;][vc_custom_heading heading_semantic=&#8220;h1&#8243; text_size=&#8220;h1&#8243;]Camping Aubeterre[\/vc_custom_heading][vc_column_text]<br \/>\n<strong>Camping Aubeterre<\/strong><br \/>\nIm Departement Charente gelegen, bietet der Campingplatz Aubeterre einen gr\u00fcnen Urlaub im Einklang mit der Natur. Das Dorf Aubeterre sur Dronne gilt als eines der sch\u00f6nsten D\u00f6rfer Frankreichs und wird als kleine St\u00e4dte mit Charakter bezeichnet. Entdecken Sie die Kapellen und Kl\u00f6ster dieses alten religi\u00f6sen Dorfes, das einst von den Pilgern von Compostela besucht wurde. Auf dem Campingplatz Aubeterre untergebracht, haben Sie in wenigen Minuten die M\u00f6glichkeit, das Herz von Aubeterre sur Dronne f\u00fcr einen au\u00dfergew\u00f6hnlichen Besuch zu erreichen. Das Dorf hat ein ungew\u00f6hnliches Denkmal: die monolithische Kirche Saint-Jean, eine unterirdische Kirche in den Felsen gehauen. Am Rande des Campingplatzes Aubeterre erwarten Sie charmante Holzbalkone und terrassenf\u00f6rmige Gassen mit wei\u00dfen H\u00e4usern. Der untere Teil von Aubeterre sur Dronne bietet Platz f\u00fcr gesch\u00e4ftige Einkaufsstra\u00dfen.<\/p>\n<p>Dieses historische Dorf verf\u00fcgt \u00fcber einen Sandstrand am Ufer der Dronne und bietet viele Aktivit\u00e4ten (Kajak, Wandern, Reiten&#8230;). Sie finden auch den 3-Sterne-Campingplatz Aubeterre in einer entspannten Umgebung mit Zugang zum Strand. Der gro\u00dfe Platz im Zentrum des Dorfes Aubeterre ist mit Gesch\u00e4ften und K\u00fcnstlerateliers gef\u00fcllt, die w\u00e4hrend Ihres Urlaubs in Aubeterre sur Dronne eine totale Abwechslung bieten.<\/p>\n<p><strong>Die Unterk\u00fcnfte des Campingplatzes Aubeterre<\/strong><br \/>\nIm Herzen der Natur Charentaise bietet der Campingplatz Aubeterre die Vermietung von freien Stellpl\u00e4tzen f\u00fcr Ihr Zelt, Wohnwagen oder Wohnmobil. Auf jedem Stellplatz befindet sich ein Wasser- und Stromanschluss, der je nach Bedarf zus\u00e4tzlich zum Preis inbegriffen ist. Der Campingplatz Aubeterre verf\u00fcgt \u00fcber gro\u00dfe Stellpl\u00e4tze, auf denen Sie Ihren Urlaub im Freien optimal nutzen k\u00f6nnen. Der 3-Sterne-Campingplatz liegt auf einem 3 Hektar gro\u00dfen Park und verf\u00fcgt \u00fcber mehr als 90 Stellpl\u00e4tze. Mit der M\u00f6glichkeit, ein Fahrzeug auf dem Stellplatz zu parken, sind die \u00d6ffnungszeiten des Campingplatzes Aubeterre dennoch einzuhalten.<\/p>\n<p>Mobilheime und Bungalows \u00abSunair Lodge\u00bb k\u00f6nnen gemietet werden. F\u00fcr einen absolut erholsamen Aufenthalt buchen Sie eine dieser ungew\u00f6hnlichen Unterk\u00fcnfte. Erleben Sie die Emotionen des Campingplatzes in einer hochwertigen Unterkunft. Die Bungalows des Campingplatzes Aubeterre sind ausgestattet und bereit, Sie w\u00e4hrend Ihres Aufenthalts herzlich willkommen zu hei\u00dfen. Die Mobilheime verf\u00fcgen \u00fcber eine K\u00fcche, ein kleines Wohnzimmer und komfortable Zimmer.<\/p>\n<p>Es werden Reinigungsleistungen angeboten, Waschmaschinen und Trockner stehen Ihnen auf dem Campingplatz Aubeterre zur Verf\u00fcgung. Der Campingplatz bietet auch Abstellm\u00f6glichkeiten f\u00fcr Ihren Wohnwagen. Ein Bereich ist der Abwasserentsorgung Ihres Wohnmobils gewidmet. Bei einem Aufenthalt von mehr als 14 Tagen und f\u00fcr Gruppen wird ein Rabatt gew\u00e4hrt.[\/vc_column_text][\/vc_column][\/vc_row][vc_row][vc_column width=&#8220;1\/1&#8243;][vc_raw_html]Lg==[\/vc_raw_html][\/vc_column][\/vc_row]<\/p>\n<\/div>","protected":false},"excerpt":{"rendered":"<p>[vc_row][vc_column width=&#8220;1\/1&#8243;][vc_custom_heading heading_semantic=&#8220;h1&#8243; text_size=&#8220;h1&#8243;]Camping Aubeterre[\/vc_custom_heading][vc_column_text] Camping Aubeterre Im Departement Charente gelegen, bietet der Campingplatz Aubeterre einen gr\u00fcnen Urlaub im Einklang [&hellip;]<\/p>\n","protected":false},"author":2,"featured_media":0,"parent":0,"menu_order":0,"comment_status":"closed","ping_status":"closed","template":"","meta":{"footnotes":""},"class_list":["post-83833","page","type-page","status-publish","hentry"],"yoast_head":"<!-- This site is optimized with the Yoast SEO plugin v24.8.1 - https:\/\/yoast.com\/wordpress\/plugins\/seo\/ -->\n<title>Camping Aubeterre | Camping Aubeterre sur Dronne<\/title>\n<meta name=\"robots\" content=\"index, follow, max-snippet:-1, max-image-preview:large, max-video-preview:-1\" \/>\n<link rel=\"canonical\" href=\"https:\/\/www.camping-aubeterre-sur-dronne.fr\/de\/camping-aubeterre\/\" \/>\n<meta property=\"og:locale\" content=\"de_DE\" \/>\n<meta property=\"og:type\" content=\"article\" \/>\n<meta property=\"og:title\" content=\"Camping Aubeterre | Camping Aubeterre sur Dronne\" \/>\n<meta property=\"og:description\" content=\"[vc_row][vc_column width=&#8220;1\/1&#8243;][vc_custom_heading heading_semantic=&#8220;h1&#8243; text_size=&#8220;h1&#8243;]Camping Aubeterre[\/vc_custom_heading][vc_column_text] Camping Aubeterre Im Departement Charente gelegen, bietet der Campingplatz Aubeterre einen gr\u00fcnen Urlaub im Einklang [&hellip;]\" \/>\n<meta property=\"og:url\" content=\"https:\/\/www.camping-aubeterre-sur-dronne.fr\/de\/camping-aubeterre\/\" \/>\n<meta property=\"og:site_name\" content=\"Camping Aubeterre sur Dronne\" \/>\n<meta property=\"article:publisher\" content=\"https:\/\/www.facebook.com\/Camping-Aubeterre-Snack-de-la-plage-1280979968719503\/\" \/>\n<meta property=\"article:modified_time\" content=\"2022-09-15T11:29:26+00:00\" \/>\n<meta name=\"twitter:card\" content=\"summary_large_image\" \/>\n<meta name=\"twitter:label1\" content=\"Gesch\u00e4tzte Lesezeit\" \/>\n\t<meta name=\"twitter:data1\" content=\"2\u00a0Minuten\" \/>\n<script type=\"application\/ld+json\" class=\"yoast-schema-graph\">{\"@context\":\"https:\/\/schema.org\",\"@graph\":[{\"@type\":\"WebPage\",\"@id\":\"https:\/\/www.camping-aubeterre-sur-dronne.fr\/de\/camping-aubeterre\/\",\"url\":\"https:\/\/www.camping-aubeterre-sur-dronne.fr\/de\/camping-aubeterre\/\",\"name\":\"Camping Aubeterre | Camping Aubeterre sur Dronne\",\"isPartOf\":{\"@id\":\"https:\/\/www.camping-aubeterre-sur-dronne.fr\/de\/#website\"},\"datePublished\":\"2022-09-15T11:29:02+00:00\",\"dateModified\":\"2022-09-15T11:29:26+00:00\",\"breadcrumb\":{\"@id\":\"https:\/\/www.camping-aubeterre-sur-dronne.fr\/de\/camping-aubeterre\/#breadcrumb\"},\"inLanguage\":\"de\",\"potentialAction\":[{\"@type\":\"ReadAction\",\"target\":[\"https:\/\/www.camping-aubeterre-sur-dronne.fr\/de\/camping-aubeterre\/\"]}]},{\"@type\":\"BreadcrumbList\",\"@id\":\"https:\/\/www.camping-aubeterre-sur-dronne.fr\/de\/camping-aubeterre\/#breadcrumb\",\"itemListElement\":[{\"@type\":\"ListItem\",\"position\":1,\"name\":\"Accueil\",\"item\":\"https:\/\/www.camping-aubeterre-sur-dronne.fr\/de\/\"},{\"@type\":\"ListItem\",\"position\":2,\"name\":\"Camping Aubeterre\"}]},{\"@type\":\"WebSite\",\"@id\":\"https:\/\/www.camping-aubeterre-sur-dronne.fr\/de\/#website\",\"url\":\"https:\/\/www.camping-aubeterre-sur-dronne.fr\/de\/\",\"name\":\"Camping Aubeterre sur Dronne\",\"description\":\"Camping et base de loisirs\",\"publisher\":{\"@id\":\"https:\/\/www.camping-aubeterre-sur-dronne.fr\/de\/#organization\"},\"potentialAction\":[{\"@type\":\"SearchAction\",\"target\":{\"@type\":\"EntryPoint\",\"urlTemplate\":\"https:\/\/www.camping-aubeterre-sur-dronne.fr\/de\/?s={search_term_string}\"},\"query-input\":{\"@type\":\"PropertyValueSpecification\",\"valueRequired\":true,\"valueName\":\"search_term_string\"}}],\"inLanguage\":\"de\"},{\"@type\":\"Organization\",\"@id\":\"https:\/\/www.camping-aubeterre-sur-dronne.fr\/de\/#organization\",\"name\":\"Camping Aubeterre sur Dronne\",\"url\":\"https:\/\/www.camping-aubeterre-sur-dronne.fr\/de\/\",\"logo\":{\"@type\":\"ImageObject\",\"inLanguage\":\"de\",\"@id\":\"https:\/\/www.camping-aubeterre-sur-dronne.fr\/de\/#\/schema\/logo\/image\/\",\"url\":\"https:\/\/www.camping-aubeterre-sur-dronne.fr\/wp-content\/uploads\/2019\/05\/logo-camping.png\",\"contentUrl\":\"https:\/\/www.camping-aubeterre-sur-dronne.fr\/wp-content\/uploads\/2019\/05\/logo-camping.png\",\"width\":500,\"height\":260,\"caption\":\"Camping Aubeterre sur Dronne\"},\"image\":{\"@id\":\"https:\/\/www.camping-aubeterre-sur-dronne.fr\/de\/#\/schema\/logo\/image\/\"},\"sameAs\":[\"https:\/\/www.facebook.com\/Camping-Aubeterre-Snack-de-la-plage-1280979968719503\/\"]}]}<\/script>\n<!-- \/ Yoast SEO plugin. -->","yoast_head_json":{"title":"Camping Aubeterre | Camping Aubeterre sur Dronne","robots":{"index":"index","follow":"follow","max-snippet":"max-snippet:-1","max-image-preview":"max-image-preview:large","max-video-preview":"max-video-preview:-1"},"canonical":"https:\/\/www.camping-aubeterre-sur-dronne.fr\/de\/camping-aubeterre\/","og_locale":"de_DE","og_type":"article","og_title":"Camping Aubeterre | Camping Aubeterre sur Dronne","og_description":"[vc_row][vc_column width=&#8220;1\/1&#8243;][vc_custom_heading heading_semantic=&#8220;h1&#8243; text_size=&#8220;h1&#8243;]Camping Aubeterre[\/vc_custom_heading][vc_column_text] Camping Aubeterre Im Departement Charente gelegen, bietet der Campingplatz Aubeterre einen gr\u00fcnen Urlaub im Einklang [&hellip;]","og_url":"https:\/\/www.camping-aubeterre-sur-dronne.fr\/de\/camping-aubeterre\/","og_site_name":"Camping Aubeterre sur Dronne","article_publisher":"https:\/\/www.facebook.com\/Camping-Aubeterre-Snack-de-la-plage-1280979968719503\/","article_modified_time":"2022-09-15T11:29:26+00:00","twitter_card":"summary_large_image","twitter_misc":{"Gesch\u00e4tzte Lesezeit":"2\u00a0Minuten"},"schema":{"@context":"https:\/\/schema.org","@graph":[{"@type":"WebPage","@id":"https:\/\/www.camping-aubeterre-sur-dronne.fr\/de\/camping-aubeterre\/","url":"https:\/\/www.camping-aubeterre-sur-dronne.fr\/de\/camping-aubeterre\/","name":"Camping Aubeterre | Camping Aubeterre sur Dronne","isPartOf":{"@id":"https:\/\/www.camping-aubeterre-sur-dronne.fr\/de\/#website"},"datePublished":"2022-09-15T11:29:02+00:00","dateModified":"2022-09-15T11:29:26+00:00","breadcrumb":{"@id":"https:\/\/www.camping-aubeterre-sur-dronne.fr\/de\/camping-aubeterre\/#breadcrumb"},"inLanguage":"de","potentialAction":[{"@type":"ReadAction","target":["https:\/\/www.camping-aubeterre-sur-dronne.fr\/de\/camping-aubeterre\/"]}]},{"@type":"BreadcrumbList","@id":"https:\/\/www.camping-aubeterre-sur-dronne.fr\/de\/camping-aubeterre\/#breadcrumb","itemListElement":[{"@type":"ListItem","position":1,"name":"Accueil","item":"https:\/\/www.camping-aubeterre-sur-dronne.fr\/de\/"},{"@type":"ListItem","position":2,"name":"Camping Aubeterre"}]},{"@type":"WebSite","@id":"https:\/\/www.camping-aubeterre-sur-dronne.fr\/de\/#website","url":"https:\/\/www.camping-aubeterre-sur-dronne.fr\/de\/","name":"Camping Aubeterre sur Dronne","description":"Camping et base de loisirs","publisher":{"@id":"https:\/\/www.camping-aubeterre-sur-dronne.fr\/de\/#organization"},"potentialAction":[{"@type":"SearchAction","target":{"@type":"EntryPoint","urlTemplate":"https:\/\/www.camping-aubeterre-sur-dronne.fr\/de\/?s={search_term_string}"},"query-input":{"@type":"PropertyValueSpecification","valueRequired":true,"valueName":"search_term_string"}}],"inLanguage":"de"},{"@type":"Organization","@id":"https:\/\/www.camping-aubeterre-sur-dronne.fr\/de\/#organization","name":"Camping Aubeterre sur Dronne","url":"https:\/\/www.camping-aubeterre-sur-dronne.fr\/de\/","logo":{"@type":"ImageObject","inLanguage":"de","@id":"https:\/\/www.camping-aubeterre-sur-dronne.fr\/de\/#\/schema\/logo\/image\/","url":"https:\/\/www.camping-aubeterre-sur-dronne.fr\/wp-content\/uploads\/2019\/05\/logo-camping.png","contentUrl":"https:\/\/www.camping-aubeterre-sur-dronne.fr\/wp-content\/uploads\/2019\/05\/logo-camping.png","width":500,"height":260,"caption":"Camping Aubeterre sur Dronne"},"image":{"@id":"https:\/\/www.camping-aubeterre-sur-dronne.fr\/de\/#\/schema\/logo\/image\/"},"sameAs":["https:\/\/www.facebook.com\/Camping-Aubeterre-Snack-de-la-plage-1280979968719503\/"]}]}},"_links":{"self":[{"href":"https:\/\/www.camping-aubeterre-sur-dronne.fr\/de\/wp-json\/wp\/v2\/pages\/83833","targetHints":{"allow":["GET"]}}],"collection":[{"href":"https:\/\/www.camping-aubeterre-sur-dronne.fr\/de\/wp-json\/wp\/v2\/pages"}],"about":[{"href":"https:\/\/www.camping-aubeterre-sur-dronne.fr\/de\/wp-json\/wp\/v2\/types\/page"}],"author":[{"embeddable":true,"href":"https:\/\/www.camping-aubeterre-sur-dronne.fr\/de\/wp-json\/wp\/v2\/users\/2"}],"replies":[{"embeddable":true,"href":"https:\/\/www.camping-aubeterre-sur-dronne.fr\/de\/wp-json\/wp\/v2\/comments?post=83833"}],"version-history":[{"count":5,"href":"https:\/\/www.camping-aubeterre-sur-dronne.fr\/de\/wp-json\/wp\/v2\/pages\/83833\/revisions"}],"predecessor-version":[{"id":83841,"href":"https:\/\/www.camping-aubeterre-sur-dronne.fr\/de\/wp-json\/wp\/v2\/pages\/83833\/revisions\/83841"}],"wp:attachment":[{"href":"https:\/\/www.camping-aubeterre-sur-dronne.fr\/de\/wp-json\/wp\/v2\/media?parent=83833"}],"curies":[{"name":"wp","href":"https:\/\/api.w.org\/{rel}","templated":true}]}}