{"id":83851,"date":"2022-09-15T13:36:22","date_gmt":"2022-09-15T11:36:22","guid":{"rendered":"https:\/\/www.camping-aubeterre-sur-dronne.fr\/naturcampingplatz\/"},"modified":"2022-09-15T13:36:25","modified_gmt":"2022-09-15T11:36:25","slug":"naturcampingplatz","status":"publish","type":"page","link":"https:\/\/www.camping-aubeterre-sur-dronne.fr\/de\/naturcampingplatz\/","title":{"rendered":"Naturcampingplatz"},"content":{"rendered":"<div class=\"wpb-content-wrapper\"><p>[vc_row][vc_column width=&#8220;1\/1&#8243;][vc_custom_heading heading_semantic=&#8220;h1&#8243; text_size=&#8220;h1&#8243;]Naturcampingplatz[\/vc_custom_heading][vc_column_text]<br \/>\n<strong>Camping Nature, eine idyllische Umgebung<\/strong><br \/>\nInmitten der Natur genie\u00dfen Sie Ihren Urlaub im Herzen der Charentaise auf einem Naturcampingplatz. Stellen Sie Ihr Zelt, Ihren Wohnwagen oder Ihr Wohnmobil auf einem schattigen Grundst\u00fcck auf und bieten Sie direkten Zugang zum Wasser und zum Strand. Verbringen Sie einen Sommerurlaub am Rande der Dronne, mit Familie oder Freunden, der Naturcampingplatz bietet Ihnen eine idyllische Umgebung. Die Bungalows, ungew\u00f6hnliche Unterk\u00fcnfte des Campingplatzes, bieten Ihnen einen Aufenthalt in Harmonie mit der Natur und haben die Emotionen des Campingplatzes. Verbringen Sie einen erholsamen Urlaub im Freien, tanken Sie neue Energie in diesem gr\u00fcnen Bereich. Ein unvergesslicher Aufenthalt in einem der sch\u00f6nsten D\u00f6rfer Frankreichs und mit dem Label Petites Cit\u00e9s de Charakter.<\/p>\n<p><strong>Aktivit\u00e4ten in der Natur<\/strong><br \/>\nEntdecken Sie gr\u00fcne Landschaften bei Ihren Wander- und Mountainbiketouren oder bei einer Golf- oder Reitsession in der N\u00e4he des Naturcampingplatzes. Besuchen Sie die Thermen von Chassenon und seinen arch\u00e4ologischen Park. Genie\u00dfen Sie auch einen Moment der Entspannung bei einem Spaziergang auf dem Schlossgel\u00e4nde auf einer Klippe am Rande von Dronne. Der Naturcampingplatz verf\u00fcgt \u00fcber eine Freizeitanlage, die Sie f\u00fcr eine Partie Tennis, Volleyball oder Tischtennis willkommen hei\u00dft. Machen Sie einen Ausflug direkt vom Naturcampingplatz f\u00fcr eine Kajaktour auf der Dronne. Am Strand des Sees werden Wasseraktivit\u00e4ten angeboten. Verbringen Sie Ihre Tage in einem klaren und erfrischenden Wasser, einem sicheren Badebereich f\u00fcr eine gewisse Ruhe auf dem Naturcampingplatz. \u00dcberqueren Sie Wanderwege mit P\u00e9rigourdins-Landschaften und herrlichem Blick auf die Dronne.<\/p>\n<p><strong>Camping Nature, ein Urlaub der Entspannung<\/strong><br \/>\nTrennen Sie sich vom Alltag und verbringen Sie Ihren Urlaub auf dem Naturcampingplatz. Um sich wieder mit einer heiligen und exotischen Umgebung zu verbinden, verbringen Sie Ihren Urlaub an der K\u00fcste von Dronne auf diesem 3-Sterne-Campingplatz. Entdecken Sie faszinierende Landschaften und besuchen Sie das historische Dorf Aubeterre sur Dronne. Der Naturcampingplatz bietet Ihnen Ausfl\u00fcge in Harmonie mit der Natur, Wandern, Mountainbiken, Golf, Reiten und Kajakfahren auf der Dronne. Die Stellpl\u00e4tze des Campingplatzes sind so angeordnet, dass sie einen Bereich voller Gr\u00fcn bieten und durch Hecken getrennt sind. Verbringen Sie einen unvergesslichen Urlaub auf dem Campingplatz Natur mit Familie oder Freunden f\u00fcr einen absoluten Wellnessurlaub. Eine Bar-Restaurant auf dem Campingplatz erm\u00f6glicht es Ihnen, lebhafte Abende sowie eine Vielzahl von Gerichten und Aperitifs zu genie\u00dfen. Genie\u00dfen Sie k\u00f6stliche Gerichte auf der Terrasse des Bar-Restaurants am Ufer und in der N\u00e4he des Strandes. Der Naturcampingplatz verspricht Ihnen einen Urlaub im Einklang mit der Natur in einer gr\u00fcnen Umgebung voller Ruhe.[\/vc_column_text][\/vc_column][\/vc_row]<\/p>\n<\/div>","protected":false},"excerpt":{"rendered":"<p>[vc_row][vc_column width=&#8220;1\/1&#8243;][vc_custom_heading heading_semantic=&#8220;h1&#8243; text_size=&#8220;h1&#8243;]Naturcampingplatz[\/vc_custom_heading][vc_column_text] Camping Nature, eine idyllische Umgebung Inmitten der Natur genie\u00dfen Sie Ihren Urlaub im Herzen der Charentaise [&hellip;]<\/p>\n","protected":false},"author":2,"featured_media":0,"parent":0,"menu_order":0,"comment_status":"closed","ping_status":"closed","template":"","meta":{"footnotes":""},"class_list":["post-83851","page","type-page","status-publish","hentry"],"yoast_head":"<!-- This site is optimized with the Yoast SEO plugin v24.8.1 - https:\/\/yoast.com\/wordpress\/plugins\/seo\/ -->\n<title>Naturcampingplatz | Camping Aubeterre sur Dronne<\/title>\n<meta name=\"robots\" content=\"index, follow, max-snippet:-1, max-image-preview:large, max-video-preview:-1\" \/>\n<link rel=\"canonical\" href=\"https:\/\/www.camping-aubeterre-sur-dronne.fr\/de\/naturcampingplatz\/\" \/>\n<meta property=\"og:locale\" content=\"de_DE\" \/>\n<meta property=\"og:type\" content=\"article\" \/>\n<meta property=\"og:title\" content=\"Naturcampingplatz | Camping Aubeterre sur Dronne\" \/>\n<meta property=\"og:description\" content=\"[vc_row][vc_column width=&#8220;1\/1&#8243;][vc_custom_heading heading_semantic=&#8220;h1&#8243; text_size=&#8220;h1&#8243;]Naturcampingplatz[\/vc_custom_heading][vc_column_text] Camping Nature, eine idyllische Umgebung Inmitten der Natur genie\u00dfen Sie Ihren Urlaub im Herzen der Charentaise [&hellip;]\" \/>\n<meta property=\"og:url\" content=\"https:\/\/www.camping-aubeterre-sur-dronne.fr\/de\/naturcampingplatz\/\" \/>\n<meta property=\"og:site_name\" content=\"Camping Aubeterre sur Dronne\" \/>\n<meta property=\"article:publisher\" content=\"https:\/\/www.facebook.com\/Camping-Aubeterre-Snack-de-la-plage-1280979968719503\/\" \/>\n<meta property=\"article:modified_time\" content=\"2022-09-15T11:36:25+00:00\" \/>\n<meta name=\"twitter:card\" content=\"summary_large_image\" \/>\n<meta name=\"twitter:label1\" content=\"Gesch\u00e4tzte Lesezeit\" \/>\n\t<meta name=\"twitter:data1\" content=\"2\u00a0Minuten\" \/>\n<script type=\"application\/ld+json\" class=\"yoast-schema-graph\">{\"@context\":\"https:\/\/schema.org\",\"@graph\":[{\"@type\":\"WebPage\",\"@id\":\"https:\/\/www.camping-aubeterre-sur-dronne.fr\/de\/naturcampingplatz\/\",\"url\":\"https:\/\/www.camping-aubeterre-sur-dronne.fr\/de\/naturcampingplatz\/\",\"name\":\"Naturcampingplatz | Camping Aubeterre sur Dronne\",\"isPartOf\":{\"@id\":\"https:\/\/www.camping-aubeterre-sur-dronne.fr\/de\/#website\"},\"datePublished\":\"2022-09-15T11:36:22+00:00\",\"dateModified\":\"2022-09-15T11:36:25+00:00\",\"breadcrumb\":{\"@id\":\"https:\/\/www.camping-aubeterre-sur-dronne.fr\/de\/naturcampingplatz\/#breadcrumb\"},\"inLanguage\":\"de\",\"potentialAction\":[{\"@type\":\"ReadAction\",\"target\":[\"https:\/\/www.camping-aubeterre-sur-dronne.fr\/de\/naturcampingplatz\/\"]}]},{\"@type\":\"BreadcrumbList\",\"@id\":\"https:\/\/www.camping-aubeterre-sur-dronne.fr\/de\/naturcampingplatz\/#breadcrumb\",\"itemListElement\":[{\"@type\":\"ListItem\",\"position\":1,\"name\":\"Accueil\",\"item\":\"https:\/\/www.camping-aubeterre-sur-dronne.fr\/de\/\"},{\"@type\":\"ListItem\",\"position\":2,\"name\":\"Naturcampingplatz\"}]},{\"@type\":\"WebSite\",\"@id\":\"https:\/\/www.camping-aubeterre-sur-dronne.fr\/de\/#website\",\"url\":\"https:\/\/www.camping-aubeterre-sur-dronne.fr\/de\/\",\"name\":\"Camping Aubeterre sur Dronne\",\"description\":\"Camping et base de loisirs\",\"publisher\":{\"@id\":\"https:\/\/www.camping-aubeterre-sur-dronne.fr\/de\/#organization\"},\"potentialAction\":[{\"@type\":\"SearchAction\",\"target\":{\"@type\":\"EntryPoint\",\"urlTemplate\":\"https:\/\/www.camping-aubeterre-sur-dronne.fr\/de\/?s={search_term_string}\"},\"query-input\":{\"@type\":\"PropertyValueSpecification\",\"valueRequired\":true,\"valueName\":\"search_term_string\"}}],\"inLanguage\":\"de\"},{\"@type\":\"Organization\",\"@id\":\"https:\/\/www.camping-aubeterre-sur-dronne.fr\/de\/#organization\",\"name\":\"Camping Aubeterre sur Dronne\",\"url\":\"https:\/\/www.camping-aubeterre-sur-dronne.fr\/de\/\",\"logo\":{\"@type\":\"ImageObject\",\"inLanguage\":\"de\",\"@id\":\"https:\/\/www.camping-aubeterre-sur-dronne.fr\/de\/#\/schema\/logo\/image\/\",\"url\":\"https:\/\/www.camping-aubeterre-sur-dronne.fr\/wp-content\/uploads\/2019\/05\/logo-camping.png\",\"contentUrl\":\"https:\/\/www.camping-aubeterre-sur-dronne.fr\/wp-content\/uploads\/2019\/05\/logo-camping.png\",\"width\":500,\"height\":260,\"caption\":\"Camping Aubeterre sur Dronne\"},\"image\":{\"@id\":\"https:\/\/www.camping-aubeterre-sur-dronne.fr\/de\/#\/schema\/logo\/image\/\"},\"sameAs\":[\"https:\/\/www.facebook.com\/Camping-Aubeterre-Snack-de-la-plage-1280979968719503\/\"]}]}<\/script>\n<!-- \/ Yoast SEO plugin. -->","yoast_head_json":{"title":"Naturcampingplatz | Camping Aubeterre sur Dronne","robots":{"index":"index","follow":"follow","max-snippet":"max-snippet:-1","max-image-preview":"max-image-preview:large","max-video-preview":"max-video-preview:-1"},"canonical":"https:\/\/www.camping-aubeterre-sur-dronne.fr\/de\/naturcampingplatz\/","og_locale":"de_DE","og_type":"article","og_title":"Naturcampingplatz | Camping Aubeterre sur Dronne","og_description":"[vc_row][vc_column width=&#8220;1\/1&#8243;][vc_custom_heading heading_semantic=&#8220;h1&#8243; text_size=&#8220;h1&#8243;]Naturcampingplatz[\/vc_custom_heading][vc_column_text] Camping Nature, eine idyllische Umgebung Inmitten der Natur genie\u00dfen Sie Ihren Urlaub im Herzen der Charentaise [&hellip;]","og_url":"https:\/\/www.camping-aubeterre-sur-dronne.fr\/de\/naturcampingplatz\/","og_site_name":"Camping Aubeterre sur Dronne","article_publisher":"https:\/\/www.facebook.com\/Camping-Aubeterre-Snack-de-la-plage-1280979968719503\/","article_modified_time":"2022-09-15T11:36:25+00:00","twitter_card":"summary_large_image","twitter_misc":{"Gesch\u00e4tzte Lesezeit":"2\u00a0Minuten"},"schema":{"@context":"https:\/\/schema.org","@graph":[{"@type":"WebPage","@id":"https:\/\/www.camping-aubeterre-sur-dronne.fr\/de\/naturcampingplatz\/","url":"https:\/\/www.camping-aubeterre-sur-dronne.fr\/de\/naturcampingplatz\/","name":"Naturcampingplatz | Camping Aubeterre sur Dronne","isPartOf":{"@id":"https:\/\/www.camping-aubeterre-sur-dronne.fr\/de\/#website"},"datePublished":"2022-09-15T11:36:22+00:00","dateModified":"2022-09-15T11:36:25+00:00","breadcrumb":{"@id":"https:\/\/www.camping-aubeterre-sur-dronne.fr\/de\/naturcampingplatz\/#breadcrumb"},"inLanguage":"de","potentialAction":[{"@type":"ReadAction","target":["https:\/\/www.camping-aubeterre-sur-dronne.fr\/de\/naturcampingplatz\/"]}]},{"@type":"BreadcrumbList","@id":"https:\/\/www.camping-aubeterre-sur-dronne.fr\/de\/naturcampingplatz\/#breadcrumb","itemListElement":[{"@type":"ListItem","position":1,"name":"Accueil","item":"https:\/\/www.camping-aubeterre-sur-dronne.fr\/de\/"},{"@type":"ListItem","position":2,"name":"Naturcampingplatz"}]},{"@type":"WebSite","@id":"https:\/\/www.camping-aubeterre-sur-dronne.fr\/de\/#website","url":"https:\/\/www.camping-aubeterre-sur-dronne.fr\/de\/","name":"Camping Aubeterre sur Dronne","description":"Camping et base de loisirs","publisher":{"@id":"https:\/\/www.camping-aubeterre-sur-dronne.fr\/de\/#organization"},"potentialAction":[{"@type":"SearchAction","target":{"@type":"EntryPoint","urlTemplate":"https:\/\/www.camping-aubeterre-sur-dronne.fr\/de\/?s={search_term_string}"},"query-input":{"@type":"PropertyValueSpecification","valueRequired":true,"valueName":"search_term_string"}}],"inLanguage":"de"},{"@type":"Organization","@id":"https:\/\/www.camping-aubeterre-sur-dronne.fr\/de\/#organization","name":"Camping Aubeterre sur Dronne","url":"https:\/\/www.camping-aubeterre-sur-dronne.fr\/de\/","logo":{"@type":"ImageObject","inLanguage":"de","@id":"https:\/\/www.camping-aubeterre-sur-dronne.fr\/de\/#\/schema\/logo\/image\/","url":"https:\/\/www.camping-aubeterre-sur-dronne.fr\/wp-content\/uploads\/2019\/05\/logo-camping.png","contentUrl":"https:\/\/www.camping-aubeterre-sur-dronne.fr\/wp-content\/uploads\/2019\/05\/logo-camping.png","width":500,"height":260,"caption":"Camping Aubeterre sur Dronne"},"image":{"@id":"https:\/\/www.camping-aubeterre-sur-dronne.fr\/de\/#\/schema\/logo\/image\/"},"sameAs":["https:\/\/www.facebook.com\/Camping-Aubeterre-Snack-de-la-plage-1280979968719503\/"]}]}},"_links":{"self":[{"href":"https:\/\/www.camping-aubeterre-sur-dronne.fr\/de\/wp-json\/wp\/v2\/pages\/83851","targetHints":{"allow":["GET"]}}],"collection":[{"href":"https:\/\/www.camping-aubeterre-sur-dronne.fr\/de\/wp-json\/wp\/v2\/pages"}],"about":[{"href":"https:\/\/www.camping-aubeterre-sur-dronne.fr\/de\/wp-json\/wp\/v2\/types\/page"}],"author":[{"embeddable":true,"href":"https:\/\/www.camping-aubeterre-sur-dronne.fr\/de\/wp-json\/wp\/v2\/users\/2"}],"replies":[{"embeddable":true,"href":"https:\/\/www.camping-aubeterre-sur-dronne.fr\/de\/wp-json\/wp\/v2\/comments?post=83851"}],"version-history":[{"count":5,"href":"https:\/\/www.camping-aubeterre-sur-dronne.fr\/de\/wp-json\/wp\/v2\/pages\/83851\/revisions"}],"predecessor-version":[{"id":83856,"href":"https:\/\/www.camping-aubeterre-sur-dronne.fr\/de\/wp-json\/wp\/v2\/pages\/83851\/revisions\/83856"}],"wp:attachment":[{"href":"https:\/\/www.camping-aubeterre-sur-dronne.fr\/de\/wp-json\/wp\/v2\/media?parent=83851"}],"curies":[{"name":"wp","href":"https:\/\/api.w.org\/{rel}","templated":true}]}}