{"id":83878,"date":"2022-09-15T14:15:59","date_gmt":"2022-09-15T12:15:59","guid":{"rendered":"https:\/\/www.camping-aubeterre-sur-dronne.fr\/campingplatz\/"},"modified":"2022-09-15T14:16:02","modified_gmt":"2022-09-15T12:16:02","slug":"campingplatz","status":"publish","type":"page","link":"https:\/\/www.camping-aubeterre-sur-dronne.fr\/de\/campingplatz\/","title":{"rendered":"Campingplatz"},"content":{"rendered":"<div class=\"wpb-content-wrapper\"><p>[vc_row][vc_column column_width_percent=&#8220;100&#8243; align_horizontal=&#8220;align_center&#8220; gutter_size=&#8220;2&#8243; overlay_alpha=&#8220;50&#8243; shift_x=&#8220;0&#8243; shift_y=&#8220;0&#8243; shift_y_down=&#8220;0&#8243; z_index=&#8220;0&#8243; medium_width=&#8220;0&#8243; mobile_width=&#8220;0&#8243; width=&#8220;1\/1&#8243;][vc_row_inner row_inner_height_percent=&#8220;0&#8243; overlay_alpha=&#8220;50&#8243; gutter_size=&#8220;0&#8243; shift_y=&#8220;0&#8243; z_index=&#8220;0&#8243;][vc_column_inner column_width_percent=&#8220;100&#8243; position_horizontal=&#8220;right&#8220; position_vertical=&#8220;middle&#8220; align_horizontal=&#8220;align_right&#8220; gutter_size=&#8220;3&#8243; overlay_alpha=&#8220;50&#8243; shift_x=&#8220;0&#8243; shift_y=&#8220;0&#8243; shift_y_down=&#8220;0&#8243; z_index=&#8220;0&#8243; medium_width=&#8220;0&#8243; mobile_width=&#8220;0&#8243; width=&#8220;1\/3&#8243;][\/vc_column_inner][vc_column_inner column_width_percent=&#8220;100&#8243; position_vertical=&#8220;middle&#8220; align_horizontal=&#8220;align_center&#8220; gutter_size=&#8220;3&#8243; overlay_alpha=&#8220;50&#8243; shift_x=&#8220;0&#8243; shift_y=&#8220;0&#8243; shift_y_down=&#8220;0&#8243; z_index=&#8220;0&#8243; medium_width=&#8220;4&#8243; mobile_width=&#8220;0&#8243; width=&#8220;1\/3&#8243;][vc_single_image media=&#8220;80190&#8243; media_width_percent=&#8220;100&#8243; alignment=&#8220;center&#8220;][\/vc_column_inner][vc_column_inner column_width_percent=&#8220;100&#8243; position_horizontal=&#8220;left&#8220; position_vertical=&#8220;middle&#8220; gutter_size=&#8220;3&#8243; overlay_alpha=&#8220;50&#8243; shift_x=&#8220;0&#8243; shift_y=&#8220;0&#8243; shift_y_down=&#8220;0&#8243; z_index=&#8220;0&#8243; medium_width=&#8220;0&#8243; mobile_width=&#8220;0&#8243; width=&#8220;1\/3&#8243;][\/vc_column_inner][\/vc_row_inner][vc_row_inner][vc_column_inner width=&#8220;1\/4&#8243;][\/vc_column_inner][vc_column_inner column_width_percent=&#8220;100&#8243; align_horizontal=&#8220;align_center&#8220; gutter_size=&#8220;3&#8243; overlay_alpha=&#8220;50&#8243; shift_x=&#8220;0&#8243; shift_y=&#8220;0&#8243; shift_y_down=&#8220;0&#8243; z_index=&#8220;0&#8243; medium_width=&#8220;0&#8243; mobile_width=&#8220;0&#8243; width=&#8220;1\/2&#8243;][\/vc_column_inner][vc_column_inner width=&#8220;1\/4&#8243;][\/vc_column_inner][\/vc_row_inner][\/vc_column][\/vc_row][vc_row row_height_percent=&#8220;0&#8243; back_color=&#8220;color-492783&#8243; overlay_alpha=&#8220;50&#8243; gutter_size=&#8220;3&#8243; column_width_percent=&#8220;100&#8243; shift_y=&#8220;0&#8243; z_index=&#8220;0&#8243;][vc_column column_width_percent=&#8220;100&#8243; gutter_size=&#8220;3&#8243; style=&#8220;dark&#8220; overlay_alpha=&#8220;50&#8243; shift_x=&#8220;0&#8243; shift_y=&#8220;0&#8243; shift_y_down=&#8220;0&#8243; z_index=&#8220;3&#8243; medium_width=&#8220;4&#8243; mobile_width=&#8220;0&#8243; width=&#8220;1\/2&#8243;][vc_custom_heading text_size=&#8220;h6&#8243; separator=&#8220;yes&#8220; separator_color=&#8220;yes&#8220;]Entdecken Sie unseren Campingplatz[\/vc_custom_heading][vc_column_text]Der Campingplatz Paradis Aubeterre empf\u00e4ngt Sie in einer gr\u00fcnen Umgebung, die vom Fluss &#8222;LA DRONNE&#8220; mit seinem ausgebauten Strand begrenzt wird, wo es gut ist, sicher zu baden (Schwimmen \u00fcberwacht nach Datum). Zwischen den Departements Charente und Dordogne gelegen, finden Sie sehr abwechslungsreiche Landschaften und ein Erholungsgebiet.<\/p>\n<p>Mit 17 MOBIL-HOME, 8 BAGALOWS LEINW\u00c4NDE und 70 nackten Stellpl\u00e4tzen auf einem schattigen Grundst\u00fcck mit direktem Zugang zum Strand von Dronne und zur Terrasse des Snack-Bar Restaurant le PARAD&#8217;ICE.<\/p>\n<p>Verbringen Sie Ihren Urlaub auf dem Campingplatz Aubeterre sur Dronne mit Wohnmobil, Wohnwagen, Zelt, Mobilheim oder Bungalow. Der Campingplatz bietet Aktivit\u00e4ten wie Kajakfahren in der N\u00e4he des Anwesens, Tennis, Volleyball, Tischtennis und Mountainbiken und die M\u00f6glichkeit, im Fluss zu angeln. Themenabende und Animationen werden auf dem Campingplatz organisiert. Nur wenige Kilometer vom Campingplatz Aubeterre entfernt finden Sie Wander-, Golf- und Reitm\u00f6glichkeiten[\/vc_column_text][vc_button button_color=&#8220;color-140462&#8243; size=&#8220;btn-xl&#8220; border_width=&#8220;0&#8243; link=&#8220;url:http%3A%2F%2Fthelisresa.webcamp.fr%2F%3Fcamping%3Daubeterre|target:_blank|&#8220;]Buchen Sie hier![\/vc_button][vc_single_image media=&#8220;80925&#8243; media_width_percent=&#8220;100&#8243; alignment=&#8220;center&#8220;][\/vc_column][vc_column column_width_percent=&#8220;100&#8243; gutter_size=&#8220;3&#8243; overlay_alpha=&#8220;50&#8243; shift_x=&#8220;-5&#8243; shift_y=&#8220;5&#8243; shift_y_down=&#8220;0&#8243; z_index=&#8220;0&#8243; medium_width=&#8220;4&#8243; mobile_width=&#8220;0&#8243; width=&#8220;1\/2&#8243;][vc_empty_space empty_h=&#8220;5&#8243;][vc_single_image media=&#8220;229&#8243; media_width_percent=&#8220;79&#8243; alignment=&#8220;right&#8220;][\/vc_column][\/vc_row][vc_row row_height_percent=&#8220;0&#8243; back_image=&#8220;89&#8243; overlay_alpha=&#8220;50&#8243; gutter_size=&#8220;3&#8243; column_width_percent=&#8220;100&#8243; shift_y=&#8220;0&#8243; z_index=&#8220;0&#8243;][vc_column width=&#8220;1\/1&#8243;][vc_custom_heading text_size=&#8220;h6&#8243; separator=&#8220;yes&#8220; separator_color=&#8220;yes&#8220;]<\/p>\n<h1 style=\"text-align: center;\"><span class=\"font-162991\">unsere Unterk\u00fcnfte<\/span><\/h1>\n<p>[\/vc_custom_heading][vc_single_image media=&#8220;46&#8243; media_width_percent=&#8220;35&#8243; alignment=&#8220;center&#8220;][vc_row_inner row_inner_height_percent=&#8220;0&#8243; overlay_alpha=&#8220;50&#8243; equal_height=&#8220;yes&#8220; gutter_size=&#8220;3&#8243; shift_y=&#8220;0&#8243; z_index=&#8220;0&#8243;][vc_column_inner column_width_percent=&#8220;100&#8243; gutter_size=&#8220;3&#8243; overlay_alpha=&#8220;50&#8243; shift_x=&#8220;0&#8243; shift_y=&#8220;0&#8243; shift_y_down=&#8220;0&#8243; z_index=&#8220;0&#8243; medium_width=&#8220;4&#8243; mobile_width=&#8220;0&#8243; width=&#8220;5\/12&#8243;][vc_custom_heading text_size=&#8220;h6&#8243; separator=&#8220;yes&#8220; separator_color=&#8220;yes&#8220;]freien Parkplatz[\/vc_custom_heading][vc_column_text]Der Campingplatz bietet 70 Stellpl\u00e4tze mit einer geschlossenen Fl\u00e4che, flach von mindestens 100M2.<\/p>\n<p>Alle Stellpl\u00e4tze befinden sich in der N\u00e4he eines Stromanschlusses und einer Wasserstelle und sind sehr schattig, m\u00e4\u00dfig oder gar nicht, je nach Bedarf.<\/p>\n<p>Mit Wohnmobil, Van, Wohnwagen oder Zelt finden Sie zweifellos den idealen Standort f\u00fcr einen unvergesslichen Aufenthalt![\/vc_column_text][vc_button button_color=&#8220;color-140462&#8243; size=&#8220;btn-xl&#8220; border_width=&#8220;0&#8243; link=&#8220;url:http%3A%2F%2Fthelisresa.webcamp.fr%2F%3Fcamping%3Daubeterre|target:_blank|&#8220;]Buchen Sie hier![\/vc_button][\/vc_column_inner][vc_column_inner column_width_percent=&#8220;100&#8243; position_vertical=&#8220;middle&#8220; gutter_size=&#8220;3&#8243; overlay_alpha=&#8220;50&#8243; shift_x=&#8220;0&#8243; shift_y=&#8220;0&#8243; shift_y_down=&#8220;0&#8243; z_index=&#8220;0&#8243; medium_width=&#8220;4&#8243; mobile_width=&#8220;0&#8243; width=&#8220;7\/12&#8243;][vc_single_image media=&#8220;79047&#8243; media_width_percent=&#8220;100&#8243; alignment=&#8220;right&#8220; css_animation=&#8220;right-t-left&#8220; animation_speed=&#8220;800&#8243;][\/vc_column_inner][\/vc_row_inner][\/vc_column][\/vc_row][vc_row row_height_percent=&#8220;0&#8243; overlay_alpha=&#8220;50&#8243; gutter_size=&#8220;3&#8243; column_width_percent=&#8220;100&#8243; shift_y=&#8220;0&#8243; z_index=&#8220;0&#8243;][vc_column width=&#8220;1\/1&#8243;][vc_row_inner row_inner_height_percent=&#8220;0&#8243; overlay_alpha=&#8220;50&#8243; equal_height=&#8220;yes&#8220; gutter_size=&#8220;3&#8243; shift_y=&#8220;0&#8243; z_index=&#8220;0&#8243;][vc_column_inner column_width_percent=&#8220;100&#8243; position_vertical=&#8220;middle&#8220; gutter_size=&#8220;3&#8243; overlay_alpha=&#8220;50&#8243; shift_x=&#8220;0&#8243; shift_y=&#8220;0&#8243; shift_y_down=&#8220;0&#8243; z_index=&#8220;0&#8243; medium_width=&#8220;4&#8243; mobile_width=&#8220;0&#8243; width=&#8220;7\/12&#8243;][vc_single_image media=&#8220;79054&#8243; media_width_percent=&#8220;100&#8243; css_animation=&#8220;right-t-left&#8220; animation_speed=&#8220;800&#8243;][\/vc_column_inner][vc_column_inner column_width_percent=&#8220;100&#8243; gutter_size=&#8220;3&#8243; overlay_alpha=&#8220;50&#8243; shift_x=&#8220;0&#8243; shift_y=&#8220;0&#8243; shift_y_down=&#8220;0&#8243; z_index=&#8220;0&#8243; medium_width=&#8220;4&#8243; mobile_width=&#8220;0&#8243; width=&#8220;5\/12&#8243;][vc_custom_heading text_size=&#8220;h6&#8243; separator=&#8220;yes&#8220; separator_color=&#8220;yes&#8220;]Zeltbungalow &#8222;Sunair Lodge&#8220;[\/vc_custom_heading][vc_column_text]Unsere 8 Bungalows bieten Platz f\u00fcr bis zu 6 Personen, sie sind mit zwei Schlafzimmern mit Bettw\u00e4sche ausgestattet, 1 Zustellbett kann bei Bedarf aufgestellt werden.<\/p>\n<p>In der K\u00fcche: Herd, Mikrowelle, K\u00fchlschrank, Kaffeemaschine stehen zur Verf\u00fcgung.<\/p>\n<p>Sie werden Ihren Aufenthalt als Camper lieben, aber mit dem Komfort dazu![\/vc_column_text][vc_button button_color=&#8220;color-140462&#8243; size=&#8220;btn-xl&#8220; border_width=&#8220;0&#8243; link=&#8220;url:http%3A%2F%2Fthelisresa.webcamp.fr%2F%3Fcamping%3Daubeterre|target:_blank|&#8220;]Buchen Sie hier![\/vc_button][\/vc_column_inner][\/vc_row_inner][\/vc_column][\/vc_row][vc_row row_height_percent=&#8220;0&#8243; back_image=&#8220;89&#8243; overlay_alpha=&#8220;50&#8243; gutter_size=&#8220;3&#8243; column_width_percent=&#8220;100&#8243; shift_y=&#8220;0&#8243; z_index=&#8220;0&#8243;][vc_column width=&#8220;1\/1&#8243;][vc_row_inner row_inner_height_percent=&#8220;0&#8243; overlay_alpha=&#8220;50&#8243; equal_height=&#8220;yes&#8220; gutter_size=&#8220;3&#8243; shift_y=&#8220;0&#8243; z_index=&#8220;0&#8243;][vc_column_inner column_width_percent=&#8220;100&#8243; gutter_size=&#8220;3&#8243; overlay_alpha=&#8220;50&#8243; shift_x=&#8220;0&#8243; shift_y=&#8220;0&#8243; shift_y_down=&#8220;0&#8243; z_index=&#8220;0&#8243; medium_width=&#8220;4&#8243; mobile_width=&#8220;0&#8243; width=&#8220;5\/12&#8243;][vc_custom_heading text_size=&#8220;h6&#8243; separator=&#8220;yes&#8220; separator_color=&#8220;yes&#8220;]Mobilheim[\/vc_custom_heading][vc_column_text]<textarea class=\"ghost__textarea ghost__textarea__show ng-pristine ng-valid ng-star-inserted ng-touched\" spellcheck=\"false\">&lt;div&gt;F\u00fcr einen Urlaub im Freien mit maximalem Komfort sind unsere MOBILHEIME komplett ausgestattet, damit Sie einen Traumurlaub verbringen k\u00f6nnen!<\/p>\n<p>2 oder 3 Schlafzimmer und Schlafsofa je nach Modell, die Mobilheime bieten Platz f\u00fcr bis zu 6 Personen.<\/p>\n<p>Ein echtes kleines Landhaus mit K\u00fcche, Wohnzimmer, Bad und WC.<\/p>\n<p>Alle unsere MOBILHEIME sind mit einer Terrasse mit Gartenm\u00f6beln ausgestattet.<\/p>\n<p>Entscheiden Sie sich f\u00fcr den Urlaub mit Familie oder Freunden f\u00fcr das DUO-TRIBU: 2 Mobilheime, die durch eine gemeinsame Terrasse verbunden sind! Treffen Sie bis zu 10 Personen und verbringen Sie einen unvergesslichen Aufenthalt!&lt;\/div&gt;<\/textarea><\/p>\n<div class=\"sentence-wrapper sentence-wrapper_target ng-star-inserted\"><span class=\"ng-star-inserted\" data-index=\"0\">F\u00fcr einen Urlaub im Freien mit maximalem Komfort sind unsere MOBILHEIME komplett ausgestattet, damit Sie einen Traumurlaub verbringen k\u00f6nnen!<\/p>\n<p><\/span><span class=\"ng-star-inserted\" data-index=\"1\">2 oder 3 Schlafzimmer und Schlafsofa je nach Modell, die Mobilheime bieten Platz f\u00fcr bis zu 6 Personen.<\/p>\n<p><\/span><span class=\"ng-star-inserted\" data-index=\"2\">Ein echtes kleines Landhaus mit K\u00fcche, Wohnzimmer, Bad und WC.<\/p>\n<p><\/span><span class=\"ng-star-inserted\" data-index=\"3\">Alle unsere MOBILHEIME sind mit einer Terrasse mit Gartenm\u00f6beln ausgestattet.<\/p>\n<p><\/span><span class=\"ng-star-inserted\" data-index=\"4\">Entscheiden Sie sich f\u00fcr den Urlaub mit Familie oder Freunden f\u00fcr das DUO-TRIBU: 2 Mobilheime, die durch eine gemeinsame Terrasse verbunden sind! <\/span><span class=\"ng-star-inserted\" data-index=\"5\">Treffen Sie bis zu 10 Personen und verbringen Sie einen unvergesslichen Aufenthalt!<\/span><\/div>\n<p>[\/vc_column_text][vc_button button_color=&#8220;color-140462&#8243; size=&#8220;btn-xl&#8220; border_width=&#8220;0&#8243; link=&#8220;url:http%3A%2F%2Fthelisresa.webcamp.fr%2F%3Fcamping%3Daubeterre|target:_blank|&#8220;]Buchen Sie hier![\/vc_button][\/vc_column_inner][vc_column_inner column_width_percent=&#8220;100&#8243; position_vertical=&#8220;middle&#8220; gutter_size=&#8220;3&#8243; overlay_alpha=&#8220;50&#8243; shift_x=&#8220;0&#8243; shift_y=&#8220;0&#8243; shift_y_down=&#8220;0&#8243; z_index=&#8220;0&#8243; medium_width=&#8220;4&#8243; mobile_width=&#8220;0&#8243; width=&#8220;7\/12&#8243;][vc_single_image media=&#8220;81123&#8243; media_width_percent=&#8220;100&#8243; css_animation=&#8220;right-t-left&#8220; animation_speed=&#8220;800&#8243;][\/vc_column_inner][\/vc_row_inner][vc_single_image media=&#8220;80190&#8243; media_width_percent=&#8220;35&#8243; alignment=&#8220;center&#8220;][\/vc_column][\/vc_row]<\/p>\n<\/div>","protected":false},"excerpt":{"rendered":"<p>[vc_row][vc_column column_width_percent=&#8220;100&#8243; align_horizontal=&#8220;align_center&#8220; gutter_size=&#8220;2&#8243; overlay_alpha=&#8220;50&#8243; shift_x=&#8220;0&#8243; shift_y=&#8220;0&#8243; shift_y_down=&#8220;0&#8243; z_index=&#8220;0&#8243; medium_width=&#8220;0&#8243; mobile_width=&#8220;0&#8243; width=&#8220;1\/1&#8243;][vc_row_inner row_inner_height_percent=&#8220;0&#8243; overlay_alpha=&#8220;50&#8243; gutter_size=&#8220;0&#8243; shift_y=&#8220;0&#8243; z_index=&#8220;0&#8243;][vc_column_inner column_width_percent=&#8220;100&#8243; position_horizontal=&#8220;right&#8220; position_vertical=&#8220;middle&#8220; [&hellip;]<\/p>\n","protected":false},"author":2,"featured_media":0,"parent":0,"menu_order":0,"comment_status":"closed","ping_status":"closed","template":"","meta":{"footnotes":""},"class_list":["post-83878","page","type-page","status-publish","hentry"],"yoast_head":"<!-- This site is optimized with the Yoast SEO plugin v24.8.1 - https:\/\/yoast.com\/wordpress\/plugins\/seo\/ -->\n<title>Camping Aubeterre sur Dronne | 3-Sterne-Campingplatz<\/title>\n<meta name=\"description\" content=\"Der Campingplatz Aubeterre sur Dronne empf\u00e4ngt Sie in einer gr\u00fcnen Umgebung und umgeben von einem See. 95 Stellpl\u00e4tze auf einem schattigen Gel\u00e4nde...\" \/>\n<meta name=\"robots\" content=\"index, follow, max-snippet:-1, max-image-preview:large, max-video-preview:-1\" \/>\n<link rel=\"canonical\" href=\"https:\/\/www.camping-aubeterre-sur-dronne.fr\/de\/campingplatz\/\" \/>\n<meta property=\"og:locale\" content=\"de_DE\" \/>\n<meta property=\"og:type\" content=\"article\" \/>\n<meta property=\"og:title\" content=\"Camping Aubeterre sur Dronne | 3-Sterne-Campingplatz\" \/>\n<meta property=\"og:description\" content=\"Der Campingplatz Aubeterre sur Dronne empf\u00e4ngt Sie in einer gr\u00fcnen Umgebung und umgeben von einem See. 95 Stellpl\u00e4tze auf einem schattigen Gel\u00e4nde...\" \/>\n<meta property=\"og:url\" content=\"https:\/\/www.camping-aubeterre-sur-dronne.fr\/de\/campingplatz\/\" \/>\n<meta property=\"og:site_name\" content=\"Camping Aubeterre sur Dronne\" \/>\n<meta property=\"article:publisher\" content=\"https:\/\/www.facebook.com\/Camping-Aubeterre-Snack-de-la-plage-1280979968719503\/\" \/>\n<meta property=\"article:modified_time\" content=\"2022-09-15T12:16:02+00:00\" \/>\n<meta name=\"twitter:card\" content=\"summary_large_image\" \/>\n<meta name=\"twitter:label1\" content=\"Gesch\u00e4tzte Lesezeit\" \/>\n\t<meta name=\"twitter:data1\" content=\"7\u00a0Minuten\" \/>\n<script type=\"application\/ld+json\" class=\"yoast-schema-graph\">{\"@context\":\"https:\/\/schema.org\",\"@graph\":[{\"@type\":\"WebPage\",\"@id\":\"https:\/\/www.camping-aubeterre-sur-dronne.fr\/de\/campingplatz\/\",\"url\":\"https:\/\/www.camping-aubeterre-sur-dronne.fr\/de\/campingplatz\/\",\"name\":\"Camping Aubeterre sur Dronne | 3-Sterne-Campingplatz\",\"isPartOf\":{\"@id\":\"https:\/\/www.camping-aubeterre-sur-dronne.fr\/de\/#website\"},\"datePublished\":\"2022-09-15T12:15:59+00:00\",\"dateModified\":\"2022-09-15T12:16:02+00:00\",\"description\":\"Der Campingplatz Aubeterre sur Dronne empf\u00e4ngt Sie in einer gr\u00fcnen Umgebung und umgeben von einem See. 95 Stellpl\u00e4tze auf einem schattigen Gel\u00e4nde...\",\"breadcrumb\":{\"@id\":\"https:\/\/www.camping-aubeterre-sur-dronne.fr\/de\/campingplatz\/#breadcrumb\"},\"inLanguage\":\"de\",\"potentialAction\":[{\"@type\":\"ReadAction\",\"target\":[\"https:\/\/www.camping-aubeterre-sur-dronne.fr\/de\/campingplatz\/\"]}]},{\"@type\":\"BreadcrumbList\",\"@id\":\"https:\/\/www.camping-aubeterre-sur-dronne.fr\/de\/campingplatz\/#breadcrumb\",\"itemListElement\":[{\"@type\":\"ListItem\",\"position\":1,\"name\":\"Accueil\",\"item\":\"https:\/\/www.camping-aubeterre-sur-dronne.fr\/de\/\"},{\"@type\":\"ListItem\",\"position\":2,\"name\":\"Campingplatz\"}]},{\"@type\":\"WebSite\",\"@id\":\"https:\/\/www.camping-aubeterre-sur-dronne.fr\/de\/#website\",\"url\":\"https:\/\/www.camping-aubeterre-sur-dronne.fr\/de\/\",\"name\":\"Camping Aubeterre sur Dronne\",\"description\":\"Camping et base de loisirs\",\"publisher\":{\"@id\":\"https:\/\/www.camping-aubeterre-sur-dronne.fr\/de\/#organization\"},\"potentialAction\":[{\"@type\":\"SearchAction\",\"target\":{\"@type\":\"EntryPoint\",\"urlTemplate\":\"https:\/\/www.camping-aubeterre-sur-dronne.fr\/de\/?s={search_term_string}\"},\"query-input\":{\"@type\":\"PropertyValueSpecification\",\"valueRequired\":true,\"valueName\":\"search_term_string\"}}],\"inLanguage\":\"de\"},{\"@type\":\"Organization\",\"@id\":\"https:\/\/www.camping-aubeterre-sur-dronne.fr\/de\/#organization\",\"name\":\"Camping Aubeterre sur Dronne\",\"url\":\"https:\/\/www.camping-aubeterre-sur-dronne.fr\/de\/\",\"logo\":{\"@type\":\"ImageObject\",\"inLanguage\":\"de\",\"@id\":\"https:\/\/www.camping-aubeterre-sur-dronne.fr\/de\/#\/schema\/logo\/image\/\",\"url\":\"https:\/\/www.camping-aubeterre-sur-dronne.fr\/wp-content\/uploads\/2019\/05\/logo-camping.png\",\"contentUrl\":\"https:\/\/www.camping-aubeterre-sur-dronne.fr\/wp-content\/uploads\/2019\/05\/logo-camping.png\",\"width\":500,\"height\":260,\"caption\":\"Camping Aubeterre sur Dronne\"},\"image\":{\"@id\":\"https:\/\/www.camping-aubeterre-sur-dronne.fr\/de\/#\/schema\/logo\/image\/\"},\"sameAs\":[\"https:\/\/www.facebook.com\/Camping-Aubeterre-Snack-de-la-plage-1280979968719503\/\"]}]}<\/script>\n<!-- \/ Yoast SEO plugin. -->","yoast_head_json":{"title":"Camping Aubeterre sur Dronne | 3-Sterne-Campingplatz","description":"Der Campingplatz Aubeterre sur Dronne empf\u00e4ngt Sie in einer gr\u00fcnen Umgebung und umgeben von einem See. 95 Stellpl\u00e4tze auf einem schattigen Gel\u00e4nde...","robots":{"index":"index","follow":"follow","max-snippet":"max-snippet:-1","max-image-preview":"max-image-preview:large","max-video-preview":"max-video-preview:-1"},"canonical":"https:\/\/www.camping-aubeterre-sur-dronne.fr\/de\/campingplatz\/","og_locale":"de_DE","og_type":"article","og_title":"Camping Aubeterre sur Dronne | 3-Sterne-Campingplatz","og_description":"Der Campingplatz Aubeterre sur Dronne empf\u00e4ngt Sie in einer gr\u00fcnen Umgebung und umgeben von einem See. 95 Stellpl\u00e4tze auf einem schattigen Gel\u00e4nde...","og_url":"https:\/\/www.camping-aubeterre-sur-dronne.fr\/de\/campingplatz\/","og_site_name":"Camping Aubeterre sur Dronne","article_publisher":"https:\/\/www.facebook.com\/Camping-Aubeterre-Snack-de-la-plage-1280979968719503\/","article_modified_time":"2022-09-15T12:16:02+00:00","twitter_card":"summary_large_image","twitter_misc":{"Gesch\u00e4tzte Lesezeit":"7\u00a0Minuten"},"schema":{"@context":"https:\/\/schema.org","@graph":[{"@type":"WebPage","@id":"https:\/\/www.camping-aubeterre-sur-dronne.fr\/de\/campingplatz\/","url":"https:\/\/www.camping-aubeterre-sur-dronne.fr\/de\/campingplatz\/","name":"Camping Aubeterre sur Dronne | 3-Sterne-Campingplatz","isPartOf":{"@id":"https:\/\/www.camping-aubeterre-sur-dronne.fr\/de\/#website"},"datePublished":"2022-09-15T12:15:59+00:00","dateModified":"2022-09-15T12:16:02+00:00","description":"Der Campingplatz Aubeterre sur Dronne empf\u00e4ngt Sie in einer gr\u00fcnen Umgebung und umgeben von einem See. 95 Stellpl\u00e4tze auf einem schattigen Gel\u00e4nde...","breadcrumb":{"@id":"https:\/\/www.camping-aubeterre-sur-dronne.fr\/de\/campingplatz\/#breadcrumb"},"inLanguage":"de","potentialAction":[{"@type":"ReadAction","target":["https:\/\/www.camping-aubeterre-sur-dronne.fr\/de\/campingplatz\/"]}]},{"@type":"BreadcrumbList","@id":"https:\/\/www.camping-aubeterre-sur-dronne.fr\/de\/campingplatz\/#breadcrumb","itemListElement":[{"@type":"ListItem","position":1,"name":"Accueil","item":"https:\/\/www.camping-aubeterre-sur-dronne.fr\/de\/"},{"@type":"ListItem","position":2,"name":"Campingplatz"}]},{"@type":"WebSite","@id":"https:\/\/www.camping-aubeterre-sur-dronne.fr\/de\/#website","url":"https:\/\/www.camping-aubeterre-sur-dronne.fr\/de\/","name":"Camping Aubeterre sur Dronne","description":"Camping et base de loisirs","publisher":{"@id":"https:\/\/www.camping-aubeterre-sur-dronne.fr\/de\/#organization"},"potentialAction":[{"@type":"SearchAction","target":{"@type":"EntryPoint","urlTemplate":"https:\/\/www.camping-aubeterre-sur-dronne.fr\/de\/?s={search_term_string}"},"query-input":{"@type":"PropertyValueSpecification","valueRequired":true,"valueName":"search_term_string"}}],"inLanguage":"de"},{"@type":"Organization","@id":"https:\/\/www.camping-aubeterre-sur-dronne.fr\/de\/#organization","name":"Camping Aubeterre sur Dronne","url":"https:\/\/www.camping-aubeterre-sur-dronne.fr\/de\/","logo":{"@type":"ImageObject","inLanguage":"de","@id":"https:\/\/www.camping-aubeterre-sur-dronne.fr\/de\/#\/schema\/logo\/image\/","url":"https:\/\/www.camping-aubeterre-sur-dronne.fr\/wp-content\/uploads\/2019\/05\/logo-camping.png","contentUrl":"https:\/\/www.camping-aubeterre-sur-dronne.fr\/wp-content\/uploads\/2019\/05\/logo-camping.png","width":500,"height":260,"caption":"Camping Aubeterre sur Dronne"},"image":{"@id":"https:\/\/www.camping-aubeterre-sur-dronne.fr\/de\/#\/schema\/logo\/image\/"},"sameAs":["https:\/\/www.facebook.com\/Camping-Aubeterre-Snack-de-la-plage-1280979968719503\/"]}]}},"_links":{"self":[{"href":"https:\/\/www.camping-aubeterre-sur-dronne.fr\/de\/wp-json\/wp\/v2\/pages\/83878","targetHints":{"allow":["GET"]}}],"collection":[{"href":"https:\/\/www.camping-aubeterre-sur-dronne.fr\/de\/wp-json\/wp\/v2\/pages"}],"about":[{"href":"https:\/\/www.camping-aubeterre-sur-dronne.fr\/de\/wp-json\/wp\/v2\/types\/page"}],"author":[{"embeddable":true,"href":"https:\/\/www.camping-aubeterre-sur-dronne.fr\/de\/wp-json\/wp\/v2\/users\/2"}],"replies":[{"embeddable":true,"href":"https:\/\/www.camping-aubeterre-sur-dronne.fr\/de\/wp-json\/wp\/v2\/comments?post=83878"}],"version-history":[{"count":5,"href":"https:\/\/www.camping-aubeterre-sur-dronne.fr\/de\/wp-json\/wp\/v2\/pages\/83878\/revisions"}],"predecessor-version":[{"id":83883,"href":"https:\/\/www.camping-aubeterre-sur-dronne.fr\/de\/wp-json\/wp\/v2\/pages\/83878\/revisions\/83883"}],"wp:attachment":[{"href":"https:\/\/www.camping-aubeterre-sur-dronne.fr\/de\/wp-json\/wp\/v2\/media?parent=83878"}],"curies":[{"name":"wp","href":"https:\/\/api.w.org\/{rel}","templated":true}]}}