{"id":83884,"date":"2022-09-15T14:25:05","date_gmt":"2022-09-15T12:25:05","guid":{"rendered":"https:\/\/www.camping-aubeterre-sur-dronne.fr\/buchung\/"},"modified":"2022-09-15T14:25:09","modified_gmt":"2022-09-15T12:25:09","slug":"buchung","status":"publish","type":"page","link":"https:\/\/www.camping-aubeterre-sur-dronne.fr\/de\/buchung\/","title":{"rendered":"Buchung"},"content":{"rendered":"<div class=\"wpb-content-wrapper\"><p>[vc_row][vc_column column_width_percent=&#8220;100&#8243; position_horizontal=&#8220;right&#8220; align_horizontal=&#8220;align_right&#8220; gutter_size=&#8220;3&#8243; overlay_alpha=&#8220;50&#8243; shift_x=&#8220;0&#8243; shift_y=&#8220;0&#8243; shift_y_down=&#8220;0&#8243; z_index=&#8220;0&#8243; medium_width=&#8220;2&#8243; mobile_visibility=&#8220;yes&#8220; mobile_width=&#8220;0&#8243; width=&#8220;1\/3&#8243;][vc_single_image media=&#8220;44&#8243; media_width_percent=&#8220;40&#8243; alignment=&#8220;right&#8220;][\/vc_column][vc_column column_width_percent=&#8220;100&#8243; align_horizontal=&#8220;align_center&#8220; gutter_size=&#8220;1&#8243; overlay_alpha=&#8220;50&#8243; shift_x=&#8220;0&#8243; shift_y=&#8220;0&#8243; shift_y_down=&#8220;0&#8243; z_index=&#8220;0&#8243; medium_width=&#8220;0&#8243; mobile_width=&#8220;0&#8243; width=&#8220;1\/3&#8243;][vc_button button_color=&#8220;color-140462&#8243; size=&#8220;btn-xl&#8220; border_width=&#8220;0&#8243; link=&#8220;url:https%3A%2F%2Fthelisresa.webcamp.fr%2F%3Fcamping%3Daubeterre%26PHPSESSID%3Dvee20hv2dem63goel6ordo5eq3|title:buchen%20Sie%20hier|target:_blank|&#8220;]buchen Sie hier[\/vc_button][vc_single_image media=&#8220;46&#8243; media_width_percent=&#8220;60&#8243; alignment=&#8220;center&#8220;][vc_empty_space empty_h=&#8220;5&#8243;][vc_custom_heading]<a href=\"https:\/\/www.camping-aubeterre-sur-dronne.fr\/cgv\/\">Um zu lesen&#8230;<\/a><\/p>\n<p><a href=\"https:\/\/www.camping-aubeterre-sur-dronne.fr\/cgv\/\">Unsere Allgemeinen Gesch\u00e4ftsbedingungen f\u00fcr den Verkauf<\/a><\/p>\n<p>&nbsp;[\/vc_custom_heading][vc_button button_color=&#8220;color-140462&#8243; size=&#8220;btn-xl&#8220; border_width=&#8220;0&#8243; link=&#8220;url:https%3A%2F%2Fwww.camping-aubeterre-sur-dronne.fr%2Fcgv%2F|title:buchen%20Sie%20hier|target:_blank|&#8220;]AGB[\/vc_button][vc_single_image media=&#8220;46&#8243; media_width_percent=&#8220;60&#8243; alignment=&#8220;center&#8220;][vc_empty_space empty_h=&#8220;5&#8243;][vc_custom_heading]<\/p>\n<h3><strong>Unsere Stornoversicherungen<\/strong><\/h3>\n<p>[\/vc_custom_heading][vc_single_image media=&#8220;46&#8243; media_width_percent=&#8220;100&#8243;][\/vc_column][vc_column column_width_percent=&#8220;100&#8243; position_horizontal=&#8220;left&#8220; gutter_size=&#8220;3&#8243; overlay_alpha=&#8220;50&#8243; shift_x=&#8220;0&#8243; shift_y=&#8220;0&#8243; shift_y_down=&#8220;0&#8243; z_index=&#8220;0&#8243; medium_width=&#8220;0&#8243; mobile_width=&#8220;0&#8243; width=&#8220;1\/3&#8243;][vc_single_image media=&#8220;45&#8243; media_width_percent=&#8220;40&#8243;][\/vc_column][\/vc_row][vc_row][vc_column width=&#8220;1\/1&#8243;][vc_column_text]<\/p>\n<p style=\"text-align: center;\"><span class=\"font-162991 font-555555\">Assurance Premium <\/span><\/p>\n<p style=\"text-align: center;\">profitieren Sie von vielen Vorteilen<\/p>\n<p style=\"text-align: center;\">Einfache und schnelle Stornierung, ohne Grund, ohne Nachweis, keine Schritte erforderlich, Antwort Ihres Versicherers innerhalb von 48 Stunden<\/p>\n<p style=\"text-align: center;\">Die Premium Versicherung im \u00dcberblick&#8230;<\/p>\n<p style=\"text-align: center;\">Abgedecktes Ereignis: Ihre Unf\u00e4higkeit oder Ihre Bereitschaft, nicht mehr zu gehen, egal aus welchem Grund<\/p>\n<p style=\"text-align: center;\">Beispiele f\u00fcr Ereignisse: Gebrochenes Bein, Angst vor einer neuen Covid-19-Welle, \u00c4nderung der Meinung, etc&#8230; Jedes Motiv ist g\u00fcltig<\/p>\n<p style=\"text-align: center;\">R\u00fcckerstattung: R\u00fcckerstattung der Stornogeb\u00fchren unter Abzug einer Franchise von 30% mit einem Minimum von 50 \u20ac<\/p>\n<p style=\"text-align: center;\">Bedingungen: Keine Dokumente oder Belege erforderlich, kein Minimum, R\u00fcckerstattung per Kreditkarte, Stornierung bis zum Abreisetag m\u00f6glich<\/p>\n<p style=\"text-align: center;\">Nachweis: Keine<\/p>\n<p style=\"text-align: center;\">Entdecken Sie im Detail die<br \/>\n<a href=\"https:\/\/static.secureholiday.net\/static\/CMS\/documents\/000\/003\/000003750_FR.pdf\">Allgemeine Gesch\u00e4ftsbedingungen Premium Versicherung<\/a><\/p>\n<p>[\/vc_column_text][\/vc_column][\/vc_row][vc_row][vc_column width=&#8220;1\/1&#8243;][vc_column_text]<\/p>\n<p style=\"text-align: center;\"><span class=\"font-162991\">Unsere Assurance Confort<\/span><\/p>\n<p style=\"text-align: center;\">Die Komfortversicherung im \u00dcberblick&#8230;<\/p>\n<p style=\"text-align: center;\">Abgedecktes Ereignis: Unvorhersehbare Ereignisse, die Sie daran hindern zu gehen<\/p>\n<p style=\"text-align: center;\">Beispiel f\u00fcr Ereignisse: Krankheit, Aufnahme einer Besch\u00e4ftigung, Tod eines geliebten Menschen, Entlassung aus wirtschaftlichen Gr\u00fcnden, gerichtliche Vorladung usw&#8230;<\/p>\n<p style=\"text-align: center;\">R\u00fcckerstattung: Erstattung der Stornogeb\u00fchren unter Abzug einer Franchise von 30 \u20ac aus medizinischen Gr\u00fcnden, 20% mit einem Minimum von 50 \u20ac f\u00fcr alle anderen Gr\u00fcnde<\/p>\n<p style=\"text-align: center;\">Bedingungen: Nachweis, R\u00fcckerstattung per Kreditkarte, Stornierung bis zum Abreisetag m\u00f6glich<\/p>\n<p style=\"text-align: center;\">Nachweis: Liste der Dokumente, die f\u00fcr die Stornierung des Aufenthalts vorzulegen sind<\/p>\n<p style=\"text-align: center;\">Entdecken Sie im Detail die<br \/>\n<a href=\"https:\/\/static.secureholiday.net\/static\/CMS\/documents\/000\/003\/000003749_FR.pdf\">Allgemeine Gesch\u00e4ftsbedingungen Versicherung Komfort<\/a><\/p>\n<p>[\/vc_column_text][\/vc_column][\/vc_row][vc_row][vc_column width=&#8220;1\/1&#8243;][vc_single_image media=&#8220;80190&#8243; media_width_percent=&#8220;30&#8243; alignment=&#8220;center&#8220;][\/vc_column][\/vc_row][vc_row][vc_column width=&#8220;1\/1&#8243;][\/vc_column][\/vc_row]<\/p>\n<\/div>","protected":false},"excerpt":{"rendered":"<p>[vc_row][vc_column column_width_percent=&#8220;100&#8243; position_horizontal=&#8220;right&#8220; align_horizontal=&#8220;align_right&#8220; gutter_size=&#8220;3&#8243; overlay_alpha=&#8220;50&#8243; shift_x=&#8220;0&#8243; shift_y=&#8220;0&#8243; shift_y_down=&#8220;0&#8243; z_index=&#8220;0&#8243; medium_width=&#8220;2&#8243; mobile_visibility=&#8220;yes&#8220; mobile_width=&#8220;0&#8243; width=&#8220;1\/3&#8243;][vc_single_image media=&#8220;44&#8243; media_width_percent=&#8220;40&#8243; alignment=&#8220;right&#8220;][\/vc_column][vc_column column_width_percent=&#8220;100&#8243; align_horizontal=&#8220;align_center&#8220; gutter_size=&#8220;1&#8243; [&hellip;]<\/p>\n","protected":false},"author":2,"featured_media":0,"parent":0,"menu_order":0,"comment_status":"closed","ping_status":"closed","template":"","meta":{"footnotes":""},"class_list":["post-83884","page","type-page","status-publish","hentry"],"yoast_head":"<!-- This site is optimized with the Yoast SEO plugin v24.8.1 - https:\/\/yoast.com\/wordpress\/plugins\/seo\/ -->\n<title>Reservierung | 3-Sterne-Campingplatz Aubeterre sur Dronne<\/title>\n<meta name=\"description\" content=\"Die Preise unseres 3-Sterne-Campingplatzes in Aubeterre sur Dronne en Charente, 95 Stellpl\u00e4tze in einer gr\u00fcnen Umgebung, die von einem...\" \/>\n<meta name=\"robots\" content=\"index, follow, max-snippet:-1, max-image-preview:large, max-video-preview:-1\" \/>\n<link rel=\"canonical\" href=\"https:\/\/www.camping-aubeterre-sur-dronne.fr\/de\/buchung\/\" \/>\n<meta property=\"og:locale\" content=\"de_DE\" \/>\n<meta property=\"og:type\" content=\"article\" \/>\n<meta property=\"og:title\" content=\"Reservierung | 3-Sterne-Campingplatz Aubeterre sur Dronne\" \/>\n<meta property=\"og:description\" content=\"Die Preise unseres 3-Sterne-Campingplatzes in Aubeterre sur Dronne en Charente, 95 Stellpl\u00e4tze in einer gr\u00fcnen Umgebung, die von einem...\" \/>\n<meta property=\"og:url\" content=\"https:\/\/www.camping-aubeterre-sur-dronne.fr\/de\/buchung\/\" \/>\n<meta property=\"og:site_name\" content=\"Camping Aubeterre sur Dronne\" \/>\n<meta property=\"article:publisher\" content=\"https:\/\/www.facebook.com\/Camping-Aubeterre-Snack-de-la-plage-1280979968719503\/\" \/>\n<meta property=\"article:modified_time\" content=\"2022-09-15T12:25:09+00:00\" \/>\n<meta name=\"twitter:card\" content=\"summary_large_image\" \/>\n<meta name=\"twitter:label1\" content=\"Gesch\u00e4tzte Lesezeit\" \/>\n\t<meta name=\"twitter:data1\" content=\"3\u00a0Minuten\" \/>\n<script type=\"application\/ld+json\" class=\"yoast-schema-graph\">{\"@context\":\"https:\/\/schema.org\",\"@graph\":[{\"@type\":\"WebPage\",\"@id\":\"https:\/\/www.camping-aubeterre-sur-dronne.fr\/de\/buchung\/\",\"url\":\"https:\/\/www.camping-aubeterre-sur-dronne.fr\/de\/buchung\/\",\"name\":\"Reservierung | 3-Sterne-Campingplatz Aubeterre sur Dronne\",\"isPartOf\":{\"@id\":\"https:\/\/www.camping-aubeterre-sur-dronne.fr\/de\/#website\"},\"datePublished\":\"2022-09-15T12:25:05+00:00\",\"dateModified\":\"2022-09-15T12:25:09+00:00\",\"description\":\"Die Preise unseres 3-Sterne-Campingplatzes in Aubeterre sur Dronne en Charente, 95 Stellpl\u00e4tze in einer gr\u00fcnen Umgebung, die von einem...\",\"breadcrumb\":{\"@id\":\"https:\/\/www.camping-aubeterre-sur-dronne.fr\/de\/buchung\/#breadcrumb\"},\"inLanguage\":\"de\",\"potentialAction\":[{\"@type\":\"ReadAction\",\"target\":[\"https:\/\/www.camping-aubeterre-sur-dronne.fr\/de\/buchung\/\"]}]},{\"@type\":\"BreadcrumbList\",\"@id\":\"https:\/\/www.camping-aubeterre-sur-dronne.fr\/de\/buchung\/#breadcrumb\",\"itemListElement\":[{\"@type\":\"ListItem\",\"position\":1,\"name\":\"Accueil\",\"item\":\"https:\/\/www.camping-aubeterre-sur-dronne.fr\/de\/\"},{\"@type\":\"ListItem\",\"position\":2,\"name\":\"Buchung\"}]},{\"@type\":\"WebSite\",\"@id\":\"https:\/\/www.camping-aubeterre-sur-dronne.fr\/de\/#website\",\"url\":\"https:\/\/www.camping-aubeterre-sur-dronne.fr\/de\/\",\"name\":\"Camping Aubeterre sur Dronne\",\"description\":\"Camping et base de loisirs\",\"publisher\":{\"@id\":\"https:\/\/www.camping-aubeterre-sur-dronne.fr\/de\/#organization\"},\"potentialAction\":[{\"@type\":\"SearchAction\",\"target\":{\"@type\":\"EntryPoint\",\"urlTemplate\":\"https:\/\/www.camping-aubeterre-sur-dronne.fr\/de\/?s={search_term_string}\"},\"query-input\":{\"@type\":\"PropertyValueSpecification\",\"valueRequired\":true,\"valueName\":\"search_term_string\"}}],\"inLanguage\":\"de\"},{\"@type\":\"Organization\",\"@id\":\"https:\/\/www.camping-aubeterre-sur-dronne.fr\/de\/#organization\",\"name\":\"Camping Aubeterre sur Dronne\",\"url\":\"https:\/\/www.camping-aubeterre-sur-dronne.fr\/de\/\",\"logo\":{\"@type\":\"ImageObject\",\"inLanguage\":\"de\",\"@id\":\"https:\/\/www.camping-aubeterre-sur-dronne.fr\/de\/#\/schema\/logo\/image\/\",\"url\":\"https:\/\/www.camping-aubeterre-sur-dronne.fr\/wp-content\/uploads\/2019\/05\/logo-camping.png\",\"contentUrl\":\"https:\/\/www.camping-aubeterre-sur-dronne.fr\/wp-content\/uploads\/2019\/05\/logo-camping.png\",\"width\":500,\"height\":260,\"caption\":\"Camping Aubeterre sur Dronne\"},\"image\":{\"@id\":\"https:\/\/www.camping-aubeterre-sur-dronne.fr\/de\/#\/schema\/logo\/image\/\"},\"sameAs\":[\"https:\/\/www.facebook.com\/Camping-Aubeterre-Snack-de-la-plage-1280979968719503\/\"]}]}<\/script>\n<!-- \/ Yoast SEO plugin. -->","yoast_head_json":{"title":"Reservierung | 3-Sterne-Campingplatz Aubeterre sur Dronne","description":"Die Preise unseres 3-Sterne-Campingplatzes in Aubeterre sur Dronne en Charente, 95 Stellpl\u00e4tze in einer gr\u00fcnen Umgebung, die von einem...","robots":{"index":"index","follow":"follow","max-snippet":"max-snippet:-1","max-image-preview":"max-image-preview:large","max-video-preview":"max-video-preview:-1"},"canonical":"https:\/\/www.camping-aubeterre-sur-dronne.fr\/de\/buchung\/","og_locale":"de_DE","og_type":"article","og_title":"Reservierung | 3-Sterne-Campingplatz Aubeterre sur Dronne","og_description":"Die Preise unseres 3-Sterne-Campingplatzes in Aubeterre sur Dronne en Charente, 95 Stellpl\u00e4tze in einer gr\u00fcnen Umgebung, die von einem...","og_url":"https:\/\/www.camping-aubeterre-sur-dronne.fr\/de\/buchung\/","og_site_name":"Camping Aubeterre sur Dronne","article_publisher":"https:\/\/www.facebook.com\/Camping-Aubeterre-Snack-de-la-plage-1280979968719503\/","article_modified_time":"2022-09-15T12:25:09+00:00","twitter_card":"summary_large_image","twitter_misc":{"Gesch\u00e4tzte Lesezeit":"3\u00a0Minuten"},"schema":{"@context":"https:\/\/schema.org","@graph":[{"@type":"WebPage","@id":"https:\/\/www.camping-aubeterre-sur-dronne.fr\/de\/buchung\/","url":"https:\/\/www.camping-aubeterre-sur-dronne.fr\/de\/buchung\/","name":"Reservierung | 3-Sterne-Campingplatz Aubeterre sur Dronne","isPartOf":{"@id":"https:\/\/www.camping-aubeterre-sur-dronne.fr\/de\/#website"},"datePublished":"2022-09-15T12:25:05+00:00","dateModified":"2022-09-15T12:25:09+00:00","description":"Die Preise unseres 3-Sterne-Campingplatzes in Aubeterre sur Dronne en Charente, 95 Stellpl\u00e4tze in einer gr\u00fcnen Umgebung, die von einem...","breadcrumb":{"@id":"https:\/\/www.camping-aubeterre-sur-dronne.fr\/de\/buchung\/#breadcrumb"},"inLanguage":"de","potentialAction":[{"@type":"ReadAction","target":["https:\/\/www.camping-aubeterre-sur-dronne.fr\/de\/buchung\/"]}]},{"@type":"BreadcrumbList","@id":"https:\/\/www.camping-aubeterre-sur-dronne.fr\/de\/buchung\/#breadcrumb","itemListElement":[{"@type":"ListItem","position":1,"name":"Accueil","item":"https:\/\/www.camping-aubeterre-sur-dronne.fr\/de\/"},{"@type":"ListItem","position":2,"name":"Buchung"}]},{"@type":"WebSite","@id":"https:\/\/www.camping-aubeterre-sur-dronne.fr\/de\/#website","url":"https:\/\/www.camping-aubeterre-sur-dronne.fr\/de\/","name":"Camping Aubeterre sur Dronne","description":"Camping et base de loisirs","publisher":{"@id":"https:\/\/www.camping-aubeterre-sur-dronne.fr\/de\/#organization"},"potentialAction":[{"@type":"SearchAction","target":{"@type":"EntryPoint","urlTemplate":"https:\/\/www.camping-aubeterre-sur-dronne.fr\/de\/?s={search_term_string}"},"query-input":{"@type":"PropertyValueSpecification","valueRequired":true,"valueName":"search_term_string"}}],"inLanguage":"de"},{"@type":"Organization","@id":"https:\/\/www.camping-aubeterre-sur-dronne.fr\/de\/#organization","name":"Camping Aubeterre sur Dronne","url":"https:\/\/www.camping-aubeterre-sur-dronne.fr\/de\/","logo":{"@type":"ImageObject","inLanguage":"de","@id":"https:\/\/www.camping-aubeterre-sur-dronne.fr\/de\/#\/schema\/logo\/image\/","url":"https:\/\/www.camping-aubeterre-sur-dronne.fr\/wp-content\/uploads\/2019\/05\/logo-camping.png","contentUrl":"https:\/\/www.camping-aubeterre-sur-dronne.fr\/wp-content\/uploads\/2019\/05\/logo-camping.png","width":500,"height":260,"caption":"Camping Aubeterre sur Dronne"},"image":{"@id":"https:\/\/www.camping-aubeterre-sur-dronne.fr\/de\/#\/schema\/logo\/image\/"},"sameAs":["https:\/\/www.facebook.com\/Camping-Aubeterre-Snack-de-la-plage-1280979968719503\/"]}]}},"_links":{"self":[{"href":"https:\/\/www.camping-aubeterre-sur-dronne.fr\/de\/wp-json\/wp\/v2\/pages\/83884","targetHints":{"allow":["GET"]}}],"collection":[{"href":"https:\/\/www.camping-aubeterre-sur-dronne.fr\/de\/wp-json\/wp\/v2\/pages"}],"about":[{"href":"https:\/\/www.camping-aubeterre-sur-dronne.fr\/de\/wp-json\/wp\/v2\/types\/page"}],"author":[{"embeddable":true,"href":"https:\/\/www.camping-aubeterre-sur-dronne.fr\/de\/wp-json\/wp\/v2\/users\/2"}],"replies":[{"embeddable":true,"href":"https:\/\/www.camping-aubeterre-sur-dronne.fr\/de\/wp-json\/wp\/v2\/comments?post=83884"}],"version-history":[{"count":5,"href":"https:\/\/www.camping-aubeterre-sur-dronne.fr\/de\/wp-json\/wp\/v2\/pages\/83884\/revisions"}],"predecessor-version":[{"id":83889,"href":"https:\/\/www.camping-aubeterre-sur-dronne.fr\/de\/wp-json\/wp\/v2\/pages\/83884\/revisions\/83889"}],"wp:attachment":[{"href":"https:\/\/www.camping-aubeterre-sur-dronne.fr\/de\/wp-json\/wp\/v2\/media?parent=83884"}],"curies":[{"name":"wp","href":"https:\/\/api.w.org\/{rel}","templated":true}]}}