{"id":83890,"date":"2022-09-15T15:04:58","date_gmt":"2022-09-15T13:04:58","guid":{"rendered":"https:\/\/www.camping-aubeterre-sur-dronne.fr\/agb\/"},"modified":"2022-09-15T15:05:03","modified_gmt":"2022-09-15T13:05:03","slug":"agb","status":"publish","type":"page","link":"https:\/\/www.camping-aubeterre-sur-dronne.fr\/de\/agb\/","title":{"rendered":"AGB"},"content":{"rendered":"<div class=\"wpb-content-wrapper\"><p>[vc_row][vc_column width=&#8220;1\/1&#8243;][vc_column_text]<strong>ALLGEMEINE GESCH\u00c4FTSBEDINGUNGEN CAMPING PARADIS<\/strong><\/p>\n<p><strong>PR\u00c4AMBEL<\/strong><\/p>\n<p>Diese Allgemeinen Gesch\u00e4ftsbedingungen gelten f\u00fcr alle Dienstleistungen, die auf der Website CAMPING PARADIS AUBETERREoder einem anderen Kommunikationsmedium angeboten werden.<\/p>\n<p>Der Inhalt der Website dient der Information der Kunden. Einige der angebotenen Leistungen k\u00f6nnen sich je nach Auslastung \u00e4ndern und\/oder zu bestimmten Terminen nur w\u00e4hrend der Saison verf\u00fcgbar sein. Die angegebenen Preise sind unverbindlich und k\u00f6nnen sich nur f\u00fcr die laufende Saison \u00e4ndern. Die Leistung erfolgt zum zum Zeitpunkt der Bestellung g\u00fcltigen Tarif. Die Preise verstehen sich inklusive Mehrwertsteuer. Jede \u00c4nderung des Mehrwertsteuersatzes f\u00fchrt zu einer \u00c4nderung des Tarifs. Gem\u00e4\u00df dem Tourismusgesetz beh\u00e4lt sich CAMPING PARADIS AUBETERREse das Recht vor, \u00c4nderungen an den Informationen auf der Website oder anderen Kommunikationsmitteln vorzunehmen. Bei wesentlichen \u00c4nderungen werden diese \u00fcber Erratum auf der Website des Campingplatzes bekannt gegeben.<\/p>\n<p><strong>1.BEDINGUNGEN DER RESERVIERUNG<\/strong><\/p>\n<ul>\n<li>Jede Vertragsperson muss mindestens 18 Jahre alt und in der Rechts- und Gesch\u00e4ftsf\u00e4higkeit sein und darf nicht unter Vormundschaft oder Beistand stehen. Der Vertragspartner muss w\u00e4hrend des gesamten Aufenthalts anwesend sein.<\/li>\n<\/ul>\n<p>Die Reservierung wird nur mit Zustimmung des Campingplatzes nach Erhalt der Anzahlung und nach Erhalt des ordnungsgem\u00e4\u00df ausgef\u00fcllten und unterzeichneten Reservierungsvertrags oder nach Annahme der Allgemeinen Gesch\u00e4ftsbedingungen bei der Online-Buchung wirksam.<\/p>\n<ul>\n<li>Die Reservierung eines Campingplatzes oder einer Mietunterkunft erfolgt ausschlie\u00dflich pers\u00f6nlich. Sie d\u00fcrfen Ihre Reservierung unter keinen Umst\u00e4nden ohne vorherige Zustimmung des Campingplatzes untervermieten oder abtreten.<\/li>\n<li>Minderj\u00e4hrige m\u00fcssen von ihren Eltern oder Erziehungsberechtigten begleitet werden.<\/li>\n<\/ul>\n<p><strong>Stellplatz<\/strong><\/p>\n<ul>\n<li>Das Basispaket beinhaltet den Stellplatz f\u00fcr Zelt, Wohnwagen oder Wohnmobil f\u00fcr 1 oder 2 Personen, Zugang zu Sanit\u00e4ranlagen und Empfangseinrichtungen. Nebenkosten (zus\u00e4tzliche Person, Haustiere, zus\u00e4tzliches Fahrzeug, etc&#8230;) sind nicht im Basispaket enthalten und werden zu diesem hinzugef\u00fcgt. Die Stellpl\u00e4tze bieten Platz f\u00fcr bis zu 6 Personen (Baby inbegriffen)<\/li>\n<\/ul>\n<p><strong>Miete<\/strong><\/p>\n<ul>\n<li>Die Mietunterk\u00fcnfte sind ausgestattet. Das Grundpaket betr\u00e4gt je nach Mietart 2 bis 8 Personen (inkl. Baby).<\/li>\n<li>Der CAMPING PARADIS AUBETEREbeh\u00e4lt sich das Recht vor, den Zugang zum Campingplatz f\u00fcr Gruppen oder Familien mit einer Teilnehmerzahl zu verweigern, die die Kapazit\u00e4t der gemieteten Unterkunft \u00fcbersteigt.<\/li>\n<\/ul>\n<p><strong>Kosten f\u00fcr die Buchung<\/strong><\/p>\n<p>Die Bearbeitungsgeb\u00fchr betr\u00e4gt 20 \u20ac f\u00fcr eine Miete.<\/p>\n<p>&nbsp;<\/p>\n<p><strong>2.PREISE, KURTAXE &amp; ECO-TEILNAHME<\/strong><\/p>\n<ul>\n<li>Die angegebenen Preise gelten f\u00fcr die Saison 2021. Die Preise verstehen sich in Euro inklusive Mehrwertsteuer und entsprechen der gew\u00e4hlten Unterkunft, der Anzahl der Personen und der Dauer. Lokale Steuern und Zuschl\u00e4ge sind nicht inbegriffen.<\/li>\n<li>Eine f\u00fcr die Gemeinde AUBETERRE-SUR-DRONEerhobene Kurtaxe ist bei Ankunft, \u00dcbernachtung und Person \u00fcber 18 Jahren zu entrichten.<\/li>\n<li>Eine \u00d6ko-Teilnahme ist bei Ankunft, \u00dcbernachtung und Person \u00fcber 18 Jahren zu bezahlen. Unser Betrieb unterliegt Geb\u00fchren f\u00fcr die Entnahme nat\u00fcrlicher Ressourcen (Eigenwasser) und die Wiederaufbereitung von Abf\u00e4llen (Abwasser, Hausm\u00fcll, &#8230;). Es handelt sich also um eine budget\u00e4re Abw\u00e4lzung mit Kompensations- und Sensibilisierungswert (0,10\u20ac\/Personen \u00fcber 18 Jahre\/Nacht)<\/li>\n<\/ul>\n<p><strong>3.BEDINGUNGEN DER ZAHLUNG<\/strong><\/p>\n<ul>\n<li>Bei Buchungen, die mehr als 30 Tage vor Beginn des Aufenthalts vorgenommen werden, ist ab dem Zeitpunkt der Buchung eine Anzahlung von 30% des Preises der gebuchten Leistungen zu leisten. Der Restbetrag muss sp\u00e4testens 30 Tage vor Beginn des Aufenthalts auf dem Campingplatz bezahlt werden.<\/li>\n<li>Auf dem Campingplatz muss bei Buchungen, die mehr als 30 Tage vor Beginn des Aufenthalts vorgenommen werden, eine Anzahlung von 30% des Preises der gebuchten Leistungen bei der Buchung bezahlt werden. Der Restbetrag muss sp\u00e4testens 30 Tage vor Beginn des Aufenthalts auf dem Campingplatz bezahlt werden.<\/li>\n<li>Bei Buchungen, die weniger als 30 Tage vor Beginn des Aufenthalts erfolgen, muss die vollst\u00e4ndige Zahlung zum Zeitpunkt der Buchung erfolgen.<\/li>\n<\/ul>\n<p><strong>4. FEHLEN DES WIDERRUFSRECHTS<\/strong><\/p>\n<p>Gem\u00e4\u00df Artikel L.221-28 des Verbrauchergesetzbuches informiert der CAMPING PARADIS AUBETEREseine Kunden dar\u00fcber, dass der Verkauf von Beherbergungsdienstleistungen zu einem bestimmten Zeitpunkt oder in einer bestimmten Periodizit\u00e4t erfolgt unterliegt nicht den Bestimmungen \u00fcber die 14-t\u00e4gige Widerrufsfrist.<\/p>\n<p><strong>5.REGLEMENT DES AUFENTHALTS<\/strong><\/p>\n<p>Akzeptierte Zahlungsmethoden<\/p>\n<p>Als Anzahlung und als Restbetrag k\u00f6nnen Sie Ihre Reservierung oder Ihren Aufenthalt mit folgenden Zahlungsmethoden bezahlen:<\/p>\n<p>Bankscheck, franz\u00f6sischer Postscheck, Urlaubsscheck, Postanweisung oder Bargeld, Bankkarte, nationale oder internationale Bank\u00fcberweisung<\/p>\n<p>Modalit\u00e4ten der Abwicklung<\/p>\n<p>Auf der Website des Campingplatzes<\/p>\n<p>Jede verbindliche Buchungsanfrage des K\u00e4ufers setzt sich wie folgt zusammen:<\/p>\n<ul>\n<li>Anzahlung von 30% des Aufenthaltsbetrags + Bearbeitungskosten + R\u00fccktrittsversicherung (optional)<\/li>\n<li>Restbetrag des Aufenthalts sp\u00e4testens 30 Tage vor Ihrer Ankunft f\u00fcr Miet- und Campingaufenthalte. F\u00fcr den Fall, dass der Restbetrag nicht innerhalb der angegebenen Frist beglichen wird, gilt der Restbetrag als storniert und es gelten unsere unten beschriebenen Stornierungsbedingungen.<\/li>\n<\/ul>\n<p>Per Post<\/p>\n<p>Jede verbindliche Buchungsanfrage des K\u00e4ufers setzt sich wie folgt zusammen:<\/p>\n<ul>\n<li>Anzahlung von 30% des Aufenthaltsbetrags + Bearbeitungskosten + R\u00fccktrittsversicherung (optional)<\/li>\n<\/ul>\n<p>Restbetrag des Aufenthalts sp\u00e4testens 30 Tage vor Ihrer Ankunft f\u00fcr Miet- und Campingaufenthalte. F\u00fcr den Fall, dass der Restbetrag nicht innerhalb der angegebenen Frist beglichen wird, gilt der Restbetrag als storniert und es gelten unsere unten beschriebenen Stornierungsbedingungen<\/p>\n<p>Diese Reservierung hat erst Vertragswert, wenn der K\u00e4ufer eine Anmeldebest\u00e4tigung vom Campingplatz erhalten hat.<\/p>\n<p>Der Restbetrag ist sp\u00e4testens 30 Tage vor Beginn des Aufenthalts zu begleichen. F\u00fcr den Fall, dass der Restbetrag nicht innerhalb der angegebenen Frist beglichen wird, gilt der Restbetrag als storniert und es gelten unsere unten beschriebenen Stornierungsbedingungen.<\/p>\n<p><strong>6.STORNIERUNG UND \u00c4NDERUNGEN<\/strong><\/p>\n<p><strong>\u00c4nderung Ihrer Buchung oder Buchung<\/strong><\/p>\n<ul>\n<li>Der Kunde kann die \u00c4nderung seines Aufenthalts auf demselben Campingplatz (Daten, Art der Unterkunft) beantragen. Unbeschadet der Tatsache, dass die vollst\u00e4ndige Zahlung des Restbetrags vor der Abreise f\u00e4llig ist, ist jede \u00c4nderung auf Wunsch des Kunden m\u00f6glich und kann zu \u00c4nderungsgeb\u00fchren f\u00fchren. Jede \u00c4nderungsanfrage muss vom Kunden schriftlich best\u00e4tigt werden und unterliegt der Verf\u00fcgbarkeit und Annahme durch CAMPING PARADIS AUBETERRE. F\u00fcr den Fall, dass der Vertragspartner seinen Aufenthalt verl\u00e4ngern m\u00f6chte, gilt der geltende Tarif. Jede \u00c4nderung Ihrer Handlung, von einem h\u00f6heren Bereich zu einem niedrigeren Bereich, f\u00fchrt zu keiner R\u00fcckerstattung.<\/li>\n<li>Jeder Antrag auf Verk\u00fcrzung Ihres Aufenthalts gilt als Teilstornierung und unterliegt den Stornierungs- und Abbruchbedingungen.<\/li>\n<\/ul>\n<p>&nbsp;<\/p>\n<ul>\n<li>Jede Anfrage des KUNDEN zur \u00c4nderung oder Stornierung des AUFENTHALTS muss gesendet werden<br \/>\nCAMPING PARADIS AUBETERRE per Einschreiben mit Empfangsanfrage. Die unten genannten Fristen gelten ab dem Datum des Eingangs dieses Schreibens, wobei der Poststempel ma\u00dfgeblich ist. Bei Stornierung oder \u00c4nderung des AUFENTHALTS werden mindestens folgende Kosten erhoben:<\/li>\n<\/ul>\n<p>*<strong> \u00dcber 30 Tage vor Beginn des AUFENTHALTS<\/strong>: 30% des Preises des AUFENTHALTS + Kosten<br \/>\nAntragsunterlagen + Versicherungskosten (falls gebucht);<\/p>\n<p>*<strong>Weniger als 30 Tage vor Beginn des AUFENTHALTS<\/strong>: 100% des AUFENTHALTS + Kosten<br \/>\nVersicherungskosten + Versicherungskosten (falls gebucht).<\/p>\n<p><strong>Nicht in Anspruch genommene Leistungen<\/strong><\/p>\n<p>Jeder unterbrochene, verk\u00fcrzte Aufenthalt (versp\u00e4tete Ankunft, vorzeitige Abreise) oder im Falle der Nichtanreise auf dem Campingplatz einer vom Kunden gebuchten Unterkunft f\u00fchrt nicht zu einer R\u00fcckerstattung dieser Leistung.<\/p>\n<p><strong>Stornierung des Campingplatzes<\/strong> CAMPING PARADIS AUBETERRE<\/p>\n<p>Um eine eventuelle Entsch\u00e4digung zu erhalten, laden wir Sie ein, bei der Buchung eine Stornierungs- oder Aufenthaltsunterbrechungsversicherung abzuschlie\u00dfen.<\/p>\n<p>&nbsp;<\/p>\n<p>Im Falle einer Stornierung durch CAMPING PARADIS AUBETEREs, au\u00dfer im Falle h\u00f6herer Gewalt, wird der Aufenthalt vollst\u00e4ndig erstattet. Diese Stornierung kann jedoch nicht zu Schadensersatz f\u00fchren.<\/p>\n<p>&nbsp;<\/p>\n<p><strong><span class=\"text__translation\">Reiser\u00fccktrittsversicherung<\/span><\/strong><\/p>\n<p>Wir laden Sie ein, bei der Buchung eine Stornierungs- oder Aufenthaltsunterbrechungsversicherung abzuschlie\u00dfen.<\/p>\n<p>&nbsp;<\/p>\n<ul>\n<li>VERSICHERUNGSWERTE 152 BD Haussman 75008 PARIS<\/li>\n<\/ul>\n<p>&nbsp;<\/p>\n<p><strong>7.IHR AUFENTHALT<\/strong><\/p>\n<p><strong><span class=\"text__translation\">Ankunft<\/span><\/strong><\/p>\n<ul>\n<li>Stellpl\u00e4tze: Anreise ab 12:00 Uhr<\/li>\n<li>Mietunterk\u00fcnfte: Am Tag Ihrer Ankunft werden Sie ab 16:00 Uhr abgeholt. Bei \u00dcbergabe der Schl\u00fcssel Ihres Mietobjekts wird eine Kaution verlangt.<\/li>\n<\/ul>\n<p>&nbsp;<\/p>\n<p><strong>W\u00e4hrend Ihres Aufenthalts<\/strong><\/p>\n<p>Der Campingplatz \u00fcbernimmt keine Haftung f\u00fcr Vorf\u00e4lle, die unter die Haftpflicht des Campers fallen. Alle Kunden m\u00fcssen die Bestimmungen der Hausordnung einhalten. Jeder Mieter ist verantwortlich f\u00fcr St\u00f6rungen und Bel\u00e4stigungen, die von Personen verursacht werden, die bei ihm wohnen oder ihn besuchen.<\/p>\n<p><strong>Abgehen<\/strong><\/p>\n<ul>\n<li>Mietunterk\u00fcnfte: Am Abreisetag, der in Ihrem Vertrag angegeben ist, muss die Mietunterkunft vor 10 Uhr morgens freigegeben werden. Die Unterkunft wird in einwandfreiem Zustand zur\u00fcckgegeben, und das Inventar kann \u00fcberpr\u00fcft werden, alle gebrochenen Gegenst\u00e4nde bleiben auf Ihre Kosten, sowie die Wiederherstellung der R\u00e4umlichkeiten, wenn dies erforderlich ist.<\/li>\n<li>Die Kaution wird Ihnen am Ende des Aufenthalts abz\u00fcglich der einbehaltenen Entsch\u00e4digungen auf Rechnungen f\u00fcr eventuelle Sch\u00e4den, die durch das Protokoll der Ausfahrt festgestellt wurden, zur\u00fcckerstattet. Die Einbehaltung der Kaution schlie\u00dft eine zus\u00e4tzliche Entsch\u00e4digung nicht aus, wenn die Kosten den Betrag der Kaution \u00fcbersteigen.<\/li>\n<li>F\u00fcr den Fall, dass die Unterkunft nicht vor Ihrer Abreise gereinigt wurde, wird eine Reinigungsgeb\u00fchr von mindestens 80 \u20ac inklusive Steuern verlangt.<\/li>\n<li>Bei versp\u00e4teter Abreise kann ein zus\u00e4tzlicher Tag zum aktuellen \u00dcbernachtungspreis berechnet werden.<\/li>\n<\/ul>\n<p><strong>8.BESUCHER<\/strong><\/p>\n<p>Besucher sind auf dem Campingplatz erlaubt, nachdem sie sich an der Rezeption des Campingplatzes vorgestellt und die Besuchergeb\u00fchr bezahlt haben. Die Besucher haben Zugang zu den Einrichtungen des Campingplatzes, mit Ausnahme der Wasserr\u00e4ume.<\/p>\n<p><strong>9.TIERE<\/strong><\/p>\n<p>Haustiere sind erlaubt (ausgenommen Hunde der 1. und 2. Kategorie) gegen eine Geb\u00fchr, die bei der Buchung zu zahlen ist. Sie m\u00fcssen st\u00e4ndig an der Leine gef\u00fchrt werden. Sie sind in der N\u00e4he von Schwimmb\u00e4dern, in Lebensmittelgesch\u00e4ften und in Geb\u00e4uden verboten. Der Impfpass f\u00fcr Hunde und Katzen muss aktuell sein.<\/p>\n<p><strong>10.IMAGE<\/strong><\/p>\n<p>Sie erlauben ausdr\u00fccklich und ohne Gegenleistung, dass CAMPING PARADIS AUBETERRE Fotos und\/oder Filme verwendet, die w\u00e4hrend Ihres Aufenthalts f\u00fcr die Kommunikationszwecke der Gruppe Camping Paradis aufgenommen werden k\u00f6nnten.<\/p>\n<p>Jeder Urlauber, der sich weigert, w\u00e4hrend seines Aufenthalts fotografiert oder gefilmt zu werden, muss dies CAMPING PARADIS AUBETERRE vorab schriftlich mitteilen. Sie erlauben auch deren Verbreitung, Ver\u00f6ffentlichung und Vermarktung in allen Arten von Materialien, die verwendet werden k\u00f6nnen.<\/p>\n<p><strong>11.STREITIGKEIT<\/strong><\/p>\n<ul>\n<li>Eventuelle Beanstandungen bez\u00fcglich der Nichteinhaltung der Leistungen in Bezug auf vertragliche Verpflichtungen k\u00f6nnen per Einschreiben mit Empfangsbest\u00e4tigung an CAMPING PARADIS AUBETERRE Route de Rib\u00e9rac 16390 AUBETERRE SUR DRONNE gemeldet werden.<\/li>\n<\/ul>\n<p>&nbsp;<\/p>\n<p><strong>12.MEDIATION<\/strong><\/p>\n<p>Im Falle eines Rechtsstreits haben Sie die M\u00f6glichkeit, uns wie folgt zu kontaktieren:<\/p>\n<ul>\n<li>Versand eines Briefes per Einschreiben mit Empfangsbest\u00e4tigung an CAMPING PARADIS AUBETERRE Route de Rib\u00e9rac 16390 AUBETERRE SUR DRONNE innerhalb von 8 Tagen nach Ende des Aufenthalts.<\/li>\n<\/ul>\n<p>&nbsp;<\/p>\n<p><strong>13.VERANTWORTUNG CAMPING PARADIS AUBETERRE<\/strong><\/p>\n<p>Der Kunde erkennt ausdr\u00fccklich an, dass CAMPING PARADIS AUBETERRE SUR DRONNEne aufgrund der Kommunikation durch seine Partner haftbar gemacht werden kann. Alle auf der Website von CAMPING PARADIS AUBETERRE verwendeten Fotos und Texte sind unverbindlich. Sie dienen lediglich der Orientierung.<\/p>\n<p>&nbsp;<\/p>\n<p><strong>14.INFORMATIK UND FREIHEIT<\/strong><\/p>\n<p>Die Informationen, die Sie uns im Zusammenhang mit Ihrer Bestellung mitteilen, werden nicht an Dritte weitergegeben. Diese Informationen werden von CAMPING PARADIS AUBETERRE als vertraulich behandelt. Sie werden nur von CAMPING PARADIS AUBETERRE verwendet, um Ihre Bestellung zu bearbeiten und die Kommunikation und das Angebot von Dienstleistungen f\u00fcr die Kunden von CAMPING PARADIS AUBETERRE nach Ihren Interessen zu st\u00e4rken und zu personalisieren. Gem\u00e4\u00df dem IT- und Freiheitsgesetz vom 6. Januar 1978 haben Sie das Recht auf Zugang, Berichtigung und Widerspruch zu Ihren personenbezogenen Daten. Dazu gen\u00fcgt es, uns eine Anfrage per Post an folgende Adresse zu senden: CAMPING PARADIS AUBETERRE Route de Rib\u00e9rac 16390 AUBETERRE SUR DRONNE mit Ihrem Namen, Vornamen und Ihrer Adresse.[\/vc_column_text][\/vc_column][\/vc_row]<\/p>\n<\/div>","protected":false},"excerpt":{"rendered":"<p>[vc_row][vc_column width=&#8220;1\/1&#8243;][vc_column_text]ALLGEMEINE GESCH\u00c4FTSBEDINGUNGEN CAMPING PARADIS PR\u00c4AMBEL Diese Allgemeinen Gesch\u00e4ftsbedingungen gelten f\u00fcr alle Dienstleistungen, die auf der Website CAMPING PARADIS AUBETERREoder [&hellip;]<\/p>\n","protected":false},"author":4,"featured_media":0,"parent":0,"menu_order":0,"comment_status":"closed","ping_status":"closed","template":"","meta":{"footnotes":""},"class_list":["post-83890","page","type-page","status-publish","hentry"],"yoast_head":"<!-- This site is optimized with the Yoast SEO plugin v24.8.1 - https:\/\/yoast.com\/wordpress\/plugins\/seo\/ -->\n<title>AGB | Camping Aubeterre sur Dronne<\/title>\n<meta name=\"robots\" content=\"index, follow, max-snippet:-1, max-image-preview:large, max-video-preview:-1\" \/>\n<link rel=\"canonical\" href=\"https:\/\/www.camping-aubeterre-sur-dronne.fr\/de\/agb\/\" \/>\n<meta property=\"og:locale\" content=\"de_DE\" \/>\n<meta property=\"og:type\" content=\"article\" \/>\n<meta property=\"og:title\" content=\"AGB | Camping Aubeterre sur Dronne\" \/>\n<meta property=\"og:description\" content=\"[vc_row][vc_column width=&#8220;1\/1&#8243;][vc_column_text]ALLGEMEINE GESCH\u00c4FTSBEDINGUNGEN CAMPING PARADIS PR\u00c4AMBEL Diese Allgemeinen Gesch\u00e4ftsbedingungen gelten f\u00fcr alle Dienstleistungen, die auf der Website CAMPING PARADIS AUBETERREoder [&hellip;]\" \/>\n<meta property=\"og:url\" content=\"https:\/\/www.camping-aubeterre-sur-dronne.fr\/de\/agb\/\" \/>\n<meta property=\"og:site_name\" content=\"Camping Aubeterre sur Dronne\" \/>\n<meta property=\"article:publisher\" content=\"https:\/\/www.facebook.com\/Camping-Aubeterre-Snack-de-la-plage-1280979968719503\/\" \/>\n<meta property=\"article:modified_time\" content=\"2022-09-15T13:05:03+00:00\" \/>\n<meta name=\"twitter:card\" content=\"summary_large_image\" \/>\n<meta name=\"twitter:label1\" content=\"Gesch\u00e4tzte Lesezeit\" \/>\n\t<meta name=\"twitter:data1\" content=\"9\u00a0Minuten\" \/>\n<script type=\"application\/ld+json\" class=\"yoast-schema-graph\">{\"@context\":\"https:\/\/schema.org\",\"@graph\":[{\"@type\":\"WebPage\",\"@id\":\"https:\/\/www.camping-aubeterre-sur-dronne.fr\/de\/agb\/\",\"url\":\"https:\/\/www.camping-aubeterre-sur-dronne.fr\/de\/agb\/\",\"name\":\"AGB | Camping Aubeterre sur Dronne\",\"isPartOf\":{\"@id\":\"https:\/\/www.camping-aubeterre-sur-dronne.fr\/de\/#website\"},\"datePublished\":\"2022-09-15T13:04:58+00:00\",\"dateModified\":\"2022-09-15T13:05:03+00:00\",\"breadcrumb\":{\"@id\":\"https:\/\/www.camping-aubeterre-sur-dronne.fr\/de\/agb\/#breadcrumb\"},\"inLanguage\":\"de\",\"potentialAction\":[{\"@type\":\"ReadAction\",\"target\":[\"https:\/\/www.camping-aubeterre-sur-dronne.fr\/de\/agb\/\"]}]},{\"@type\":\"BreadcrumbList\",\"@id\":\"https:\/\/www.camping-aubeterre-sur-dronne.fr\/de\/agb\/#breadcrumb\",\"itemListElement\":[{\"@type\":\"ListItem\",\"position\":1,\"name\":\"Accueil\",\"item\":\"https:\/\/www.camping-aubeterre-sur-dronne.fr\/de\/\"},{\"@type\":\"ListItem\",\"position\":2,\"name\":\"AGB\"}]},{\"@type\":\"WebSite\",\"@id\":\"https:\/\/www.camping-aubeterre-sur-dronne.fr\/de\/#website\",\"url\":\"https:\/\/www.camping-aubeterre-sur-dronne.fr\/de\/\",\"name\":\"Camping Aubeterre sur Dronne\",\"description\":\"Camping et base de loisirs\",\"publisher\":{\"@id\":\"https:\/\/www.camping-aubeterre-sur-dronne.fr\/de\/#organization\"},\"potentialAction\":[{\"@type\":\"SearchAction\",\"target\":{\"@type\":\"EntryPoint\",\"urlTemplate\":\"https:\/\/www.camping-aubeterre-sur-dronne.fr\/de\/?s={search_term_string}\"},\"query-input\":{\"@type\":\"PropertyValueSpecification\",\"valueRequired\":true,\"valueName\":\"search_term_string\"}}],\"inLanguage\":\"de\"},{\"@type\":\"Organization\",\"@id\":\"https:\/\/www.camping-aubeterre-sur-dronne.fr\/de\/#organization\",\"name\":\"Camping Aubeterre sur Dronne\",\"url\":\"https:\/\/www.camping-aubeterre-sur-dronne.fr\/de\/\",\"logo\":{\"@type\":\"ImageObject\",\"inLanguage\":\"de\",\"@id\":\"https:\/\/www.camping-aubeterre-sur-dronne.fr\/de\/#\/schema\/logo\/image\/\",\"url\":\"https:\/\/www.camping-aubeterre-sur-dronne.fr\/wp-content\/uploads\/2019\/05\/logo-camping.png\",\"contentUrl\":\"https:\/\/www.camping-aubeterre-sur-dronne.fr\/wp-content\/uploads\/2019\/05\/logo-camping.png\",\"width\":500,\"height\":260,\"caption\":\"Camping Aubeterre sur Dronne\"},\"image\":{\"@id\":\"https:\/\/www.camping-aubeterre-sur-dronne.fr\/de\/#\/schema\/logo\/image\/\"},\"sameAs\":[\"https:\/\/www.facebook.com\/Camping-Aubeterre-Snack-de-la-plage-1280979968719503\/\"]}]}<\/script>\n<!-- \/ Yoast SEO plugin. -->","yoast_head_json":{"title":"AGB | Camping Aubeterre sur Dronne","robots":{"index":"index","follow":"follow","max-snippet":"max-snippet:-1","max-image-preview":"max-image-preview:large","max-video-preview":"max-video-preview:-1"},"canonical":"https:\/\/www.camping-aubeterre-sur-dronne.fr\/de\/agb\/","og_locale":"de_DE","og_type":"article","og_title":"AGB | Camping Aubeterre sur Dronne","og_description":"[vc_row][vc_column width=&#8220;1\/1&#8243;][vc_column_text]ALLGEMEINE GESCH\u00c4FTSBEDINGUNGEN CAMPING PARADIS PR\u00c4AMBEL Diese Allgemeinen Gesch\u00e4ftsbedingungen gelten f\u00fcr alle Dienstleistungen, die auf der Website CAMPING PARADIS AUBETERREoder [&hellip;]","og_url":"https:\/\/www.camping-aubeterre-sur-dronne.fr\/de\/agb\/","og_site_name":"Camping Aubeterre sur Dronne","article_publisher":"https:\/\/www.facebook.com\/Camping-Aubeterre-Snack-de-la-plage-1280979968719503\/","article_modified_time":"2022-09-15T13:05:03+00:00","twitter_card":"summary_large_image","twitter_misc":{"Gesch\u00e4tzte Lesezeit":"9\u00a0Minuten"},"schema":{"@context":"https:\/\/schema.org","@graph":[{"@type":"WebPage","@id":"https:\/\/www.camping-aubeterre-sur-dronne.fr\/de\/agb\/","url":"https:\/\/www.camping-aubeterre-sur-dronne.fr\/de\/agb\/","name":"AGB | Camping Aubeterre sur Dronne","isPartOf":{"@id":"https:\/\/www.camping-aubeterre-sur-dronne.fr\/de\/#website"},"datePublished":"2022-09-15T13:04:58+00:00","dateModified":"2022-09-15T13:05:03+00:00","breadcrumb":{"@id":"https:\/\/www.camping-aubeterre-sur-dronne.fr\/de\/agb\/#breadcrumb"},"inLanguage":"de","potentialAction":[{"@type":"ReadAction","target":["https:\/\/www.camping-aubeterre-sur-dronne.fr\/de\/agb\/"]}]},{"@type":"BreadcrumbList","@id":"https:\/\/www.camping-aubeterre-sur-dronne.fr\/de\/agb\/#breadcrumb","itemListElement":[{"@type":"ListItem","position":1,"name":"Accueil","item":"https:\/\/www.camping-aubeterre-sur-dronne.fr\/de\/"},{"@type":"ListItem","position":2,"name":"AGB"}]},{"@type":"WebSite","@id":"https:\/\/www.camping-aubeterre-sur-dronne.fr\/de\/#website","url":"https:\/\/www.camping-aubeterre-sur-dronne.fr\/de\/","name":"Camping Aubeterre sur Dronne","description":"Camping et base de loisirs","publisher":{"@id":"https:\/\/www.camping-aubeterre-sur-dronne.fr\/de\/#organization"},"potentialAction":[{"@type":"SearchAction","target":{"@type":"EntryPoint","urlTemplate":"https:\/\/www.camping-aubeterre-sur-dronne.fr\/de\/?s={search_term_string}"},"query-input":{"@type":"PropertyValueSpecification","valueRequired":true,"valueName":"search_term_string"}}],"inLanguage":"de"},{"@type":"Organization","@id":"https:\/\/www.camping-aubeterre-sur-dronne.fr\/de\/#organization","name":"Camping Aubeterre sur Dronne","url":"https:\/\/www.camping-aubeterre-sur-dronne.fr\/de\/","logo":{"@type":"ImageObject","inLanguage":"de","@id":"https:\/\/www.camping-aubeterre-sur-dronne.fr\/de\/#\/schema\/logo\/image\/","url":"https:\/\/www.camping-aubeterre-sur-dronne.fr\/wp-content\/uploads\/2019\/05\/logo-camping.png","contentUrl":"https:\/\/www.camping-aubeterre-sur-dronne.fr\/wp-content\/uploads\/2019\/05\/logo-camping.png","width":500,"height":260,"caption":"Camping Aubeterre sur Dronne"},"image":{"@id":"https:\/\/www.camping-aubeterre-sur-dronne.fr\/de\/#\/schema\/logo\/image\/"},"sameAs":["https:\/\/www.facebook.com\/Camping-Aubeterre-Snack-de-la-plage-1280979968719503\/"]}]}},"_links":{"self":[{"href":"https:\/\/www.camping-aubeterre-sur-dronne.fr\/de\/wp-json\/wp\/v2\/pages\/83890","targetHints":{"allow":["GET"]}}],"collection":[{"href":"https:\/\/www.camping-aubeterre-sur-dronne.fr\/de\/wp-json\/wp\/v2\/pages"}],"about":[{"href":"https:\/\/www.camping-aubeterre-sur-dronne.fr\/de\/wp-json\/wp\/v2\/types\/page"}],"author":[{"embeddable":true,"href":"https:\/\/www.camping-aubeterre-sur-dronne.fr\/de\/wp-json\/wp\/v2\/users\/4"}],"replies":[{"embeddable":true,"href":"https:\/\/www.camping-aubeterre-sur-dronne.fr\/de\/wp-json\/wp\/v2\/comments?post=83890"}],"version-history":[{"count":5,"href":"https:\/\/www.camping-aubeterre-sur-dronne.fr\/de\/wp-json\/wp\/v2\/pages\/83890\/revisions"}],"predecessor-version":[{"id":83895,"href":"https:\/\/www.camping-aubeterre-sur-dronne.fr\/de\/wp-json\/wp\/v2\/pages\/83890\/revisions\/83895"}],"wp:attachment":[{"href":"https:\/\/www.camping-aubeterre-sur-dronne.fr\/de\/wp-json\/wp\/v2\/media?parent=83890"}],"curies":[{"name":"wp","href":"https:\/\/api.w.org\/{rel}","templated":true}]}}