{"id":80178,"date":"2021-01-07T09:38:04","date_gmt":"2021-01-07T08:38:04","guid":{"rendered":"https:\/\/www.camping-aubeterre-sur-dronne.fr\/?page_id=80178"},"modified":"2022-09-13T15:13:29","modified_gmt":"2022-09-13T13:13:29","slug":"cgv","status":"publish","type":"page","link":"https:\/\/www.camping-aubeterre-sur-dronne.fr\/en\/cgv\/","title":{"rendered":"cgv"},"content":{"rendered":"<div class=\"wpb-content-wrapper\"><p>[vc_row][vc_column width=&#8221;1\/1&#8243;][vc_column_text]<br \/>\n&nbsp;<\/p>\n<p>&nbsp;<\/p>\n<p><strong>CONDITIONS G\u00c9N\u00c9RALES DE VENTES CAMPING PARADIS<\/strong><\/p>\n<p><strong>PREAMBULE<\/strong><\/p>\n<p>Les pr\u00e9sentes Conditions G\u00e9n\u00e9rales de Vente s\u2019appliquent \u00e0 toutes les prestations propos\u00e9es sur le site internet CAMPING PARADIS AUBETERREou tout autre support de communication.<\/p>\n<p>Le contenu du site internet \u00e0 vocation \u00e0 informer les clients. Certaines des prestations propos\u00e9es peuvent \u00eatre sujettes \u00e0 modification en fonction du taux de remplissage et\/ou \u00eatre accessibles \u00e0 certaines dates uniquement dans la saison. Les tarifs indiqu\u00e9s sont donn\u00e9s \u00e0 titre indicatif et sont susceptibles de modifications et valables uniquement sur la saison en cours. La prestation aura lieu au tarif en vigueur \u00e0 la date de la commande. Les tarifs sont indiqu\u00e9s TTC. Toute modification du taux de TVA entra\u00eenera une modification du tarif. Conform\u00e9ment au Code du Tourisme, CAMPING PARADIS\u00a0AUBETERREse r\u00e9serve le droit d\u2019apporter des modifications aux informations pr\u00e9sentes sur le site internet ou tout autre support de communication. En cas de modifications importantes, celles-ci seront communiqu\u00e9es sur le site internet du camping par le biais d\u2019Erratum.<\/p>\n<ol>\n<li><strong> CONDITIONS DE R\u00c9SERVATION<\/strong><\/li>\n<\/ol>\n<ul>\n<li>Toute personne contractante doit \u00eatre \u00e2g\u00e9e d\u2019au moins 18 ans et \u00eatre dans la capacit\u00e9 juridique de contracter et ne pas \u00eatre sous tutelle ou curatelle. Le contractant doit obligatoirement \u00eatre pr\u00e9sent pendant toute la dur\u00e9e du s\u00e9jour.<\/li>\n<\/ul>\n<p>La r\u00e9servation est effective uniquement avec l\u2019accord du camping, apr\u00e8s r\u00e9ception de l\u2019acompte et apr\u00e8s r\u00e9ception soit du contrat de r\u00e9servation d\u00fbment compl\u00e9t\u00e9 et sign\u00e9, soit apr\u00e8s acceptation des conditions g\u00e9n\u00e9rales de vente lors de la r\u00e9servation en ligne.<\/p>\n<ul>\n<li>La r\u00e9servation d\u2019un emplacement de camping ou d\u2019une location est faite \u00e0 titre strictement personnel. Vous ne pouvez en aucun cas sous-louer ni c\u00e9der votre r\u00e9servation sans le consentement pr\u00e9alable du camping.<\/li>\n<li>Les mineurs doivent \u00eatre accompagn\u00e9s de leurs parents ou tuteurs l\u00e9gaux.<\/li>\n<\/ul>\n<p><strong>Emplacement de camping<\/strong><\/p>\n<ul>\n<li>Le forfait de base comprend l\u2019emplacement pour la tente, la caravane ou le camping-car pour 1 ou 2 personnes, l\u2019acc\u00e8s aux sanitaires et aux infrastructures d\u2019accueil. Les frais annexes (personne suppl\u00e9mentaire, animaux domestiques, v\u00e9hicule suppl\u00e9mentaire, etc\u2026) ne sont pas inclus au forfait de base et s\u2019ajouteront \u00e0 ce dernier. Les emplacements de camping peuvent accueillir jusqu\u2019\u00e0 6 personnes maximum (b\u00e9b\u00e9 inclus).<\/li>\n<\/ul>\n<p><strong>Location<\/strong><\/p>\n<ul>\n<li>Les h\u00e9bergements locatifs sont \u00e9quip\u00e9s. Le forfait de base est de 2 \u00e0 8 personnes (b\u00e9b\u00e9 inclus) selon le type de locatif.<\/li>\n<li>Le CAMPING PARADIS\u00a0AUBETERREse r\u00e9serve le droit de refuser l\u2019acc\u00e8s au camping aux groupes ou familles se pr\u00e9sentant avec un nombre de participants sup\u00e9rieur \u00e0 la capacit\u00e9 de l\u2019h\u00e9bergement lou\u00e9.<\/li>\n<\/ul>\n<p><strong>Frais de r\u00e9servation <\/strong><\/p>\n<p>Les frais de dossier s&#8217;\u00e9l\u00e8vent \u00e0 20 \u20ac euros pour un locatif.<\/p>\n<p><strong>\u00a0<\/strong><\/p>\n<p><strong>2.TARIFS, TAXE DE S\u00c9JOUR&amp; ECO-PARTICIPATION<\/strong><\/p>\n<ul>\n<li>Les prix indiqu\u00e9s sont valables pour la saison 2021. Les prix s\u2019entendent en euros, TVA incluse et correspondent \u00e0 l\u2019h\u00e9bergement choisi, son nombre de personnes et sa dur\u00e9e. Les taxes locales et suppl\u00e9ments \u00e9ventuels ne sont pas inclus.<\/li>\n<li>Une taxe de s\u00e9jour collect\u00e9e pour la Commune de AUBETERRE-SUR-DRONNEest \u00e0 r\u00e9gler \u00e0 votre arriv\u00e9e, \u00e0 la nuit\u00e9e et \u00e0 la personne de plus de 18 ans.<\/li>\n<li>Une \u00e9co-participation est \u00e0 r\u00e9gler \u00e0 l\u2019arriv\u00e9e, \u00e0 la nuit\u00e9e et \u00e0 la personne de plus de 18 ans. Notre exploitation est soumise \u00e0 des taxes de pr\u00e9l\u00e8vement de ressources naturelles (eaux propres) et de retraitement des d\u00e9chets (eaux us\u00e9es, ordures m\u00e9nag\u00e8res, \u2026). Il s\u2019agit donc d\u2019une r\u00e9percussion budg\u00e9taire \u00e0 valeur de compensation et de sensibilisation (0,10\u20ac\/pers de + de 18 ans\/nuit)<\/li>\n<\/ul>\n<p><strong>3.CONDITIONS DE PAIEMENT<\/strong><\/p>\n<ul>\n<li>En locatif, pour les r\u00e9servations effectu\u00e9es plus de 30 jours avant le d\u00e9but du s\u00e9jour, un acompte de 30 % du prix du montant des prestations r\u00e9serv\u00e9es doit \u00eatre r\u00e9gl\u00e9 d\u00e8s la r\u00e9servation. Le solde doit \u00eatre pay\u00e9 au plus tard 30 jours avant la date du d\u00e9but du s\u00e9jour au camping.<\/li>\n<li>En emplacement de camping, pour les r\u00e9servations effectu\u00e9es plus de 30 jours avant le d\u00e9but du s\u00e9jour, un acompte de 30 % du prix du montant des prestations r\u00e9serv\u00e9es doit \u00eatre r\u00e9gl\u00e9 d\u00e8s la r\u00e9servation. Le solde doit \u00eatre pay\u00e9 au plus tard 30 jours avant la date du d\u00e9but du s\u00e9jour au camping.<\/li>\n<li>Pour les r\u00e9servations effectu\u00e9es moins de 30 jours avant la date de d\u00e9but du s\u00e9jour, le r\u00e8glement int\u00e9gral doit \u00eatre effectu\u00e9 au moment de la r\u00e9servation.<\/li>\n<\/ul>\n<p><strong>4.ABSENCE DE DROIT DE R\u00c9TRACTION<\/strong><\/p>\n<p>Conform\u00e9ment \u00e0 l\u2019article L.221-28 du code de la consommation, le CAMPING PARADIS AUBETERREinforme ses clients que la vente de prestations de services d\u2019h\u00e9bergement fournies \u00e0 une date d\u00e9termin\u00e9e, ou selon une p\u00e9riodicit\u00e9 d\u00e9termin\u00e9e, n\u2019est pas soumise aux dispositions relatives au d\u00e9lai de r\u00e9tractation de 14 jours.<\/p>\n<ol start=\"5\">\n<li><strong> REGLEMENT DU SEJOUR<\/strong><\/li>\n<\/ol>\n<p><u>Modes de paiement accept\u00e9s<\/u><\/p>\n<p>Au titre de l&#8217;acompte comme au titre du solde, vous pouvez honorer votre r\u00e9servation ou votre s\u00e9jour par les modes de paiement suivants :<\/p>\n<p>Ch\u00e8que bancaire, ch\u00e8que postal fran\u00e7ais, ch\u00e8que vacances, mandat postal ou esp\u00e8ces, carte bancaire, virement bancaire national ou international<\/p>\n<p><u>Modalit\u00e9s de r\u00e8glement<\/u><\/p>\n<p><em><u>Sur le site internet du camping <\/u><\/em><\/p>\n<p>Toute demande de r\u00e9servation ferme \u00e9manant de l&#8217;acheteur se d\u00e9compose comme suit :<\/p>\n<ul>\n<li>Acompte de 30% du montant du s\u00e9jour + frais de dossiers + assurance annulation (facultative)<\/li>\n<li>Solde du s\u00e9jour au plus tard 30 jours avant votre arriv\u00e9e pour les s\u00e9jours en locatif et en emplacement de camping. Dans le cas o\u00f9 le solde n&#8217;est pas r\u00e9gl\u00e9 dans les d\u00e9lais indiqu\u00e9s, celui-ci est consid\u00e9r\u00e9 comme annul\u00e9 et nos conditions d&#8217;annulation d\u00e9crites ci-apr\u00e8s s&#8217;appliquent.<\/li>\n<\/ul>\n<p><em><u>Par courrier<\/u><\/em><\/p>\n<p>Toute demande de r\u00e9servation ferme \u00e9manant de l&#8217;acheteur se d\u00e9compose comme suit :<\/p>\n<ul>\n<li>Acompte de 30% du montant du s\u00e9jour + frais de dossiers + assurance annulation (facultative)<\/li>\n<\/ul>\n<p>Solde du s\u00e9jour au plus tard 30 jours avant votre arriv\u00e9e pour les s\u00e9jours en locatif et en emplacement de camping. Dans le cas o\u00f9 le solde n&#8217;est pas r\u00e9gl\u00e9 dans les d\u00e9lais indiqu\u00e9s, celui-ci est consid\u00e9r\u00e9 comme annul\u00e9 et nos conditions d&#8217;annulation d\u00e9crites ci-apr\u00e8s s&#8217;appliquent<\/p>\n<p>&nbsp;<\/p>\n<p>Cette r\u00e9servation n&#8217;a de valeur contractuelle qu&#8217;\u00e0 r\u00e9ception par l&#8217;acheteur, d&#8217;une confirmation d&#8217;inscription \u00e9mise par le camping.<\/p>\n<p>Le solde du s\u00e9jour est \u00e0 r\u00e9gler au plus tard 30 jours avant le d\u00e9but du s\u00e9jour. Dans le cas o\u00f9 le solde n&#8217;est pas r\u00e9gl\u00e9 dans les d\u00e9lais indiqu\u00e9s, celui-ci est consid\u00e9r\u00e9 comme annul\u00e9 et nos conditions d&#8217;annulation d\u00e9crites ci-apr\u00e8s s&#8217;appliquent.<\/p>\n<p><strong>6.ANNULATION ET MODIFICATIONS<\/strong><\/p>\n<p><strong>Modification de votre r\u00e9servation <\/strong><\/p>\n<p>&nbsp;<\/p>\n<ul>\n<li>Le Client peut demander la modification de son s\u00e9jour dans le m\u00eame camping (dates, type d\u2019h\u00e9bergement).Sans pr\u00e9judice du fait que le paiement int\u00e9gral du solde est d\u00fb avant le d\u00e9part, toute modification \u00e0 la demande du client est possible et peut entra\u00eener des frais de modification. Toute demande de modifications doit donner lieu \u00e0 une confirmation \u00e9crite de la part du client et reste sous r\u00e9serve de disponibilit\u00e9 et d\u2019acceptation par CAMPING PARADIS AUBETERRE<strong>. <\/strong>Dans le cas o\u00f9 le contractant souhaite prolonger son s\u00e9jour, le tarif en vigueur sera appliqu\u00e9. Tout changement de votre fait, d\u2019une gamme sup\u00e9rieure \u00e0 une gamme inf\u00e9rieure, ne donnera lieu \u00e0 aucun remboursement.<\/li>\n<li>Toute demande de diminution de la dur\u00e9e de votre s\u00e9jour est consid\u00e9r\u00e9e comme une annulation partielle et sera soumise aux modalit\u00e9s d\u2019annulation et interruption de s\u00e9jour.<\/li>\n<\/ul>\n<p>&nbsp;<\/p>\n<ul>\n<li>Toute demande du CLIENT de modification ou d&#8217;annulation du S\u00c9JOUR doit \u00eatre envoy\u00e9<br \/>\n\u00e0 CAMPING PARADIS\u00a0AUBETERRE par lettre recommand\u00e9e avec demande d&#8217;avis de r\u00e9ception. Les d\u00e9lais ci- dessous mentionn\u00e9s s&#8217;entendent \u00e0 partir de la date de r\u00e9ception de ce courrier, le cachet de la poste faisant foi. L&#8217;annulation ou la modification du S\u00c9JOUR entra\u00eenera la perception au minimum des frais suivants :<\/li>\n<\/ul>\n<p>* <strong>Au-del\u00e0 de 30 jours avant le d\u00e9but du S\u00c9JOUR :<\/strong> 30% du prix du S\u00c9JOUR + les frais<br \/>\nde dossier + les frais d\u2019assurance (si souscrite) ;<\/p>\n<p><strong>* Moins de de 30 jours avant le d\u00e9but du S\u00c9JOUR <\/strong>: 100 % du prix du S\u00c9JOUR + les frais<br \/>\nde dossier + les frais d\u2019assurance (si souscrite).<\/p>\n<p><strong>Prestations non utilis\u00e9es <\/strong><\/p>\n<p>&nbsp;<\/p>\n<p>Tout s\u00e9jour interrompu, abr\u00e9g\u00e9 (arriv\u00e9e tardive, d\u00e9part anticip\u00e9), ou en cas de non pr\u00e9sentation sur le camping d&#8217;un h\u00e9bergement r\u00e9serv\u00e9 du fait du client ne donnera lieu \u00e0 aucun remboursement de ladite prestation.<\/p>\n<p><strong>\u00a0<\/strong><\/p>\n<p><strong>Annulation du fait du camping <\/strong>CAMPINGPARADIS AUBETERRE<\/p>\n<p>Pour obtenir un \u00e9ventuel d\u00e9dommagement, nous vous invitons \u00e0 souscrire une assurance annulation ou d\u2019interruption de s\u00e9jour lors de la r\u00e9servation.<\/p>\n<p>&nbsp;<\/p>\n<p>En cas d\u2019annulation du fait de CAMPING PARADIS AUBETERREsauf en cas de force majeure, le s\u00e9jour sera totalement rembours\u00e9. Cette annulation ne pourra cependant pas donner lieu au versement de dommages et int\u00e9r\u00eats.<\/p>\n<p>&nbsp;<\/p>\n<p><strong>Assurance annulation <\/strong><\/p>\n<p>Nous vous invitons \u00e0 souscrire une assurance annulation ou d\u2019interruption de s\u00e9jour lors de la r\u00e9servation.<\/p>\n<p>&nbsp;<\/p>\n<ul>\n<li>VALEURS ASSURANCES 152 BD Haussman 75008 PARIS<\/li>\n<\/ul>\n<p><strong>\u00a0<\/strong><\/p>\n<ol start=\"7\">\n<li><strong> VOTRE S\u00c9JOUR<\/strong><\/li>\n<\/ol>\n<p><strong>Arriv\u00e9e<\/strong><\/p>\n<ul>\n<li>Emplacements camping : les arriv\u00e9es se font \u00e0 partir de 12H00<\/li>\n<li>H\u00e9bergements locatifs : le jour de votre arriv\u00e9e, vous serez accueilli \u00e0 partir de 16h00, et \u00e0 la remise des clefs de votre location, une caution vous sera demand\u00e9e.<\/li>\n<\/ul>\n<p>&nbsp;<\/p>\n<p><strong>Pendant votre s\u00e9jour<\/strong><\/p>\n<p>Le camping d\u00e9cline toute responsabilit\u00e9 en cas d\u2019incident relevant de la responsabilit\u00e9 civile du campeur. Tous les clients doivent se conformer aux dispositions du r\u00e8glement int\u00e9rieur. Chaque locataire en titre est responsable des troubles et nuisances caus\u00e9s par les personnes qui s\u00e9journent avec lui ou lui rendent visite.<\/p>\n<p><strong>D\u00e9part <\/strong><\/p>\n<ul>\n<li>H\u00e9bergements locatifs : au jour du d\u00e9part indiqu\u00e9 sur votre contrat, l\u2019h\u00e9bergement locatif doit \u00eatre lib\u00e9r\u00e9 avant 10 heures du matin. L\u2019h\u00e9bergement sera rendu en parfait \u00e9tat de propret\u00e9, et l\u2019inventaire pourra \u00eatre v\u00e9rifi\u00e9, tout objet cass\u00e9 oud\u00e9t\u00e9rior\u00e9 restera\u00e0 votre charge, ainsi que la remise en \u00e9tat des lieux si cela s\u2019av\u00e9rait n\u00e9cessaire.<\/li>\n<li>La caution vous sera restitu\u00e9e en fin de s\u00e9jour d\u00e9duction faite des indemnit\u00e9s retenues, sur factures justificatives, pour les \u00e9ventuels d\u00e9g\u00e2ts constat\u00e9s par l\u2019\u00e9tat des lieux de sortie. La retenue de la caution n\u2019exclut pas un d\u00e9dommagement suppl\u00e9mentaire dans le cas o\u00f9 les frais seraient sup\u00e9rieurs au montant de celle-ci.<\/li>\n<li>Dans le cas o\u00f9 l\u2019h\u00e9bergement n\u2019aurait pas \u00e9t\u00e9 nettoy\u00e9 avant votre d\u00e9part, un forfait nettoyage d\u2019une valeur minimale de 80\u20ac TTC vous sera demand\u00e9.<\/li>\n<li>Pour tout d\u00e9part retard\u00e9, il pourra vous \u00eatre factur\u00e9 une journ\u00e9e suppl\u00e9mentaire au prix de la nuit en vigueur.<\/li>\n<\/ul>\n<ol start=\"8\">\n<li><strong> VISITEURS<\/strong><\/li>\n<\/ol>\n<p>Les visiteurs sont admis dans l\u2019enceinte du camping apr\u00e8s s\u2019\u00eatre pr\u00e9sent\u00e9s \u00e0 la r\u00e9ception du camping et avoir r\u00e9gl\u00e9 la redevance visiteur. Les visiteurs auront acc\u00e8s aux infrastructures du camping, exception faite des espaces aquatiques.<\/p>\n<ol start=\"9\">\n<li><strong> ANIMAUX<\/strong><\/li>\n<\/ol>\n<p>Les animaux sont accept\u00e9s (except\u00e9s les chiens de la 1\u00e8re et 2\u00e8me cat\u00e9gorie) moyennant une redevance payable lors de votre r\u00e9servation.\u00a0 Ils doivent \u00eatre tenus en laisse en permanence. Ils sont interdits aux abords des piscines, dans les commerces alimentaires et dans les b\u00e2timents. Le carnet de vaccination pour les chiens et les chats doit \u00eatre \u00e0 jour.<\/p>\n<ol start=\"10\">\n<li><strong> IMAGE<\/strong><\/li>\n<\/ol>\n<p>Vous autorisez express\u00e9ment et sans contrepartie, CAMPING PARADIS AUBETERRE \u00e0 utiliser des photographies et\/ou films qui pourraient \u00eatre pris au cours de votre s\u00e9jour pour les besoins de communication du groupe Camping Paradis.<\/p>\n<p>Tout vacancier refusant d\u2019\u00eatre photographi\u00e9 ou film\u00e9 pendant son s\u00e9jour devra en faire part \u00e0 CAMPING PARADIS\u00a0AUBETERRE pr\u00e9alablement et par \u00e9crit. Vous autorisez \u00e9galement leur diffusion, leur publication et leur commercialisation sur tout type de supports susceptibles d\u2019\u00eatre utilis\u00e9s.<\/p>\n<p>&nbsp;<\/p>\n<ol start=\"11\">\n<li><strong> LITIGE<\/strong><\/li>\n<\/ol>\n<ul>\n<li>Toute r\u00e9clamation \u00e9ventuelle concernant la non-conformit\u00e9 des prestations par rapport aux engagements contractuels peut \u00eatre signal\u00e9e par lettre recommand\u00e9e avec accus\u00e9 de r\u00e9ception au CAMPING PARADIS\u00a0AUBETERRE Route de Rib\u00e9rac 16390 AUBETERRE SUR DRONNE.<\/li>\n<\/ul>\n<p>&nbsp;<\/p>\n<p><strong>12.M\u00c9DIATION<\/strong><\/p>\n<p>Dans le cadre d\u2019un litige, vous avez la possibilit\u00e9 de nous contacter de la mani\u00e8re suivante\u00a0:<\/p>\n<ul>\n<li>Envoi d\u2019un courrier par lettre recommand\u00e9e avec accus\u00e9 de r\u00e9ception au CAMPING PARADIS AUBETERRE Route de Rib\u00e9rac 16390 AUBETERRE SUR DRONNE dans un d\u00e9lai de 8 jours apr\u00e8s la fin du s\u00e9jour.<\/li>\n<\/ul>\n<p>&nbsp;<\/p>\n<ol start=\"13\">\n<li><strong> RESPONSABILIT\u00c9 <\/strong>CAMPING PARADIS\u00a0AUBETERRE<\/li>\n<\/ol>\n<p>&nbsp;<\/p>\n<p>Le client reconna\u00eet express\u00e9ment que CAMPING PARADIS\u00a0AUBETERRE SUR DRONNEne pourra \u00eatre tenu responsable, du fait de la communication par ses partenaires. Toutes les photos et les textes utilis\u00e9s sur le site internet de\u00a0 CAMPING PARADIS\u00a0AUBETERRE\u00a0 sont non contractuels. Elles n\u2019ont qu\u2019un caract\u00e8re indicatif.<\/p>\n<p>&nbsp;<\/p>\n<ol start=\"14\">\n<li><strong> INFORMATIQUE ET LIBERT\u00c9 <\/strong><\/li>\n<\/ol>\n<p>Les informations que vous nous communiquez \u00e0 l\u2019occasion de votre commande ne seront transmises \u00e0 aucun tiers. Ces informations seront consid\u00e9r\u00e9es par CAMPING PARADIS\u00a0AUBETERRE comme \u00e9tant confidentielles. Elles seront utilis\u00e9es uniquement par CAMPING PARADIS\u00a0AUBETERRE, pour le traitement de votre commande et pour renforcer et personnaliser la communication et l\u2019offre de services r\u00e9serv\u00e9s aux clients de CAMPING PARADIS\u00a0AUBETERRE en fonction de vos centres d\u2019int\u00e9r\u00eats. Conform\u00e9ment \u00e0 la loi informatique et des libert\u00e9s du 6 janvier 1978, vous disposez d\u2019un droit d\u2019acc\u00e8s, de rectification, et d\u2019opposition aux donn\u00e9es personnelles vous concernant. Pour cela, il suffit de nous en faire la demande par courrier \u00e0 l\u2019adresse suivante : CAMPING PARADIS AUBETERRE Route de Rib\u00e9rac 16390 AUBETERRE SUR DRONNE en nous indiquant vos nom, pr\u00e9nom et adresse.<\/p>\n<p>[\/vc_column_text][\/vc_column][\/vc_row]<\/p>\n<\/div>","protected":false},"excerpt":{"rendered":"<p>[vc_row][vc_column width=&#8221;1\/1&#8243;][vc_column_text] &nbsp; &nbsp; CONDITIONS G\u00c9N\u00c9RALES DE VENTES CAMPING PARADIS PREAMBULE Les pr\u00e9sentes Conditions G\u00e9n\u00e9rales de Vente s\u2019appliquent \u00e0 toutes [&hellip;]<\/p>\n","protected":false},"author":4,"featured_media":0,"parent":0,"menu_order":0,"comment_status":"closed","ping_status":"closed","template":"","meta":{"footnotes":""},"class_list":["post-80178","page","type-page","status-publish","hentry"],"yoast_head":"<!-- This site is optimized with the Yoast SEO plugin v24.8.1 - https:\/\/yoast.com\/wordpress\/plugins\/seo\/ -->\n<title>cgv | Camping Aubeterre sur Dronne<\/title>\n<meta name=\"robots\" content=\"index, follow, max-snippet:-1, max-image-preview:large, max-video-preview:-1\" \/>\n<link rel=\"canonical\" href=\"https:\/\/www.camping-aubeterre-sur-dronne.fr\/en\/cgv\/\" \/>\n<meta property=\"og:locale\" content=\"en_US\" \/>\n<meta property=\"og:type\" content=\"article\" \/>\n<meta property=\"og:title\" content=\"cgv | Camping Aubeterre sur Dronne\" \/>\n<meta property=\"og:description\" content=\"[vc_row][vc_column width=&#8221;1\/1&#8243;][vc_column_text] &nbsp; &nbsp; CONDITIONS G\u00c9N\u00c9RALES DE VENTES CAMPING PARADIS PREAMBULE Les pr\u00e9sentes Conditions G\u00e9n\u00e9rales de Vente s\u2019appliquent \u00e0 toutes [&hellip;]\" \/>\n<meta property=\"og:url\" content=\"https:\/\/www.camping-aubeterre-sur-dronne.fr\/en\/cgv\/\" \/>\n<meta property=\"og:site_name\" content=\"Camping Aubeterre sur Dronne\" \/>\n<meta property=\"article:publisher\" content=\"https:\/\/www.facebook.com\/Camping-Aubeterre-Snack-de-la-plage-1280979968719503\/\" \/>\n<meta property=\"article:modified_time\" content=\"2022-09-13T13:13:29+00:00\" \/>\n<meta name=\"twitter:card\" content=\"summary_large_image\" \/>\n<meta name=\"twitter:label1\" content=\"Est. reading time\" \/>\n\t<meta name=\"twitter:data1\" content=\"12 minutes\" \/>\n<script type=\"application\/ld+json\" class=\"yoast-schema-graph\">{\"@context\":\"https:\/\/schema.org\",\"@graph\":[{\"@type\":\"WebPage\",\"@id\":\"https:\/\/www.camping-aubeterre-sur-dronne.fr\/en\/cgv\/\",\"url\":\"https:\/\/www.camping-aubeterre-sur-dronne.fr\/en\/cgv\/\",\"name\":\"cgv | Camping Aubeterre sur Dronne\",\"isPartOf\":{\"@id\":\"https:\/\/www.camping-aubeterre-sur-dronne.fr\/en\/#website\"},\"datePublished\":\"2021-01-07T08:38:04+00:00\",\"dateModified\":\"2022-09-13T13:13:29+00:00\",\"breadcrumb\":{\"@id\":\"https:\/\/www.camping-aubeterre-sur-dronne.fr\/en\/cgv\/#breadcrumb\"},\"inLanguage\":\"en-US\",\"potentialAction\":[{\"@type\":\"ReadAction\",\"target\":[\"https:\/\/www.camping-aubeterre-sur-dronne.fr\/en\/cgv\/\"]}]},{\"@type\":\"BreadcrumbList\",\"@id\":\"https:\/\/www.camping-aubeterre-sur-dronne.fr\/en\/cgv\/#breadcrumb\",\"itemListElement\":[{\"@type\":\"ListItem\",\"position\":1,\"name\":\"Accueil\",\"item\":\"https:\/\/www.camping-aubeterre-sur-dronne.fr\/en\/\"},{\"@type\":\"ListItem\",\"position\":2,\"name\":\"cgv\"}]},{\"@type\":\"WebSite\",\"@id\":\"https:\/\/www.camping-aubeterre-sur-dronne.fr\/en\/#website\",\"url\":\"https:\/\/www.camping-aubeterre-sur-dronne.fr\/en\/\",\"name\":\"Camping Aubeterre sur Dronne\",\"description\":\"Camping et base de loisirs\",\"publisher\":{\"@id\":\"https:\/\/www.camping-aubeterre-sur-dronne.fr\/en\/#organization\"},\"potentialAction\":[{\"@type\":\"SearchAction\",\"target\":{\"@type\":\"EntryPoint\",\"urlTemplate\":\"https:\/\/www.camping-aubeterre-sur-dronne.fr\/en\/?s={search_term_string}\"},\"query-input\":{\"@type\":\"PropertyValueSpecification\",\"valueRequired\":true,\"valueName\":\"search_term_string\"}}],\"inLanguage\":\"en-US\"},{\"@type\":\"Organization\",\"@id\":\"https:\/\/www.camping-aubeterre-sur-dronne.fr\/en\/#organization\",\"name\":\"Camping Aubeterre sur Dronne\",\"url\":\"https:\/\/www.camping-aubeterre-sur-dronne.fr\/en\/\",\"logo\":{\"@type\":\"ImageObject\",\"inLanguage\":\"en-US\",\"@id\":\"https:\/\/www.camping-aubeterre-sur-dronne.fr\/en\/#\/schema\/logo\/image\/\",\"url\":\"https:\/\/www.camping-aubeterre-sur-dronne.fr\/wp-content\/uploads\/2019\/05\/logo-camping.png\",\"contentUrl\":\"https:\/\/www.camping-aubeterre-sur-dronne.fr\/wp-content\/uploads\/2019\/05\/logo-camping.png\",\"width\":500,\"height\":260,\"caption\":\"Camping Aubeterre sur Dronne\"},\"image\":{\"@id\":\"https:\/\/www.camping-aubeterre-sur-dronne.fr\/en\/#\/schema\/logo\/image\/\"},\"sameAs\":[\"https:\/\/www.facebook.com\/Camping-Aubeterre-Snack-de-la-plage-1280979968719503\/\"]}]}<\/script>\n<!-- \/ Yoast SEO plugin. -->","yoast_head_json":{"title":"cgv | Camping Aubeterre sur Dronne","robots":{"index":"index","follow":"follow","max-snippet":"max-snippet:-1","max-image-preview":"max-image-preview:large","max-video-preview":"max-video-preview:-1"},"canonical":"https:\/\/www.camping-aubeterre-sur-dronne.fr\/en\/cgv\/","og_locale":"en_US","og_type":"article","og_title":"cgv | Camping Aubeterre sur Dronne","og_description":"[vc_row][vc_column width=&#8221;1\/1&#8243;][vc_column_text] &nbsp; &nbsp; CONDITIONS G\u00c9N\u00c9RALES DE VENTES CAMPING PARADIS PREAMBULE Les pr\u00e9sentes Conditions G\u00e9n\u00e9rales de Vente s\u2019appliquent \u00e0 toutes [&hellip;]","og_url":"https:\/\/www.camping-aubeterre-sur-dronne.fr\/en\/cgv\/","og_site_name":"Camping Aubeterre sur Dronne","article_publisher":"https:\/\/www.facebook.com\/Camping-Aubeterre-Snack-de-la-plage-1280979968719503\/","article_modified_time":"2022-09-13T13:13:29+00:00","twitter_card":"summary_large_image","twitter_misc":{"Est. reading time":"12 minutes"},"schema":{"@context":"https:\/\/schema.org","@graph":[{"@type":"WebPage","@id":"https:\/\/www.camping-aubeterre-sur-dronne.fr\/en\/cgv\/","url":"https:\/\/www.camping-aubeterre-sur-dronne.fr\/en\/cgv\/","name":"cgv | Camping Aubeterre sur Dronne","isPartOf":{"@id":"https:\/\/www.camping-aubeterre-sur-dronne.fr\/en\/#website"},"datePublished":"2021-01-07T08:38:04+00:00","dateModified":"2022-09-13T13:13:29+00:00","breadcrumb":{"@id":"https:\/\/www.camping-aubeterre-sur-dronne.fr\/en\/cgv\/#breadcrumb"},"inLanguage":"en-US","potentialAction":[{"@type":"ReadAction","target":["https:\/\/www.camping-aubeterre-sur-dronne.fr\/en\/cgv\/"]}]},{"@type":"BreadcrumbList","@id":"https:\/\/www.camping-aubeterre-sur-dronne.fr\/en\/cgv\/#breadcrumb","itemListElement":[{"@type":"ListItem","position":1,"name":"Accueil","item":"https:\/\/www.camping-aubeterre-sur-dronne.fr\/en\/"},{"@type":"ListItem","position":2,"name":"cgv"}]},{"@type":"WebSite","@id":"https:\/\/www.camping-aubeterre-sur-dronne.fr\/en\/#website","url":"https:\/\/www.camping-aubeterre-sur-dronne.fr\/en\/","name":"Camping Aubeterre sur Dronne","description":"Camping et base de loisirs","publisher":{"@id":"https:\/\/www.camping-aubeterre-sur-dronne.fr\/en\/#organization"},"potentialAction":[{"@type":"SearchAction","target":{"@type":"EntryPoint","urlTemplate":"https:\/\/www.camping-aubeterre-sur-dronne.fr\/en\/?s={search_term_string}"},"query-input":{"@type":"PropertyValueSpecification","valueRequired":true,"valueName":"search_term_string"}}],"inLanguage":"en-US"},{"@type":"Organization","@id":"https:\/\/www.camping-aubeterre-sur-dronne.fr\/en\/#organization","name":"Camping Aubeterre sur Dronne","url":"https:\/\/www.camping-aubeterre-sur-dronne.fr\/en\/","logo":{"@type":"ImageObject","inLanguage":"en-US","@id":"https:\/\/www.camping-aubeterre-sur-dronne.fr\/en\/#\/schema\/logo\/image\/","url":"https:\/\/www.camping-aubeterre-sur-dronne.fr\/wp-content\/uploads\/2019\/05\/logo-camping.png","contentUrl":"https:\/\/www.camping-aubeterre-sur-dronne.fr\/wp-content\/uploads\/2019\/05\/logo-camping.png","width":500,"height":260,"caption":"Camping Aubeterre sur Dronne"},"image":{"@id":"https:\/\/www.camping-aubeterre-sur-dronne.fr\/en\/#\/schema\/logo\/image\/"},"sameAs":["https:\/\/www.facebook.com\/Camping-Aubeterre-Snack-de-la-plage-1280979968719503\/"]}]}},"_links":{"self":[{"href":"https:\/\/www.camping-aubeterre-sur-dronne.fr\/en\/wp-json\/wp\/v2\/pages\/80178","targetHints":{"allow":["GET"]}}],"collection":[{"href":"https:\/\/www.camping-aubeterre-sur-dronne.fr\/en\/wp-json\/wp\/v2\/pages"}],"about":[{"href":"https:\/\/www.camping-aubeterre-sur-dronne.fr\/en\/wp-json\/wp\/v2\/types\/page"}],"author":[{"embeddable":true,"href":"https:\/\/www.camping-aubeterre-sur-dronne.fr\/en\/wp-json\/wp\/v2\/users\/4"}],"replies":[{"embeddable":true,"href":"https:\/\/www.camping-aubeterre-sur-dronne.fr\/en\/wp-json\/wp\/v2\/comments?post=80178"}],"version-history":[{"count":10,"href":"https:\/\/www.camping-aubeterre-sur-dronne.fr\/en\/wp-json\/wp\/v2\/pages\/80178\/revisions"}],"predecessor-version":[{"id":83598,"href":"https:\/\/www.camping-aubeterre-sur-dronne.fr\/en\/wp-json\/wp\/v2\/pages\/80178\/revisions\/83598"}],"wp:attachment":[{"href":"https:\/\/www.camping-aubeterre-sur-dronne.fr\/en\/wp-json\/wp\/v2\/media?parent=80178"}],"curies":[{"name":"wp","href":"https:\/\/api.w.org\/{rel}","templated":true}]}}