{"id":83767,"date":"2022-09-14T17:17:17","date_gmt":"2022-09-14T15:17:17","guid":{"rendered":"https:\/\/www.camping-aubeterre-sur-dronne.fr\/reserva\/"},"modified":"2022-09-14T18:32:26","modified_gmt":"2022-09-14T16:32:26","slug":"reserva","status":"publish","type":"page","link":"https:\/\/www.camping-aubeterre-sur-dronne.fr\/es\/reserva\/","title":{"rendered":"reserva"},"content":{"rendered":"<div class=\"wpb-content-wrapper\"><p>[vc_row][vc_column column_width_percent=\u00bb100&#8243; position_horizontal=\u00bbright\u00bb align_horizontal=\u00bbalign_right\u00bb gutter_size=\u00bb3&#8243; overlay_alpha=\u00bb50&#8243; shift_x=\u00bb0&#8243; shift_y=\u00bb0&#8243; shift_y_down=\u00bb0&#8243; z_index=\u00bb0&#8243; medium_width=\u00bb2&#8243; mobile_visibility=\u00bbyes\u00bb mobile_width=\u00bb0&#8243; width=\u00bb1\/3&#8243;][vc_single_image media=\u00bb44&#8243; media_width_percent=\u00bb40&#8243; alignment=\u00bbright\u00bb][\/vc_column][vc_column column_width_percent=\u00bb100&#8243; align_horizontal=\u00bbalign_center\u00bb gutter_size=\u00bb1&#8243; overlay_alpha=\u00bb50&#8243; shift_x=\u00bb0&#8243; shift_y=\u00bb0&#8243; shift_y_down=\u00bb0&#8243; z_index=\u00bb0&#8243; medium_width=\u00bb0&#8243; mobile_width=\u00bb0&#8243; width=\u00bb1\/3&#8243;][vc_button button_color=\u00bbcolor-140462&#8243; size=\u00bbbtn-xl\u00bb border_width=\u00bb0&#8243; link=\u00bburl:https%3A%2F%2Fthelisresa.webcamp.fr%2F%3Fcamping%3Daubeterre%26PHPSESSID%3Dvee20hv2dem63goel6ordo5eq3|title:reserva%20aqu%C3%AD|target:_blank|\u00bb]reserva aqu\u00ed[\/vc_button][vc_single_image media=\u00bb46&#8243; media_width_percent=\u00bb60&#8243; alignment=\u00bbcenter\u00bb][vc_empty_space empty_h=\u00bb5&#8243;][vc_custom_heading]<a href=\"https:\/\/www.camping-aubeterre-sur-dronne.fr\/es\/tcg\/\">Para leer un poco&#8230;<\/a><\/p>\n<p><a href=\"https:\/\/www.camping-aubeterre-sur-dronne.fr\/es\/tcg\/\">Nuestras Condiciones Generales de Venta<\/a>[\/vc_custom_heading][vc_button button_color=\u00bbcolor-140462&#8243; size=\u00bbbtn-xl\u00bb border_width=\u00bb0&#8243; link=\u00bburl:https%3A%2F%2Fwww.camping-aubeterre-sur-dronne.fr%2Fes%2Ftcg%2F|title:reserva%20aqu%C3%AD|target:_blank|\u00bb]TCG[\/vc_button][vc_single_image media=\u00bb46&#8243; media_width_percent=\u00bb60&#8243; alignment=\u00bbcenter\u00bb][vc_empty_space empty_h=\u00bb5&#8243;][vc_custom_heading]<br \/>\nNuestros seguros de cancelaci\u00f3n<br \/>\n[\/vc_custom_heading][vc_single_image media=\u00bb46&#8243; media_width_percent=\u00bb100&#8243;][\/vc_column][vc_column column_width_percent=\u00bb100&#8243; position_horizontal=\u00bbleft\u00bb gutter_size=\u00bb3&#8243; overlay_alpha=\u00bb50&#8243; shift_x=\u00bb0&#8243; shift_y=\u00bb0&#8243; shift_y_down=\u00bb0&#8243; z_index=\u00bb0&#8243; medium_width=\u00bb0&#8243; mobile_width=\u00bb0&#8243; width=\u00bb1\/3&#8243;][vc_single_image media=\u00bb45&#8243; media_width_percent=\u00bb40&#8243;][\/vc_column][\/vc_row][vc_row][vc_column width=\u00bb1\/1&#8243;][vc_column_text]<\/p>\n<h3 style=\"text-align: center;\"><span class=\"font-162991\">seguro Premium<\/span><\/h3>\n<p style=\"text-align: center;\">Disfrute de muchas ventajas<\/p>\n<p style=\"text-align: center;\">Cancelaci\u00f3n con facilidad y rapidez, sin motivo, sin justificaci\u00f3n, sin pasos a realizar, respuesta de su asegurador en 48h<\/p>\n<p style=\"text-align: center;\">Seguro Premium en resumen&#8230;<\/p>\n<p style=\"text-align: center;\">Evento cubierto: Su incapacidad o voluntad de no irse por cualquier raz\u00f3n<\/p>\n<p style=\"text-align: center;\">Ejemplos de eventos: Pierna rota, miedo a una nueva ola de la Covid-19, cambio de opini\u00f3n, etc&#8230; Cualquier patr\u00f3n es v\u00e1lido<\/p>\n<p style=\"text-align: center;\">Reembolso: Reembolso de los gastos de cancelaci\u00f3n con deducci\u00f3n de una franquicia del 30% con un m\u00ednimo de 50 \u20ac<\/p>\n<p style=\"text-align: center;\">Condiciones: No hay documentos ni justificantes que proporcionar, no hay m\u00ednimo, reembolso con tarjeta de cr\u00e9dito, cancelaci\u00f3n posible hasta el d\u00eda de la salida incluido<\/p>\n<p style=\"text-align: center;\">Justificante a presentar: Ninguno<\/p>\n<p style=\"text-align: center;\">Descubre en detalle los<\/p>\n<p style=\"text-align: center;\"><a href=\"https:\/\/static.secureholiday.net\/static\/CMS\/documents\/000\/003\/000003750_FR.pdf\" target=\"_blank\" rel=\"noopener noreferrer\"><mark>Condiciones generales Seguro Premium<\/mark><\/a><\/p>\n<p>[\/vc_column_text][\/vc_column][\/vc_row][vc_row][vc_column width=\u00bb1\/1&#8243;][vc_column_text]<\/p>\n<h3 style=\"text-align: center;\"><span class=\"font-162991\">Nuestro Seguro de Confort<\/span><\/h3>\n<p style=\"text-align: center;\">El Seguro Confort en resumen&#8230;<\/p>\n<p style=\"text-align: center;\">Evento cubierto: Cualquier evento impredecible, independiente de su voluntad, que le impida salir<\/p>\n<p style=\"text-align: center;\">Ejemplo de acontecimientos: Enfermedad, obtenci\u00f3n de un empleo asalariado, muerte de un familiar, despido econ\u00f3mico, citaci\u00f3n judicial, etc&#8230;<\/p>\n<p style=\"text-align: center;\">Reembolso: Reembolso de los gastos de cancelaci\u00f3n con deducci\u00f3n de una franquicia de 30 \u20ac por motivos m\u00e9dicos, 20% con un m\u00ednimo de 50 \u20ac por todos los dem\u00e1s motivos<\/p>\n<p style=\"text-align: center;\">Condiciones: Justificante a presentar, reembolso con tarjeta de cr\u00e9dito, cancelaci\u00f3n posible hasta el d\u00eda de la salida incluido<\/p>\n<p style=\"text-align: center;\">Justificante a presentar: Lista de documentos que deben presentarse para justificar la cancelaci\u00f3n de la estancia<\/p>\n<p style=\"text-align: center;\">Descubre en detalle los<\/p>\n<p style=\"text-align: center;\">Condiciones Generales Seguro de Confort<\/p>\n<p>[\/vc_column_text][\/vc_column][\/vc_row][vc_row][vc_column width=\u00bb1\/1&#8243;][vc_single_image media=\u00bb80190&#8243; media_width_percent=\u00bb30&#8243; alignment=\u00bbcenter\u00bb][\/vc_column][\/vc_row][vc_row][vc_column width=\u00bb1\/1&#8243;][\/vc_column][\/vc_row]<\/p>\n<\/div>","protected":false},"excerpt":{"rendered":"<p>[vc_row][vc_column column_width_percent=\u00bb100&#8243; position_horizontal=\u00bbright\u00bb align_horizontal=\u00bbalign_right\u00bb gutter_size=\u00bb3&#8243; overlay_alpha=\u00bb50&#8243; shift_x=\u00bb0&#8243; shift_y=\u00bb0&#8243; shift_y_down=\u00bb0&#8243; z_index=\u00bb0&#8243; medium_width=\u00bb2&#8243; mobile_visibility=\u00bbyes\u00bb mobile_width=\u00bb0&#8243; width=\u00bb1\/3&#8243;][vc_single_image media=\u00bb44&#8243; media_width_percent=\u00bb40&#8243; alignment=\u00bbright\u00bb][\/vc_column][vc_column column_width_percent=\u00bb100&#8243; align_horizontal=\u00bbalign_center\u00bb gutter_size=\u00bb1&#8243; [&hellip;]<\/p>\n","protected":false},"author":2,"featured_media":0,"parent":0,"menu_order":0,"comment_status":"closed","ping_status":"closed","template":"","meta":{"footnotes":""},"class_list":["post-83767","page","type-page","status-publish","hentry"],"yoast_head":"<!-- This site is optimized with the Yoast SEO plugin v24.8.1 - https:\/\/yoast.com\/wordpress\/plugins\/seo\/ -->\n<title>Reserva | Camping 3 estrellas Aubeterre sur Dronne<\/title>\n<meta name=\"description\" content=\"Las tarifas de nuestro camping de 3 estrellas situado en Aubeterre sur Dronne en Charente, 95 parcelas en un entorno verde bordeado por un lago...\" \/>\n<meta name=\"robots\" content=\"index, follow, max-snippet:-1, max-image-preview:large, max-video-preview:-1\" \/>\n<link rel=\"canonical\" href=\"https:\/\/www.camping-aubeterre-sur-dronne.fr\/es\/reserva\/\" \/>\n<meta property=\"og:locale\" content=\"es_ES\" \/>\n<meta property=\"og:type\" content=\"article\" \/>\n<meta property=\"og:title\" content=\"Reserva | Camping 3 estrellas Aubeterre sur Dronne\" \/>\n<meta property=\"og:description\" content=\"Las tarifas de nuestro camping de 3 estrellas situado en Aubeterre sur Dronne en Charente, 95 parcelas en un entorno verde bordeado por un lago...\" \/>\n<meta property=\"og:url\" content=\"https:\/\/www.camping-aubeterre-sur-dronne.fr\/es\/reserva\/\" \/>\n<meta property=\"og:site_name\" content=\"Camping Aubeterre sur Dronne\" \/>\n<meta property=\"article:publisher\" content=\"https:\/\/www.facebook.com\/Camping-Aubeterre-Snack-de-la-plage-1280979968719503\/\" \/>\n<meta property=\"article:modified_time\" content=\"2022-09-14T16:32:26+00:00\" \/>\n<meta name=\"twitter:card\" content=\"summary_large_image\" \/>\n<meta name=\"twitter:label1\" content=\"Tiempo de lectura\" \/>\n\t<meta name=\"twitter:data1\" content=\"3 minutos\" \/>\n<script type=\"application\/ld+json\" class=\"yoast-schema-graph\">{\"@context\":\"https:\/\/schema.org\",\"@graph\":[{\"@type\":\"WebPage\",\"@id\":\"https:\/\/www.camping-aubeterre-sur-dronne.fr\/es\/reserva\/\",\"url\":\"https:\/\/www.camping-aubeterre-sur-dronne.fr\/es\/reserva\/\",\"name\":\"Reserva | Camping 3 estrellas Aubeterre sur Dronne\",\"isPartOf\":{\"@id\":\"https:\/\/www.camping-aubeterre-sur-dronne.fr\/es\/#website\"},\"datePublished\":\"2022-09-14T15:17:17+00:00\",\"dateModified\":\"2022-09-14T16:32:26+00:00\",\"description\":\"Las tarifas de nuestro camping de 3 estrellas situado en Aubeterre sur Dronne en Charente, 95 parcelas en un entorno verde bordeado por un lago...\",\"breadcrumb\":{\"@id\":\"https:\/\/www.camping-aubeterre-sur-dronne.fr\/es\/reserva\/#breadcrumb\"},\"inLanguage\":\"es\",\"potentialAction\":[{\"@type\":\"ReadAction\",\"target\":[\"https:\/\/www.camping-aubeterre-sur-dronne.fr\/es\/reserva\/\"]}]},{\"@type\":\"BreadcrumbList\",\"@id\":\"https:\/\/www.camping-aubeterre-sur-dronne.fr\/es\/reserva\/#breadcrumb\",\"itemListElement\":[{\"@type\":\"ListItem\",\"position\":1,\"name\":\"Accueil\",\"item\":\"https:\/\/www.camping-aubeterre-sur-dronne.fr\/es\/\"},{\"@type\":\"ListItem\",\"position\":2,\"name\":\"reserva\"}]},{\"@type\":\"WebSite\",\"@id\":\"https:\/\/www.camping-aubeterre-sur-dronne.fr\/es\/#website\",\"url\":\"https:\/\/www.camping-aubeterre-sur-dronne.fr\/es\/\",\"name\":\"Camping Aubeterre sur Dronne\",\"description\":\"Camping et base de loisirs\",\"publisher\":{\"@id\":\"https:\/\/www.camping-aubeterre-sur-dronne.fr\/es\/#organization\"},\"potentialAction\":[{\"@type\":\"SearchAction\",\"target\":{\"@type\":\"EntryPoint\",\"urlTemplate\":\"https:\/\/www.camping-aubeterre-sur-dronne.fr\/es\/?s={search_term_string}\"},\"query-input\":{\"@type\":\"PropertyValueSpecification\",\"valueRequired\":true,\"valueName\":\"search_term_string\"}}],\"inLanguage\":\"es\"},{\"@type\":\"Organization\",\"@id\":\"https:\/\/www.camping-aubeterre-sur-dronne.fr\/es\/#organization\",\"name\":\"Camping Aubeterre sur Dronne\",\"url\":\"https:\/\/www.camping-aubeterre-sur-dronne.fr\/es\/\",\"logo\":{\"@type\":\"ImageObject\",\"inLanguage\":\"es\",\"@id\":\"https:\/\/www.camping-aubeterre-sur-dronne.fr\/es\/#\/schema\/logo\/image\/\",\"url\":\"https:\/\/www.camping-aubeterre-sur-dronne.fr\/wp-content\/uploads\/2019\/05\/logo-camping.png\",\"contentUrl\":\"https:\/\/www.camping-aubeterre-sur-dronne.fr\/wp-content\/uploads\/2019\/05\/logo-camping.png\",\"width\":500,\"height\":260,\"caption\":\"Camping Aubeterre sur Dronne\"},\"image\":{\"@id\":\"https:\/\/www.camping-aubeterre-sur-dronne.fr\/es\/#\/schema\/logo\/image\/\"},\"sameAs\":[\"https:\/\/www.facebook.com\/Camping-Aubeterre-Snack-de-la-plage-1280979968719503\/\"]}]}<\/script>\n<!-- \/ Yoast SEO plugin. -->","yoast_head_json":{"title":"Reserva | Camping 3 estrellas Aubeterre sur Dronne","description":"Las tarifas de nuestro camping de 3 estrellas situado en Aubeterre sur Dronne en Charente, 95 parcelas en un entorno verde bordeado por un lago...","robots":{"index":"index","follow":"follow","max-snippet":"max-snippet:-1","max-image-preview":"max-image-preview:large","max-video-preview":"max-video-preview:-1"},"canonical":"https:\/\/www.camping-aubeterre-sur-dronne.fr\/es\/reserva\/","og_locale":"es_ES","og_type":"article","og_title":"Reserva | Camping 3 estrellas Aubeterre sur Dronne","og_description":"Las tarifas de nuestro camping de 3 estrellas situado en Aubeterre sur Dronne en Charente, 95 parcelas en un entorno verde bordeado por un lago...","og_url":"https:\/\/www.camping-aubeterre-sur-dronne.fr\/es\/reserva\/","og_site_name":"Camping Aubeterre sur Dronne","article_publisher":"https:\/\/www.facebook.com\/Camping-Aubeterre-Snack-de-la-plage-1280979968719503\/","article_modified_time":"2022-09-14T16:32:26+00:00","twitter_card":"summary_large_image","twitter_misc":{"Tiempo de lectura":"3 minutos"},"schema":{"@context":"https:\/\/schema.org","@graph":[{"@type":"WebPage","@id":"https:\/\/www.camping-aubeterre-sur-dronne.fr\/es\/reserva\/","url":"https:\/\/www.camping-aubeterre-sur-dronne.fr\/es\/reserva\/","name":"Reserva | Camping 3 estrellas Aubeterre sur Dronne","isPartOf":{"@id":"https:\/\/www.camping-aubeterre-sur-dronne.fr\/es\/#website"},"datePublished":"2022-09-14T15:17:17+00:00","dateModified":"2022-09-14T16:32:26+00:00","description":"Las tarifas de nuestro camping de 3 estrellas situado en Aubeterre sur Dronne en Charente, 95 parcelas en un entorno verde bordeado por un lago...","breadcrumb":{"@id":"https:\/\/www.camping-aubeterre-sur-dronne.fr\/es\/reserva\/#breadcrumb"},"inLanguage":"es","potentialAction":[{"@type":"ReadAction","target":["https:\/\/www.camping-aubeterre-sur-dronne.fr\/es\/reserva\/"]}]},{"@type":"BreadcrumbList","@id":"https:\/\/www.camping-aubeterre-sur-dronne.fr\/es\/reserva\/#breadcrumb","itemListElement":[{"@type":"ListItem","position":1,"name":"Accueil","item":"https:\/\/www.camping-aubeterre-sur-dronne.fr\/es\/"},{"@type":"ListItem","position":2,"name":"reserva"}]},{"@type":"WebSite","@id":"https:\/\/www.camping-aubeterre-sur-dronne.fr\/es\/#website","url":"https:\/\/www.camping-aubeterre-sur-dronne.fr\/es\/","name":"Camping Aubeterre sur Dronne","description":"Camping et base de loisirs","publisher":{"@id":"https:\/\/www.camping-aubeterre-sur-dronne.fr\/es\/#organization"},"potentialAction":[{"@type":"SearchAction","target":{"@type":"EntryPoint","urlTemplate":"https:\/\/www.camping-aubeterre-sur-dronne.fr\/es\/?s={search_term_string}"},"query-input":{"@type":"PropertyValueSpecification","valueRequired":true,"valueName":"search_term_string"}}],"inLanguage":"es"},{"@type":"Organization","@id":"https:\/\/www.camping-aubeterre-sur-dronne.fr\/es\/#organization","name":"Camping Aubeterre sur Dronne","url":"https:\/\/www.camping-aubeterre-sur-dronne.fr\/es\/","logo":{"@type":"ImageObject","inLanguage":"es","@id":"https:\/\/www.camping-aubeterre-sur-dronne.fr\/es\/#\/schema\/logo\/image\/","url":"https:\/\/www.camping-aubeterre-sur-dronne.fr\/wp-content\/uploads\/2019\/05\/logo-camping.png","contentUrl":"https:\/\/www.camping-aubeterre-sur-dronne.fr\/wp-content\/uploads\/2019\/05\/logo-camping.png","width":500,"height":260,"caption":"Camping Aubeterre sur Dronne"},"image":{"@id":"https:\/\/www.camping-aubeterre-sur-dronne.fr\/es\/#\/schema\/logo\/image\/"},"sameAs":["https:\/\/www.facebook.com\/Camping-Aubeterre-Snack-de-la-plage-1280979968719503\/"]}]}},"_links":{"self":[{"href":"https:\/\/www.camping-aubeterre-sur-dronne.fr\/es\/wp-json\/wp\/v2\/pages\/83767","targetHints":{"allow":["GET"]}}],"collection":[{"href":"https:\/\/www.camping-aubeterre-sur-dronne.fr\/es\/wp-json\/wp\/v2\/pages"}],"about":[{"href":"https:\/\/www.camping-aubeterre-sur-dronne.fr\/es\/wp-json\/wp\/v2\/types\/page"}],"author":[{"embeddable":true,"href":"https:\/\/www.camping-aubeterre-sur-dronne.fr\/es\/wp-json\/wp\/v2\/users\/2"}],"replies":[{"embeddable":true,"href":"https:\/\/www.camping-aubeterre-sur-dronne.fr\/es\/wp-json\/wp\/v2\/comments?post=83767"}],"version-history":[{"count":6,"href":"https:\/\/www.camping-aubeterre-sur-dronne.fr\/es\/wp-json\/wp\/v2\/pages\/83767\/revisions"}],"predecessor-version":[{"id":83793,"href":"https:\/\/www.camping-aubeterre-sur-dronne.fr\/es\/wp-json\/wp\/v2\/pages\/83767\/revisions\/83793"}],"wp:attachment":[{"href":"https:\/\/www.camping-aubeterre-sur-dronne.fr\/es\/wp-json\/wp\/v2\/media?parent=83767"}],"curies":[{"name":"wp","href":"https:\/\/api.w.org\/{rel}","templated":true}]}}