{"id":83788,"date":"2022-09-14T18:32:25","date_gmt":"2022-09-14T16:32:25","guid":{"rendered":"https:\/\/www.camping-aubeterre-sur-dronne.fr\/tcg\/"},"modified":"2022-09-14T18:32:28","modified_gmt":"2022-09-14T16:32:28","slug":"tcg","status":"publish","type":"page","link":"https:\/\/www.camping-aubeterre-sur-dronne.fr\/es\/tcg\/","title":{"rendered":"TCG"},"content":{"rendered":"<div class=\"wpb-content-wrapper\"><p>[vc_row][vc_column width=\u00bb1\/1&#8243;][vc_column_text]&nbsp;<\/p>\n<p>&nbsp;<\/p>\n<p><strong>CONDICIONES GENERALES DE VENTA CAMPING PARADIS<\/strong><\/p>\n<p><strong>PREAMBULO<\/strong><\/p>\n<p>Las presentes Condiciones Generales de Venta se aplican a todas las prestaciones propuestas en el sitio web CAMPING PARADIS AUBETEREu otro soporte de comunicaci\u00f3n.<\/p>\n<p>El contenido del sitio web destinado a informar a los clientes. Algunas de las prestaciones ofrecidas pueden estar sujetas a cambios en funci\u00f3n del \u00edndice de ocupaci\u00f3n y\/o ser accesibles en determinadas fechas \u00fanicamente en la temporada. Los precios indicados son indicativos y est\u00e1n sujetos a cambios y son v\u00e1lidos solo para la temporada actual. La prestaci\u00f3n tendr\u00e1 lugar a la tarifa vigente en la fecha del pedido. Las tarifas se muestran IVA incluido. Cualquier modificaci\u00f3n del tipo de IVA implicar\u00e1 una modificaci\u00f3n de la tarifa. De acuerdo con el C\u00f3digo de Turismo, CAMPING PARADIS AUBETERE se reserva el derecho de efectuar modificaciones en las informaciones presentes en el sitio web o en cualquier otro soporte de comunicaci\u00f3n. En caso de modificaciones importantes, \u00e9stas se comunicar\u00e1n en la p\u00e1gina web del camping a trav\u00e9s de Erratum.<\/p>\n<p><strong>1.CONDICIONES DE RESERVA<\/strong><\/p>\n<ul>\n<li>Toda persona contratante debe tener al menos 18 a\u00f1os de edad y tener capacidad jur\u00eddica para contratar y no estar bajo tutela o curatela. El contratista deber\u00e1 estar presente obligatoriamente durante toda la estancia.<\/li>\n<\/ul>\n<p>La reserva es efectiva solo con el acuerdo del camping, despu\u00e9s de recibir el dep\u00f3sito y despu\u00e9s de recibir el contrato de reserva debidamente completado y firmado, o despu\u00e9s de aceptar las condiciones generales de venta en el momento de la reserva en l\u00ednea.<\/p>\n<ul>\n<li>La reserva de un camping o de un alquiler se hace a t\u00edtulo estrictamente personal. En ning\u00fan caso podr\u00e1 subarrendar o ceder su reserva sin el consentimiento previo del camping.<\/li>\n<li>Los menores deben ir acompa\u00f1ados de sus padres o tutores legales.<\/li>\n<\/ul>\n<p><strong>parcela de camping<\/strong><\/p>\n<ul>\n<li>El paquete b\u00e1sico incluye el lugar para la tienda de campa\u00f1a, caravana o autocaravana para 1 o 2 personas, el acceso a los sanitarios y las infraestructuras de recepci\u00f3n. Los gastos asociados (persona adicional, animales dom\u00e9sticos, veh\u00edculo adicional, etc&#8230;) no est\u00e1n incluidos en el paquete b\u00e1sico y se a\u00f1adir\u00e1n a \u00e9ste. Las parcelas de camping pueden acomodar hasta 6 personas (beb\u00e9 incluido).<\/li>\n<\/ul>\n<p><strong>Alquiler<\/strong><\/p>\n<ul>\n<li>Los alojamientos de alquiler est\u00e1n equipados. El paquete b\u00e1sico es de 2 a 8 personas (beb\u00e9 incluido) dependiendo del tipo de alquiler.<\/li>\n<li>El CAMPING PARADIS AUBETEREse reserva el derecho de denegar el acceso al camping a los grupos o familias que se presenten con un n\u00famero de participantes superior a la capacidad del alojamiento alquilado.<\/li>\n<\/ul>\n<p><strong>gastos de reserva<\/strong><\/p>\n<p>La tarifa de solicitud es de \u20ac 20 para un alquiler.<\/p>\n<p><strong>2.TARIFAS, IMPUESTO DE ESTANCIA &amp; ECO-PARTICIPACI\u00d3N<\/strong><\/p>\n<ul>\n<li>Los precios indicados son v\u00e1lidos para la temporada 2021. Los precios son en euros, IVA incluido y corresponden al alojamiento elegido, su n\u00famero de personas y su duraci\u00f3n. Los impuestos locales y posibles recargos no est\u00e1n incluidos.<\/li>\n<li>Una tasa tur\u00edstica recaudada para el Municipio de AUBETERRE-SUR-DRONEse debe pagar a su llegada, a la noche y a la persona mayor de 18 a\u00f1os.<\/li>\n<li>La participaci\u00f3n ecol\u00f3gica se paga a la llegada, a la noche y a la persona mayor de 18 a\u00f1os. Nuestra explotaci\u00f3n est\u00e1 sujeta a impuestos de extracci\u00f3n de recursos naturales (aguas limpias) y de reprocesamiento de residuos (aguas residuales, residuos dom\u00e9sticos&#8230;). Se trata, pues, de una repercusi\u00f3n presupuestaria con valor de compensaci\u00f3n y de sensibilizaci\u00f3n (0,10 euros\/personas de + 18 a\u00f1os\/noche)<\/li>\n<\/ul>\n<p><strong>3.CONDICIONES DE PAGO<\/strong><\/p>\n<ul>\n<li>En alquiler, para las reservas realizadas m\u00e1s de 30 d\u00edas antes del inicio de la estancia, se debe abonar un dep\u00f3sito del 30% del importe de las prestaciones reservadas desde el momento de la reserva. El saldo debe pagarse a m\u00e1s tardar 30 d\u00edas antes de la fecha de inicio de la estancia en el camping.<\/li>\n<li>En el camping, para las reservas realizadas m\u00e1s de 30 d\u00edas antes del inicio de la estancia, un dep\u00f3sito del 30% del precio del importe de las prestaciones reservadas debe pagarse desde la reserva. El saldo debe pagarse a m\u00e1s tardar 30 d\u00edas antes de la fecha de inicio de la estancia en el camping.<\/li>\n<li>En el caso de reservas realizadas menos de 30 d\u00edas antes de la fecha de inicio de la estancia, el pago completo debe efectuarse en el momento de la reserva.<\/li>\n<\/ul>\n<p><strong>4.AUSENCIA DE DERECHO DE DESISTIMIENTO<\/strong><\/p>\n<p>De conformidad con el art\u00edculo L.221-28 del c\u00f3digo de consumo, el CAMPING PARADIS AUBETEREinforma a sus clientes que la venta de prestaciones de servicios de alojamiento suministrados en una fecha determinada, o con una periodicidad determinada, no estar\u00e1 sujeta a las disposiciones relativas al plazo de desistimiento de 14 d\u00edas.<\/p>\n<p><strong>5.REGLAMENTO DE LA ESTANCIA<\/strong><\/p>\n<p>m\u00e9todos de pago aceptados<\/p>\n<p>Tanto en concepto de anticipo como de saldo, puede abonar su reserva o estancia mediante los siguientes m\u00e9todos de pago:<\/p>\n<p>Cheque bancario, cheque postal franc\u00e9s, cheque de vacaciones, giro postal o efectivo, tarjeta bancaria, transferencia bancaria nacional o internacional<\/p>\n<p>Modalidades de liquidaci\u00f3n<\/p>\n<p>En el sitio web del camping<\/p>\n<p>Toda solicitud de reserva firme formulada por el comprador se desglosa como sigue:<\/p>\n<ul>\n<li>Dep\u00f3sito del 30% del importe de la estancia + gastos de tramitaci\u00f3n + seguro de cancelaci\u00f3n (opcional)<\/li>\n<li>Saldo de la estancia a m\u00e1s tardar 30 d\u00edas antes de su llegada para estancias en alquiler y camping. En caso de que el saldo no se pague dentro de los plazos indicados, se considerar\u00e1 cancelado y se aplicar\u00e1n las siguientes condiciones de cancelaci\u00f3n.<\/li>\n<\/ul>\n<p>por correo<\/p>\n<p>Toda solicitud de reserva firme presentada por el comprador consta de los siguientes elementos:<\/p>\n<ul>\n<li>Dep\u00f3sito del 30% del importe de la estancia + gastos de tramitaci\u00f3n + seguro de cancelaci\u00f3n (opcional)<\/li>\n<\/ul>\n<p>Saldo de la estancia a m\u00e1s tardar 30 d\u00edas antes de su llegada para estancias en alquiler y camping. En caso de que el saldo no se pague en los plazos indicados, se considerar\u00e1 cancelado y se aplicar\u00e1n las siguientes condiciones de cancelaci\u00f3n<\/p>\n<p>Esta reserva solo tendr\u00e1 valor contractual cuando el comprador reciba una confirmaci\u00f3n de inscripci\u00f3n emitida por el camping.<\/p>\n<p>El saldo de la estancia deber\u00e1 abonarse a m\u00e1s tardar 30 d\u00edas antes del comienzo de la estancia. En caso de que el saldo no se pague dentro de los plazos indicados, se considerar\u00e1 cancelado y se aplicar\u00e1n las siguientes condiciones de cancelaci\u00f3n.<\/p>\n<p><strong>6.CANCELACI\u00d3N Y MODIFICACIONES<\/strong><\/p>\n<p><strong>modificaci\u00f3n de su reserva<\/strong><\/p>\n<ul>\n<li>El Cliente puede solicitar la modificaci\u00f3n de su estancia en el mismo camping (fechas, tipo de alojamiento). Sin perjuicio de que el pago \u00edntegro del saldo se deba antes de la salida, cualquier modificaci\u00f3n a petici\u00f3n del cliente es posible y puede conllevar gastos de modificaci\u00f3n. Cualquier solicitud de modificaci\u00f3n debe ser confirmada por escrito por el cliente y est\u00e1 sujeta a disponibilidad y aceptaci\u00f3n por CAMPING PARADIS AUBETERRE. En caso de que el contratista desee prolongar su estancia, se aplicar\u00e1 la tarifa vigente. Cualquier cambio de su hecho, de una gama superior a una gama inferior, no dar\u00e1 lugar a ning\u00fan reembolso.<\/li>\n<li>Cualquier solicitud de reducci\u00f3n de la duraci\u00f3n de su estancia se considerar\u00e1 una cancelaci\u00f3n parcial y estar\u00e1 sujeta a las modalidades de cancelaci\u00f3n e interrupci\u00f3n de la estancia.<\/li>\n<\/ul>\n<p>&nbsp;<\/p>\n<ul>\n<li>Cualquier solicitud del CLIENTE para modificar o cancelar la ESTANCIA debe ser enviada<br \/>\nCAMPING PARADIS AUBETERRE por carta certificada con solicitud de acuse de recibo. Los plazos mencionados a continuaci\u00f3n se aplicar\u00e1n a partir de la fecha de recepci\u00f3n de este correo, dando fe el matasellos de correos. La cancelaci\u00f3n o modificaci\u00f3n de la ESTANCIA supondr\u00e1 la percepci\u00f3n de un m\u00ednimo de los siguientes gastos:<\/li>\n<\/ul>\n<p>*<strong>M\u00e1s all\u00e1 de 30 d\u00edas antes del comienzo de la ESTANCIA<\/strong>: 30% del precio de la ESTANCIA + gastos<br \/>\nde expediente + los gastos de seguro (si se contrata);<\/p>\n<p>*<strong>Menos de 30 d\u00edas antes del inicio de la ESTANCIA<\/strong>: 100% del precio de la ESTANCIA + gastos<br \/>\nde expediente + los gastos de seguro (si se suscribe).<\/p>\n<p><strong>Prestaciones no utilizadas<\/strong><\/p>\n<p>&nbsp;<\/p>\n<p>Cualquier estancia interrumpida, abreviada (llegada tard\u00eda, salida anticipada), o en caso de no presentaci\u00f3n en el camping de un alojamiento reservado por parte del cliente, no dar\u00e1 lugar a ning\u00fan reembolso de dicha prestaci\u00f3n.<\/p>\n<p>&nbsp;<\/p>\n<p><strong>Cancelaci\u00f3n del camping<\/strong> CAMPINGPARADIS AUBETERRE<\/p>\n<p>Para obtener una posible indemnizaci\u00f3n, le invitamos a contratar un seguro de cancelaci\u00f3n o de interrupci\u00f3n de la estancia al efectuar la reserva.<\/p>\n<p><strong>seguro de cancelaci\u00f3n<\/strong><\/p>\n<p>Le invitamos a contratar un seguro de cancelaci\u00f3n o de interrupci\u00f3n de la estancia durante la reserva.<\/p>\n<ul>\n<li>VALORES SEGUROS 152 BD Haussman 75008 PARIS<\/li>\n<\/ul>\n<p>En caso de cancelaci\u00f3n por CAMPING PARADIS AUBETEREsalvo en caso de fuerza mayor, la estancia ser\u00e1 totalmente reembolsada. Sin embargo, esta anulaci\u00f3n no podr\u00e1 dar lugar al pago de da\u00f1os y perjuicios.<\/p>\n<p><strong>7.SU ESTANCIA<\/strong><\/p>\n<p><strong>llegada<\/strong><\/p>\n<ul>\n<li>Parcelas camping: las llegadas se hacen a partir de las 12:00<\/li>\n<li>Alojamiento de alquiler: el d\u00eda de su llegada, ser\u00e1 recibido a partir de las 16:00, y a la entrega de las llaves de su alquiler, se le pedir\u00e1 un dep\u00f3sito.<\/li>\n<\/ul>\n<p><strong>Durante su estancia<\/strong><\/p>\n<p>El camping declina toda responsabilidad en caso de incidente que sea responsabilidad civil del campista. Todos los clientes deben cumplir con las disposiciones del reglamento interno. Cada inquilino es responsable de los trastornos y molestias causados por las personas que se quedan con \u00e9l o lo visitan.<\/p>\n<p><strong><span class=\"text__translation\">Salida<\/span><\/strong><\/p>\n<ul>\n<li>Alojamiento de alquiler: el d\u00eda de la salida indicado en su contrato, el alojamiento de alquiler debe ser liberado antes de las 10 de la ma\u00f1ana. El alojamiento ser\u00e1 devuelto en perfecto estado de limpieza, y el inventario podr\u00e1 ser verificado, todo objeto roto o deteriorado permanecer\u00e1 a su cargo, as\u00ed como la restauraci\u00f3n de los locales si fuera necesario.<\/li>\n<li>La fianza se devolver\u00e1 al final de la estancia menos las indemnizaciones retenidas, con facturas acreditativas, por los posibles da\u00f1os constatados por el estado de los lugares de salida. La retenci\u00f3n de la fianza no excluye una indemnizaci\u00f3n suplementaria en caso de que los gastos sean superiores al importe de la misma.<\/li>\n<li>En caso de que el alojamiento no se haya limpiado antes de la salida, se le pedir\u00e1 un paquete de limpieza de un valor m\u00ednimo de 80 \u20ac IVA incluido.<\/li>\n<li>En caso de retraso en la salida, el establecimiento puede cobrarle un d\u00eda adicional por la noche.<\/li>\n<\/ul>\n<p><strong>8.VISITANTES<\/strong><\/p>\n<p>Los visitantes son admitidos en el recinto del camping despu\u00e9s de haberse presentado en la recepci\u00f3n del camping y haber pagado la cuota de visitante. Los visitantes tendr\u00e1n acceso a las infraestructuras del camping, excepto los espacios acu\u00e1ticos.<\/p>\n<p><strong>9.ANIMALES<\/strong><\/p>\n<p>Se admiten mascotas (excepto perros de las categor\u00edas 1\u00aa y 2\u00aa) por una tarifa pagadera en el momento de la reserva. Deben mantenerse con correa permanente. Est\u00e1n prohibidos en los alrededores de las piscinas, en los comercios de alimentos y en los edificios. La libreta de vacunaci\u00f3n para perros y gatos deber\u00e1 estar actualizada.<\/p>\n<p><strong>10.IMAGE<\/strong><\/p>\n<p>Usted autoriza expresamente y sin contrapartida, CAMPING PARADIS AUBETERRE a utilizar fotograf\u00edas y\/o pel\u00edculas que pudieran tomarse durante su estancia para las necesidades de comunicaci\u00f3n del grupo Camping Paradis.<\/p>\n<p>Todo turista que se niegue a ser fotografiado o filmado durante su estancia deber\u00e1 comunicarlo previamente y por escrito a CAMPING PARADIS AUBETERRE. Tambi\u00e9n autoriza su difusi\u00f3n, publicaci\u00f3n y comercializaci\u00f3n en cualquier tipo de material que pueda utilizarse.<\/p>\n<p><strong>11.LITIGIO<\/strong><\/p>\n<ul>\n<li>Toda reclamaci\u00f3n eventual relativa a la no conformidad de las prestaciones con los compromisos contractuales puede se\u00f1alarse por carta certificada con acuse de recibo al CAMPING PARADIS AUBETERRE Route de Rib\u00e9rac 16390 AUBETERRE SUR DRONNE.<\/li>\n<\/ul>\n<p><strong>12.MEDIACI\u00d3N<\/strong><\/p>\n<p>En caso de litigio, puede ponerse en contacto con nosotros de la siguiente manera:<\/p>\n<ol>\n<li>Env\u00edo de un correo por carta certificada con acuse de recibo al CAMPING PARADIS AUBETERRE Route de Rib\u00e9rac 16390 AUBETERRE SUR DRONNE en un plazo de 8 d\u00edas a partir del final de la estancia.<\/li>\n<\/ol>\n<p><strong>13.RESPONSABILIDAD CAMPING PARADIS AUBETERRE<\/strong><\/p>\n<p>El cliente reconoce expresamente que CAMPING PARADIS AUBETERRE SUR DRONEne podr\u00e1 ser considerado responsable, debido a la comunicaci\u00f3n de sus socios. Todas las fotos y textos utilizados en el sitio web de CAMPING PARADIS AUBETERRE no son contractuales. S\u00f3lo tienen car\u00e1cter indicativo.<\/p>\n<p><strong>14.INFORM\u00c1TICA Y LIBERTAD<\/strong><\/p>\n<p>La informaci\u00f3n que nos proporcione con motivo de su pedido no se transmitir\u00e1 a terceros. Esta informaci\u00f3n ser\u00e1 considerada por CAMPING PARADIS AUBETERRE como confidencial. Ser\u00e1n utilizadas \u00fanicamente por CAMPING PARADIS AUBETERRE, para el tratamiento de su pedido y para reforzar y personalizar la comunicaci\u00f3n y la oferta de servicios reservados a los clientes de CAMPING PARADIS AUBETERRE en funci\u00f3n de sus intereses. De conformidad con la Ley de Inform\u00e1tica y Libertades de 6 de enero de 1978, usted tiene derecho de acceso, rectificaci\u00f3n y oposici\u00f3n a sus datos personales. Para ello, basta con solicitarlo por correo a la siguiente direcci\u00f3n: CAMPING PARADIS AUBETERRE Route de Rib\u00e9rac 16390 AUBETERRE SUR DRONNE, indicando su nombre, apellidos y direcci\u00f3n.[\/vc_column_text][\/vc_column][\/vc_row]<\/p>\n<\/div>","protected":false},"excerpt":{"rendered":"<p>[vc_row][vc_column width=\u00bb1\/1&#8243;][vc_column_text]&nbsp; &nbsp; CONDICIONES GENERALES DE VENTA CAMPING PARADIS PREAMBULO Las presentes Condiciones Generales de Venta se aplican a todas [&hellip;]<\/p>\n","protected":false},"author":4,"featured_media":0,"parent":0,"menu_order":0,"comment_status":"closed","ping_status":"closed","template":"","meta":{"footnotes":""},"class_list":["post-83788","page","type-page","status-publish","hentry"],"yoast_head":"<!-- This site is optimized with the Yoast SEO plugin v24.8.1 - https:\/\/yoast.com\/wordpress\/plugins\/seo\/ -->\n<title>TCG | Camping Aubeterre sur Dronne<\/title>\n<meta name=\"robots\" content=\"index, follow, max-snippet:-1, max-image-preview:large, max-video-preview:-1\" \/>\n<link rel=\"canonical\" href=\"https:\/\/www.camping-aubeterre-sur-dronne.fr\/es\/tcg\/\" \/>\n<meta property=\"og:locale\" content=\"es_ES\" \/>\n<meta property=\"og:type\" content=\"article\" \/>\n<meta property=\"og:title\" content=\"TCG | Camping Aubeterre sur Dronne\" \/>\n<meta property=\"og:description\" content=\"[vc_row][vc_column width=\u00bb1\/1&#8243;][vc_column_text]&nbsp; &nbsp; CONDICIONES GENERALES DE VENTA CAMPING PARADIS PREAMBULO Las presentes Condiciones Generales de Venta se aplican a todas [&hellip;]\" \/>\n<meta property=\"og:url\" content=\"https:\/\/www.camping-aubeterre-sur-dronne.fr\/es\/tcg\/\" \/>\n<meta property=\"og:site_name\" content=\"Camping Aubeterre sur Dronne\" \/>\n<meta property=\"article:publisher\" content=\"https:\/\/www.facebook.com\/Camping-Aubeterre-Snack-de-la-plage-1280979968719503\/\" \/>\n<meta property=\"article:modified_time\" content=\"2022-09-14T16:32:28+00:00\" \/>\n<meta name=\"twitter:card\" content=\"summary_large_image\" \/>\n<meta name=\"twitter:label1\" content=\"Tiempo de lectura\" \/>\n\t<meta name=\"twitter:data1\" content=\"11 minutos\" \/>\n<script type=\"application\/ld+json\" class=\"yoast-schema-graph\">{\"@context\":\"https:\/\/schema.org\",\"@graph\":[{\"@type\":\"WebPage\",\"@id\":\"https:\/\/www.camping-aubeterre-sur-dronne.fr\/es\/tcg\/\",\"url\":\"https:\/\/www.camping-aubeterre-sur-dronne.fr\/es\/tcg\/\",\"name\":\"TCG | Camping Aubeterre sur Dronne\",\"isPartOf\":{\"@id\":\"https:\/\/www.camping-aubeterre-sur-dronne.fr\/es\/#website\"},\"datePublished\":\"2022-09-14T16:32:25+00:00\",\"dateModified\":\"2022-09-14T16:32:28+00:00\",\"breadcrumb\":{\"@id\":\"https:\/\/www.camping-aubeterre-sur-dronne.fr\/es\/tcg\/#breadcrumb\"},\"inLanguage\":\"es\",\"potentialAction\":[{\"@type\":\"ReadAction\",\"target\":[\"https:\/\/www.camping-aubeterre-sur-dronne.fr\/es\/tcg\/\"]}]},{\"@type\":\"BreadcrumbList\",\"@id\":\"https:\/\/www.camping-aubeterre-sur-dronne.fr\/es\/tcg\/#breadcrumb\",\"itemListElement\":[{\"@type\":\"ListItem\",\"position\":1,\"name\":\"Accueil\",\"item\":\"https:\/\/www.camping-aubeterre-sur-dronne.fr\/es\/\"},{\"@type\":\"ListItem\",\"position\":2,\"name\":\"TCG\"}]},{\"@type\":\"WebSite\",\"@id\":\"https:\/\/www.camping-aubeterre-sur-dronne.fr\/es\/#website\",\"url\":\"https:\/\/www.camping-aubeterre-sur-dronne.fr\/es\/\",\"name\":\"Camping Aubeterre sur Dronne\",\"description\":\"Camping et base de loisirs\",\"publisher\":{\"@id\":\"https:\/\/www.camping-aubeterre-sur-dronne.fr\/es\/#organization\"},\"potentialAction\":[{\"@type\":\"SearchAction\",\"target\":{\"@type\":\"EntryPoint\",\"urlTemplate\":\"https:\/\/www.camping-aubeterre-sur-dronne.fr\/es\/?s={search_term_string}\"},\"query-input\":{\"@type\":\"PropertyValueSpecification\",\"valueRequired\":true,\"valueName\":\"search_term_string\"}}],\"inLanguage\":\"es\"},{\"@type\":\"Organization\",\"@id\":\"https:\/\/www.camping-aubeterre-sur-dronne.fr\/es\/#organization\",\"name\":\"Camping Aubeterre sur Dronne\",\"url\":\"https:\/\/www.camping-aubeterre-sur-dronne.fr\/es\/\",\"logo\":{\"@type\":\"ImageObject\",\"inLanguage\":\"es\",\"@id\":\"https:\/\/www.camping-aubeterre-sur-dronne.fr\/es\/#\/schema\/logo\/image\/\",\"url\":\"https:\/\/www.camping-aubeterre-sur-dronne.fr\/wp-content\/uploads\/2019\/05\/logo-camping.png\",\"contentUrl\":\"https:\/\/www.camping-aubeterre-sur-dronne.fr\/wp-content\/uploads\/2019\/05\/logo-camping.png\",\"width\":500,\"height\":260,\"caption\":\"Camping Aubeterre sur Dronne\"},\"image\":{\"@id\":\"https:\/\/www.camping-aubeterre-sur-dronne.fr\/es\/#\/schema\/logo\/image\/\"},\"sameAs\":[\"https:\/\/www.facebook.com\/Camping-Aubeterre-Snack-de-la-plage-1280979968719503\/\"]}]}<\/script>\n<!-- \/ Yoast SEO plugin. -->","yoast_head_json":{"title":"TCG | Camping Aubeterre sur Dronne","robots":{"index":"index","follow":"follow","max-snippet":"max-snippet:-1","max-image-preview":"max-image-preview:large","max-video-preview":"max-video-preview:-1"},"canonical":"https:\/\/www.camping-aubeterre-sur-dronne.fr\/es\/tcg\/","og_locale":"es_ES","og_type":"article","og_title":"TCG | Camping Aubeterre sur Dronne","og_description":"[vc_row][vc_column width=\u00bb1\/1&#8243;][vc_column_text]&nbsp; &nbsp; CONDICIONES GENERALES DE VENTA CAMPING PARADIS PREAMBULO Las presentes Condiciones Generales de Venta se aplican a todas [&hellip;]","og_url":"https:\/\/www.camping-aubeterre-sur-dronne.fr\/es\/tcg\/","og_site_name":"Camping Aubeterre sur Dronne","article_publisher":"https:\/\/www.facebook.com\/Camping-Aubeterre-Snack-de-la-plage-1280979968719503\/","article_modified_time":"2022-09-14T16:32:28+00:00","twitter_card":"summary_large_image","twitter_misc":{"Tiempo de lectura":"11 minutos"},"schema":{"@context":"https:\/\/schema.org","@graph":[{"@type":"WebPage","@id":"https:\/\/www.camping-aubeterre-sur-dronne.fr\/es\/tcg\/","url":"https:\/\/www.camping-aubeterre-sur-dronne.fr\/es\/tcg\/","name":"TCG | Camping Aubeterre sur Dronne","isPartOf":{"@id":"https:\/\/www.camping-aubeterre-sur-dronne.fr\/es\/#website"},"datePublished":"2022-09-14T16:32:25+00:00","dateModified":"2022-09-14T16:32:28+00:00","breadcrumb":{"@id":"https:\/\/www.camping-aubeterre-sur-dronne.fr\/es\/tcg\/#breadcrumb"},"inLanguage":"es","potentialAction":[{"@type":"ReadAction","target":["https:\/\/www.camping-aubeterre-sur-dronne.fr\/es\/tcg\/"]}]},{"@type":"BreadcrumbList","@id":"https:\/\/www.camping-aubeterre-sur-dronne.fr\/es\/tcg\/#breadcrumb","itemListElement":[{"@type":"ListItem","position":1,"name":"Accueil","item":"https:\/\/www.camping-aubeterre-sur-dronne.fr\/es\/"},{"@type":"ListItem","position":2,"name":"TCG"}]},{"@type":"WebSite","@id":"https:\/\/www.camping-aubeterre-sur-dronne.fr\/es\/#website","url":"https:\/\/www.camping-aubeterre-sur-dronne.fr\/es\/","name":"Camping Aubeterre sur Dronne","description":"Camping et base de loisirs","publisher":{"@id":"https:\/\/www.camping-aubeterre-sur-dronne.fr\/es\/#organization"},"potentialAction":[{"@type":"SearchAction","target":{"@type":"EntryPoint","urlTemplate":"https:\/\/www.camping-aubeterre-sur-dronne.fr\/es\/?s={search_term_string}"},"query-input":{"@type":"PropertyValueSpecification","valueRequired":true,"valueName":"search_term_string"}}],"inLanguage":"es"},{"@type":"Organization","@id":"https:\/\/www.camping-aubeterre-sur-dronne.fr\/es\/#organization","name":"Camping Aubeterre sur Dronne","url":"https:\/\/www.camping-aubeterre-sur-dronne.fr\/es\/","logo":{"@type":"ImageObject","inLanguage":"es","@id":"https:\/\/www.camping-aubeterre-sur-dronne.fr\/es\/#\/schema\/logo\/image\/","url":"https:\/\/www.camping-aubeterre-sur-dronne.fr\/wp-content\/uploads\/2019\/05\/logo-camping.png","contentUrl":"https:\/\/www.camping-aubeterre-sur-dronne.fr\/wp-content\/uploads\/2019\/05\/logo-camping.png","width":500,"height":260,"caption":"Camping Aubeterre sur Dronne"},"image":{"@id":"https:\/\/www.camping-aubeterre-sur-dronne.fr\/es\/#\/schema\/logo\/image\/"},"sameAs":["https:\/\/www.facebook.com\/Camping-Aubeterre-Snack-de-la-plage-1280979968719503\/"]}]}},"_links":{"self":[{"href":"https:\/\/www.camping-aubeterre-sur-dronne.fr\/es\/wp-json\/wp\/v2\/pages\/83788","targetHints":{"allow":["GET"]}}],"collection":[{"href":"https:\/\/www.camping-aubeterre-sur-dronne.fr\/es\/wp-json\/wp\/v2\/pages"}],"about":[{"href":"https:\/\/www.camping-aubeterre-sur-dronne.fr\/es\/wp-json\/wp\/v2\/types\/page"}],"author":[{"embeddable":true,"href":"https:\/\/www.camping-aubeterre-sur-dronne.fr\/es\/wp-json\/wp\/v2\/users\/4"}],"replies":[{"embeddable":true,"href":"https:\/\/www.camping-aubeterre-sur-dronne.fr\/es\/wp-json\/wp\/v2\/comments?post=83788"}],"version-history":[{"count":7,"href":"https:\/\/www.camping-aubeterre-sur-dronne.fr\/es\/wp-json\/wp\/v2\/pages\/83788\/revisions"}],"predecessor-version":[{"id":83796,"href":"https:\/\/www.camping-aubeterre-sur-dronne.fr\/es\/wp-json\/wp\/v2\/pages\/83788\/revisions\/83796"}],"wp:attachment":[{"href":"https:\/\/www.camping-aubeterre-sur-dronne.fr\/es\/wp-json\/wp\/v2\/media?parent=83788"}],"curies":[{"name":"wp","href":"https:\/\/api.w.org\/{rel}","templated":true}]}}